{"id":56330,"date":"2021-02-06T09:46:00","date_gmt":"2021-02-06T08:46:00","guid":{"rendered":"https:\/\/www.customeeple.com\/?post_type=product&#038;p=56330"},"modified":"2024-05-27T10:05:49","modified_gmt":"2024-05-27T09:05:49","slug":"pictures","status":"publish","type":"product","link":"https:\/\/www.customeeple.com\/es\/producto\/pictures\/","title":{"rendered":"Pictures (ESP)"},"content":{"rendered":"<div class=\"p_collection\">\n<div id=\"primary_block\" class=\"clearfix\">\n<div class=\"add-top p_collection\">\n<p><b>Edici\u00f3n en espa\u00f1ol y portugu\u00e9s<\/b><\/p>\n<p><i>\u00a1Pon a prueba tu imaginaci\u00f3n para recrear con diversos elementos distintas fotograf\u00edas!<\/i><\/p>\n<p>En Pictures, los jugadores tendr\u00e1n que recrear las im\u00e1genes que se encuentran en una cuadr\u00edcula utilizando distintos componentes, que ir\u00e1n rotando entre los jugadores en cada ronda. Cada jugador recibir\u00e1 un set compuesto de cubos de madera de colores, bloques de construcci\u00f3n, piedras y palitos naturales, 2 cordones de tama\u00f1o diferente o varias tarjetas pictogr\u00e1ficas, adem\u00e1s de una coordenada en la cuadr\u00edcula que forman las im\u00e1genes. Despu\u00e9s, recibir\u00e1n 2 fichas que determinar\u00e1n qu\u00e9 ilustraci\u00f3n deben recrear.<\/p>\n<p><b>\u00bfC\u00f3mo se juega?<\/b><\/p>\n<p>Jugar a Pictures es muy sencillo, solo hay que desplegar las 16 cartas de im\u00e1genes en el centro de la mesa, identificar con letras (A, B, C, D) y n\u00fameros (1, 2, 3, 4) las filas y columnas, repartir un componente a cada jugador para recrear la imagen (figuras de madera, palos y piedras, cubos de colores, cordones de zapato y cartas con iconos) y anotar en la hoja de puntuaci\u00f3n los nombres de cada uno de los jugadores<\/p>\n<p>Luego cada jugador coge de la bolsa de tela una ficha que identifica que imagen debe recrear, con las coordenadas de filas y columnas (A3, D1, etc\u2026), la ve y coloca boca abajo frente a \u00e9l.<\/p>\n<p>Y entonces manos a la obra, con los componentes que le han correspondido a cada jugador tienen que tratar de reflejar lo m\u00e1s fielmente posible la imagen que le haya tocado.<\/p>\n<p>Y comienzan las risas flojas \u00bfque tengo que recrear qu\u00e9 con qu\u00e9?&#8230;<\/p>\n<p>Trascurrido un tiempo (por defecto no se establece un l\u00edmite oficial de tiempo cada grupo de juego debe determinar cu\u00e1l considera el adecuado) se dice stop y cada jugador anota en la hoja de puntuaci\u00f3n que imagen cree que ha recreado cada uno de los otros jugadores.<\/p>\n<p>Y entonces vienen las carcajadas, cada jugador da la vuelta a su ficha de coordenadas y explica c\u00f3mo ha recreado la imagen<\/p>\n<p>Finalmente se verifica qui\u00e9n ha adivinado qu\u00e9 imagen, cuando se adivina una imagen el jugador que la ha recreado obtiene un punto y el que la ha adivinado otro, se suman los puntos y acaba la ronda.<\/p>\n<p>Cada jugador pasa sus componentes al jugador que tiene a su izquierda y volvemos a empezar. Transcurridas cinco rondas acaba el juego se suman los puntos y el jugador que haya obtenido m\u00e1s puntos gana.<\/p>\n<p>Contenido:<\/p>\n<p>\u2022 91 tarjetas con fotograf\u00eda (a doble cara)<br \/>\n\u2022 48 marcadores de coordenadas<br \/>\n\u2022 1 set de 24 cubos de madera y un marco de cart\u00f3n<br \/>\n\u2022 6 bloques de construcci\u00f3n de madera<br \/>\n\u2022 4 palos y 4 piedras naturales (variables en cada copia)<br \/>\n\u2022 19 tarjetas pictogr\u00e1ficas<br \/>\n\u2022 2 cordones de longitud diferente<br \/>\n\u2022 4 marcadores de n\u00famero<br \/>\n\u2022 4 marcadores de letra<br \/>\n\u2022 4 indicadores de foto<br \/>\n\u2022 1 bolsa de tela<br \/>\n\u2022 1 bloc de notas<\/p>\n<p><b>PREMIOS<\/b><br \/>\n\u2022 Ganador del \u201cOscar\u201d de la \u201cAcademia Alemana de Juegos de Mesa\u201d Spiel des Jahres en el a\u0144o 2020<\/p>\n<\/div>\n<\/div>\n<\/div>\n<div class=\"product_components double-top add-border\">\n<div>\n<p><strong>Cantidad de jugadores<\/strong>: 3 a 5\u00a0 jugadores<\/p>\n<p><strong>Duraci\u00f3n<\/strong>: 30 minutos<\/p>\n<p><strong>Edad<\/strong>: +8 a\u00f1os<\/p>\n<p><strong>Idioma<\/strong>: Espa\u00f1ol<\/p>\n<\/div>\n<div><\/div>\n<\/div>\n","protected":false},"excerpt":{"rendered":"<p>Boardgame.<\/p>\n","protected":false},"featured_media":56318,"template":"","meta":{"_acf_changed":false},"product_brand":[],"product_cat":[1561,1557,1653,1556,1180],"product_tag":[1264,1280,1810,1809],"class_list":{"0":"post-56330","1":"product","2":"type-product","3":"status-publish","4":"has-post-thumbnail","6":"product_cat-familiar-es","7":"product_cat-card-game-es","8":"product_cat-boardgames","9":"product_cat-board-games-es","10":"product_cat-retail-products-es","11":"product_tag-boardgame-es","12":"product_tag-juego-de-mesa-es","13":"product_tag-masqueoca-es","14":"product_tag-mqo-es","16":"first","17":"instock","18":"sale","19":"taxable","20":"shipping-taxable","21":"purchasable","22":"product-type-simple"},"exclude_global_add_ons":[],"addons":[],"acf":[],"_links":{"self":[{"href":"https:\/\/www.customeeple.com\/es\/wp-json\/wp\/v2\/product\/56330","targetHints":{"allow":["GET"]}}],"collection":[{"href":"https:\/\/www.customeeple.com\/es\/wp-json\/wp\/v2\/product"}],"about":[{"href":"https:\/\/www.customeeple.com\/es\/wp-json\/wp\/v2\/types\/product"}],"wp:featuredmedia":[{"embeddable":true,"href":"https:\/\/www.customeeple.com\/es\/wp-json\/wp\/v2\/media\/56318"}],"wp:attachment":[{"href":"https:\/\/www.customeeple.com\/es\/wp-json\/wp\/v2\/media?parent=56330"}],"wp:term":[{"taxonomy":"product_brand","embeddable":true,"href":"https:\/\/www.customeeple.com\/es\/wp-json\/wp\/v2\/product_brand?post=56330"},{"taxonomy":"product_cat","embeddable":true,"href":"https:\/\/www.customeeple.com\/es\/wp-json\/wp\/v2\/product_cat?post=56330"},{"taxonomy":"product_tag","embeddable":true,"href":"https:\/\/www.customeeple.com\/es\/wp-json\/wp\/v2\/product_tag?post=56330"}],"curies":[{"name":"wp","href":"https:\/\/api.w.org\/{rel}","templated":true}]}}