{"id":56276,"date":"2021-01-30T13:49:49","date_gmt":"2021-01-30T12:49:49","guid":{"rendered":"https:\/\/www.customeeple.com\/?post_type=product&#038;p=56276"},"modified":"2026-03-25T11:54:53","modified_gmt":"2026-03-25T10:54:53","slug":"storm-speeder","status":"publish","type":"product","link":"https:\/\/www.customeeple.com\/es\/producto\/storm-speeder\/","title":{"rendered":"Storm Speeder de los Space Marines"},"content":{"rendered":"<p>Este kit tambi\u00e9n permite montar un\u00a0 Storm Speeder Hailstrike o Storm Speeder Hammerstrike o Storm Speeder Thunderstrike. Se suministra con una peana redonda Citadel de 90 mm y un m\u00e1stil para voladores.<\/p>\n<p>El Hailstrike est\u00e1 tan fuertemente armado que puede aniquilar franjas enteras de infanter\u00eda en descargas de proyectiles abrasadores. Acelerando sobre el campo de batalla, su equipo especializado destruye formaciones a la carga y barricadas y defensas con la misma facilidad. Un Storm Speeder Hailstrike agrega potencia anti-infanter\u00eda de r\u00e1pido movimiento a tu colecci\u00f3n de Marines Espaciales. Elige esta versi\u00f3n del Storm Speeder si te enfrentas a ej\u00e9rcitos como Orkos o Genestealer Cults, o cualquier fuerza con muchas unidades con armadura ligera.<br \/>\nEl Hammerstrike destaca en erradicar enemigos de las redes de trincheras y b\u00fankeres. Desliz\u00e1ndose a baja altura sobre el campo de batalla, usa r\u00e1fagas de fusi\u00f3n abrasadoras y descargas de cohetes para abrir las l\u00edneas de defensa del enemigo.<\/p>\n<p>Un Storm Speeder Hammerstrike lleva armas dise\u00f1adas para perforar armaduras gruesas y destruir b\u00fankeres. Si lo montas como esta variante de Storm Speeder es probable que te enfrentes a un enemigo atrincherado con muchas fortificaciones a las que enfrentarse.<\/p>\n<p>Los Thunderstrikes aventajan al enemigo a cada paso, apuntando a puntos vulnerables en armaduras, tanques de combustible y tolvas de misiles para convertir los motores de guerra en furiosas bolas de fuego. Solo un Thunderstrike es capaz de destruir los intentos de avance blindados, y cuando uno est\u00e1 en el campo de batalla, pocos enemigos est\u00e1n a salvo.<\/p>\n<p>Un Storm Speeder Thunderstrike es un veloz cazador de tanques. A\u00f1\u00e1delo a tu fuerza si a tu oponente le gusta usar muchos veh\u00edculos fuertemente blindados: \u00a1sus misiles y espolones l\u00e1ser los atravesar\u00e1n en poco tiempo!<\/p>\n<p>Este kit incluye 94 piezas.<\/p>\n","protected":false},"excerpt":{"rendered":"<p>Games Workshop miniature.<\/p>\n","protected":false},"featured_media":56251,"template":"","meta":{"_acf_changed":false},"product_brand":[],"product_cat":[1177,1180,1372,1623,1229],"product_tag":[1179,1740,787],"class_list":{"0":"post-56276","1":"product","2":"type-product","3":"status-publish","4":"has-post-thumbnail","6":"product_cat-games-workshop-es","7":"product_cat-retail-products-es","8":"product_cat-sci-fi-es","9":"product_cat-wargames-es-2","10":"product_cat-warhammer-40k-es","11":"product_tag-gamesworkshop-es","12":"product_tag-space-marines-es","13":"product_tag-warhammer-40k-es-2","15":"first","16":"onbackorder","17":"sale","18":"taxable","19":"shipping-taxable","20":"purchasable","21":"product-type-simple"},"exclude_global_add_ons":[],"addons":[],"acf":[],"_links":{"self":[{"href":"https:\/\/www.customeeple.com\/es\/wp-json\/wp\/v2\/product\/56276","targetHints":{"allow":["GET"]}}],"collection":[{"href":"https:\/\/www.customeeple.com\/es\/wp-json\/wp\/v2\/product"}],"about":[{"href":"https:\/\/www.customeeple.com\/es\/wp-json\/wp\/v2\/types\/product"}],"wp:featuredmedia":[{"embeddable":true,"href":"https:\/\/www.customeeple.com\/es\/wp-json\/wp\/v2\/media\/56251"}],"wp:attachment":[{"href":"https:\/\/www.customeeple.com\/es\/wp-json\/wp\/v2\/media?parent=56276"}],"wp:term":[{"taxonomy":"product_brand","embeddable":true,"href":"https:\/\/www.customeeple.com\/es\/wp-json\/wp\/v2\/product_brand?post=56276"},{"taxonomy":"product_cat","embeddable":true,"href":"https:\/\/www.customeeple.com\/es\/wp-json\/wp\/v2\/product_cat?post=56276"},{"taxonomy":"product_tag","embeddable":true,"href":"https:\/\/www.customeeple.com\/es\/wp-json\/wp\/v2\/product_tag?post=56276"}],"curies":[{"name":"wp","href":"https:\/\/api.w.org\/{rel}","templated":true}]}}