{"id":56270,"date":"2021-01-30T13:29:27","date_gmt":"2021-01-30T12:29:28","guid":{"rendered":"https:\/\/www.customeeple.com\/?post_type=product&#038;p=56270"},"modified":"2021-03-23T12:10:59","modified_gmt":"2021-03-23T11:10:59","slug":"bladeguard-veterans","status":"publish","type":"product","link":"https:\/\/www.customeeple.com\/es\/producto\/bladeguard-veterans\/","title":{"rendered":"Guardahojas Veteranos de los Space Marines"},"content":{"rendered":"<p>Los Guardahojas Veteranos son guerreros inexorables que avanzan sin descanso con las espadas en alto, la imagen misma de los nobles caballeros del mito. Cada uno de estos Marines Espaciales tiene una vasta experiencia, son miembros de la \u00e9lite de la Primera Compa\u00f1\u00eda de Veteranos de su Cap\u00edtulo, y ha luchado para preservar el Imperium en innumerables mundos.<\/p>\n<p>Lidera la carga con estos maestros del combate cuerpo a cuerpo. Cada uno est\u00e1 armado con una espada de energ\u00eda dise\u00f1ada por maestros y equipado con un escudo de tormenta. Existe la opci\u00f3n de convertir a uno de los miembros de la escuadra en sargento. El kit tambi\u00e9n incluye m\u00faltiples variantes de cabeza, placa basculante, pistola y funda, as\u00ed como opciones de pistola de plasma y pistola neo-volkite para el sargento. Estos veteranos curtidos llevan las mejores armaduras, que lucen espl\u00e9ndidamente con los colores de cualquier Cap\u00edtulo.<\/p>\n<p>Con este kit de pl\u00e1stico de 78 piezas puedes montar tres Guardahojas Veteranos y se suministra con tres peanas redondas Citadel de 40 mm. Tambi\u00e9n se suministra con una hoja de calcoman\u00edas de Infanter\u00eda Ultramarine.<\/p>\n","protected":false},"excerpt":{"rendered":"<p>Games Workshop Miniature.<\/p>\n","protected":false},"featured_media":56247,"template":"","meta":{"_acf_changed":false},"product_brand":[],"product_cat":[1177,1180,1372,1623,1229],"product_tag":[1179,1740,787],"class_list":{"0":"post-56270","1":"product","2":"type-product","3":"status-publish","4":"has-post-thumbnail","6":"product_cat-games-workshop-es","7":"product_cat-retail-products-es","8":"product_cat-sci-fi-es","9":"product_cat-wargames-es-2","10":"product_cat-warhammer-40k-es","11":"product_tag-gamesworkshop-es","12":"product_tag-space-marines-es","13":"product_tag-warhammer-40k-es-2","15":"first","16":"onbackorder","17":"sale","18":"taxable","19":"shipping-taxable","20":"purchasable","21":"product-type-simple"},"exclude_global_add_ons":[],"addons":[],"acf":[],"_links":{"self":[{"href":"https:\/\/www.customeeple.com\/es\/wp-json\/wp\/v2\/product\/56270","targetHints":{"allow":["GET"]}}],"collection":[{"href":"https:\/\/www.customeeple.com\/es\/wp-json\/wp\/v2\/product"}],"about":[{"href":"https:\/\/www.customeeple.com\/es\/wp-json\/wp\/v2\/types\/product"}],"wp:featuredmedia":[{"embeddable":true,"href":"https:\/\/www.customeeple.com\/es\/wp-json\/wp\/v2\/media\/56247"}],"wp:attachment":[{"href":"https:\/\/www.customeeple.com\/es\/wp-json\/wp\/v2\/media?parent=56270"}],"wp:term":[{"taxonomy":"product_brand","embeddable":true,"href":"https:\/\/www.customeeple.com\/es\/wp-json\/wp\/v2\/product_brand?post=56270"},{"taxonomy":"product_cat","embeddable":true,"href":"https:\/\/www.customeeple.com\/es\/wp-json\/wp\/v2\/product_cat?post=56270"},{"taxonomy":"product_tag","embeddable":true,"href":"https:\/\/www.customeeple.com\/es\/wp-json\/wp\/v2\/product_tag?post=56270"}],"curies":[{"name":"wp","href":"https:\/\/api.w.org\/{rel}","templated":true}]}}