{"id":56202,"date":"2021-01-25T10:41:14","date_gmt":"2021-01-25T09:41:15","guid":{"rendered":"https:\/\/www.customeeple.com\/?post_type=product&#038;p=56202"},"modified":"2021-03-02T12:22:30","modified_gmt":"2021-03-02T11:22:30","slug":"inserto-compatible-patchwork","status":"publish","type":"product","link":"https:\/\/www.customeeple.com\/es\/producto\/inserto-compatible-patchwork\/","title":{"rendered":"Inserto compatible Patchwork"},"content":{"rendered":"<p>Este es un inserto de juego dise\u00f1ado para el juego Patchwork que te permite tener en orden todas las piezas que vienen en el. Tambi\u00e9n acelera la configuraci\u00f3n y mejorar el flujo del juego al tener todos los botones en su lugar y en orden.<\/p>\n<p>Consta de 2 cajas, una para las piezas del juego y una para los botones y las piezas extra peque\u00f1as.<\/p>\n<div class=\"moreinfo\"><strong>Material: <\/strong>DM<\/div>\n<div class=\"moreinfo\"><strong>Espesor:<\/strong> 2,5 mm<br \/>\n<strong>Tama\u00f1o:<\/strong> 19,5 x 19,5x 3,7 cm<\/div>\n<div class=\"moreinfo\">\n<p dir=\"ltr\"><span class=\"JLqJ4b ChMk0b\" data-language-for-alternatives=\"es\" data-language-to-translate-into=\"fr\" data-phrase-index=\"0\"><strong>Nota:<\/strong> este producto se vende sin montar .<\/span> <span class=\"JLqJ4b ChMk0b\" data-language-for-alternatives=\"es\" data-language-to-translate-into=\"fr\" data-phrase-index=\"1\">Necesitar\u00e1s pegamento para montarlo.<\/span><\/p>\n<p><strong><a href=\"https:\/\/boardgamegeek.com\/boardgame\/163412\/patchwork\">Patchwork<\/a>\u00a0<\/strong>es un juego de <a href=\"https:\/\/boardgamegeek.com\/boardgamedesigner\/10\/uwe-rosenberg\">Uwe Rosemberg<\/a> publicado por <a href=\"https:\/\/boardgamegeek.com\/boardgamepublisher\/10\/mayfair-games\">Mayfair Games<\/a>. <strong>Customeeple<\/strong>\u00a0<strong>Customeeple<\/strong>\u00a0no mantiene ninguna relaci\u00f3n con esta compa\u00f1\u00eda y este producto no esta apoyado por ellos de ninguna forma.<\/p>\n<\/div>\n","protected":false},"excerpt":{"rendered":"<p>Un resistente inserto pensado para cajas de <strong>30,2 x 21 x 3<\/strong><\/p>\n","protected":false},"featured_media":56206,"template":"","meta":{"_acf_changed":false},"product_brand":[],"product_cat":[191,1370,1395],"product_tag":[656,332,1450,1455,1652],"class_list":{"0":"post-56202","1":"product","2":"type-product","3":"status-publish","4":"has-post-thumbnail","6":"product_cat-accesorios","7":"product_cat-customeeple-es","8":"product_cat-insertos","9":"product_tag-arkham-horror-es-2","10":"product_tag-insert-es","11":"product_tag-keyforge-es","12":"product_tag-lgc-es","13":"product_tag-malifaux-es-2","15":"first","16":"instock","17":"taxable","18":"shipping-taxable","19":"purchasable","20":"product-type-simple"},"exclude_global_add_ons":[],"addons":[],"acf":[],"_links":{"self":[{"href":"https:\/\/www.customeeple.com\/es\/wp-json\/wp\/v2\/product\/56202","targetHints":{"allow":["GET"]}}],"collection":[{"href":"https:\/\/www.customeeple.com\/es\/wp-json\/wp\/v2\/product"}],"about":[{"href":"https:\/\/www.customeeple.com\/es\/wp-json\/wp\/v2\/types\/product"}],"wp:featuredmedia":[{"embeddable":true,"href":"https:\/\/www.customeeple.com\/es\/wp-json\/wp\/v2\/media\/56206"}],"wp:attachment":[{"href":"https:\/\/www.customeeple.com\/es\/wp-json\/wp\/v2\/media?parent=56202"}],"wp:term":[{"taxonomy":"product_brand","embeddable":true,"href":"https:\/\/www.customeeple.com\/es\/wp-json\/wp\/v2\/product_brand?post=56202"},{"taxonomy":"product_cat","embeddable":true,"href":"https:\/\/www.customeeple.com\/es\/wp-json\/wp\/v2\/product_cat?post=56202"},{"taxonomy":"product_tag","embeddable":true,"href":"https:\/\/www.customeeple.com\/es\/wp-json\/wp\/v2\/product_tag?post=56202"}],"curies":[{"name":"wp","href":"https:\/\/api.w.org\/{rel}","templated":true}]}}