{"id":56171,"date":"2021-01-21T14:06:40","date_gmt":"2021-01-21T13:06:40","guid":{"rendered":"https:\/\/www.customeeple.com\/?post_type=product&#038;p=56171"},"modified":"2021-01-22T16:10:50","modified_gmt":"2021-01-22T15:10:50","slug":"expositor-en-escalera-para-vitrina","status":"publish","type":"product","link":"https:\/\/www.customeeple.com\/es\/producto\/expositor-en-escalera-para-vitrina\/","title":{"rendered":"Expositor en escalera para vitrina"},"content":{"rendered":"<div class=\"add-top p_collection\">\n<p>Escalera de acr\u00edlico para exhibir tus miniaturas, mu\u00f1ecos de acci\u00f3n o estatuas.<\/p>\n<p>Est\u00e1 dise\u00f1ado para caber dentro de la vitrina Detolf de IKEA, con 2 de nuestros expositores encajan perfectamente en un estante Detolf que lo cubre de lado a lado.<\/p>\n<\/div>\n<div class=\"moreinfo\">\n<p><strong>Material:<\/strong> aetacrilato<\/p>\n<p dir=\"ltr\"><strong>Espesor:<\/strong> 2 mm<\/p>\n<p dir=\"ltr\"><strong>Tama\u00f1o: <\/strong>189 x 110 x 170 mm<strong><br \/>\n<\/strong><\/p>\n<\/div>\n<div class=\"infopreorder\"><strong>\u00a0Cantidad: <\/strong>\u00a01 Expositor<\/div>\n<div><\/div>\n<div class=\"infopreorder\"><strong>Nota:<\/strong> El producto se vende sin montar ni pintar, necesitar\u00e1s pegamento para ensamablarlo.<\/div>\n","protected":false},"excerpt":{"rendered":"<p>Perfecto para vitrina Detolf<\/p>\n","protected":false},"featured_media":56179,"template":"","meta":{"_acf_changed":false},"product_brand":[],"product_cat":[191,2136,1370,1399,1398,1401],"product_tag":[1324],"class_list":{"0":"post-56171","1":"product","2":"type-product","3":"status-publish","4":"has-post-thumbnail","6":"product_cat-accesorios","7":"product_cat-art-es","8":"product_cat-customeeple-es","9":"product_cat-escenografia-es","10":"product_cat-paintrack-es","11":"product_cat-pintura-y-modelismo","12":"product_tag-aristeia-es","14":"first","15":"instock","16":"taxable","17":"shipping-taxable","18":"purchasable","19":"product-type-simple"},"exclude_global_add_ons":[],"addons":[],"acf":[],"_links":{"self":[{"href":"https:\/\/www.customeeple.com\/es\/wp-json\/wp\/v2\/product\/56171","targetHints":{"allow":["GET"]}}],"collection":[{"href":"https:\/\/www.customeeple.com\/es\/wp-json\/wp\/v2\/product"}],"about":[{"href":"https:\/\/www.customeeple.com\/es\/wp-json\/wp\/v2\/types\/product"}],"wp:featuredmedia":[{"embeddable":true,"href":"https:\/\/www.customeeple.com\/es\/wp-json\/wp\/v2\/media\/56179"}],"wp:attachment":[{"href":"https:\/\/www.customeeple.com\/es\/wp-json\/wp\/v2\/media?parent=56171"}],"wp:term":[{"taxonomy":"product_brand","embeddable":true,"href":"https:\/\/www.customeeple.com\/es\/wp-json\/wp\/v2\/product_brand?post=56171"},{"taxonomy":"product_cat","embeddable":true,"href":"https:\/\/www.customeeple.com\/es\/wp-json\/wp\/v2\/product_cat?post=56171"},{"taxonomy":"product_tag","embeddable":true,"href":"https:\/\/www.customeeple.com\/es\/wp-json\/wp\/v2\/product_tag?post=56171"}],"curies":[{"name":"wp","href":"https:\/\/api.w.org\/{rel}","templated":true}]}}