{"id":56162,"date":"2021-01-20T13:32:37","date_gmt":"2021-01-20T12:32:37","guid":{"rendered":"https:\/\/www.customeeple.com\/?post_type=product&#038;p=56162"},"modified":"2021-12-08T00:00:22","modified_gmt":"2021-12-07T23:00:22","slug":"cocos-locos","status":"publish","type":"product","link":"https:\/\/www.customeeple.com\/es\/producto\/cocos-locos\/","title":{"rendered":"Cocos Locos (ESP)"},"content":{"rendered":"<div class=\"p_collection\">\n<div id=\"primary_block\" class=\"clearfix\">\n<div class=\"add-top p_collection\">\n<p><em>Hace mucho, mucho tiempo, el Rey Mono reinaba en la Monta\u00f1a de los Monos, un alegre y pac\u00edfico lugar. Pero, un d\u00eda, cometi\u00f3 un gran error. \u00a1Ofendi\u00f3 al mism\u00edsimo Buda! Como castigo, fue encarcelado dentro de la monta\u00f1a y condenado a permanecer all\u00ed durante 500 a\u00f1os.<\/em><br \/>\n<em>Durante su ausencia, el caos se apoder\u00f3 de la Monta\u00f1a de los Monos . Los monos re\u00f1\u00edan y luchaban entre s\u00ed sin tregua y con el tiempo dej\u00f3 de ser el pac\u00edfico lugar que anta\u00f1o era.<\/em><br \/>\n<em>El tiempo pas\u00f3 y, finalmente, un famoso monje liber\u00f3 de su cautiverio al Rey Mono para que le acompa\u00f1ara en su viaje al Oeste. Antes de emprender esta traves\u00eda, el Rey Mono volvi\u00f3 a su monta\u00f1a y descubri\u00f3 todo el tumulto que se hab\u00eda generado. Pas\u00f3 todo el d\u00eda buscando una soluci\u00f3n: \u00ab\u00bfQu\u00e9 puedo hacer para devolver la paz y el j\u00fabilo a mi hogar?\u00bb.\u00a0<\/em><br \/>\n<em>Entonces, una cesta con cocos al borde del camino llam\u00f3 su atenci\u00f3n y, de repente, se le ocurri\u00f3 una idea: Reuni\u00f3 a los cuatro monos m\u00e1s capacitados para reinar en la Monta\u00f1a de los Monos y les dijo: \u00abEn lugar de luchar entre vosotros, jugar\u00e9is al juego de los cocos. \u00a1Aquel que gane ocupar\u00e1 mi lugar como Rey!\u00bb.<\/em><\/p>\n<p>En\u00a0<em>Cocos Locos<\/em>,\u00a0un juego familiar de destreza basado en el \u201cRey Mono\u201d (un personaje de la mitolog\u00eda china), los jugadores lanzan cocos hacia un campo cubierto de cestas en el centro de la\u00a0mesa. Acierta en una cesta, y podr\u00e1s apilarla en tu tablero de jugador; acierta en la cesta del tablero de otro jugador y podr\u00e1s moverla al tuyo. Apunta bien con tu mono lanzador para encestar los cocos y conseguir las cestas. \u00a1Podr\u00e1s usar cartas m\u00e1gicas a tu favor o contra tus rivales!<\/p>\n<p>Jugando las cartas especiales de magia, obligar\u00e1s a tus oponentes a disparar con los ojos cerrados, desde lejos, o de cualquier forma que dificulte sus lanzamientos. Quien primero complete una pir\u00e1mide de seis cestas en su tablero \u00a1ser\u00e1 coronado Rey Mono! Cuando todos los cocos est\u00e9n dentro de las cestas, el jugador con m\u00e1s cocos en las cestas de su tablero ser\u00e1 el ganador.<\/p>\n<\/div>\n<\/div>\n<\/div>\n<div class=\"product_components double-top add-border\">\n<div>\n<p><strong>Cantidad de jugadores<\/strong>: 2 a 4 jugadores<\/p>\n<p><strong>Duraci\u00f3n<\/strong>: 20 minutos<\/p>\n<p><strong>Edad<\/strong>: +6 a\u00f1os<\/p>\n<p><strong>Idioma<\/strong>: Espa\u00f1ol<\/p>\n<\/div>\n<div><\/div>\n<\/div>\n","protected":false},"excerpt":{"rendered":"<p>Boardgame.<\/p>\n","protected":false},"featured_media":56156,"template":"","meta":{"_acf_changed":false},"product_brand":[],"product_cat":[1561,1564,1653,1556,1180],"product_tag":[1264,1280,1282,1800],"class_list":{"0":"post-56162","1":"product","2":"type-product","3":"status-publish","4":"has-post-thumbnail","6":"product_cat-familiar-es","7":"product_cat-childrens-es","8":"product_cat-boardgames","9":"product_cat-board-games-es","10":"product_cat-retail-products-es","11":"product_tag-boardgame-es","12":"product_tag-juego-de-mesa-es","13":"product_tag-malditogames-es","14":"product_tag-walter-schneider-es","16":"first","17":"instock","18":"sale","19":"taxable","20":"shipping-taxable","21":"purchasable","22":"product-type-simple"},"exclude_global_add_ons":[],"addons":[],"acf":[],"_links":{"self":[{"href":"https:\/\/www.customeeple.com\/es\/wp-json\/wp\/v2\/product\/56162","targetHints":{"allow":["GET"]}}],"collection":[{"href":"https:\/\/www.customeeple.com\/es\/wp-json\/wp\/v2\/product"}],"about":[{"href":"https:\/\/www.customeeple.com\/es\/wp-json\/wp\/v2\/types\/product"}],"wp:featuredmedia":[{"embeddable":true,"href":"https:\/\/www.customeeple.com\/es\/wp-json\/wp\/v2\/media\/56156"}],"wp:attachment":[{"href":"https:\/\/www.customeeple.com\/es\/wp-json\/wp\/v2\/media?parent=56162"}],"wp:term":[{"taxonomy":"product_brand","embeddable":true,"href":"https:\/\/www.customeeple.com\/es\/wp-json\/wp\/v2\/product_brand?post=56162"},{"taxonomy":"product_cat","embeddable":true,"href":"https:\/\/www.customeeple.com\/es\/wp-json\/wp\/v2\/product_cat?post=56162"},{"taxonomy":"product_tag","embeddable":true,"href":"https:\/\/www.customeeple.com\/es\/wp-json\/wp\/v2\/product_tag?post=56162"}],"curies":[{"name":"wp","href":"https:\/\/api.w.org\/{rel}","templated":true}]}}