{"id":56158,"date":"2021-01-20T13:22:27","date_gmt":"2021-01-20T12:22:27","guid":{"rendered":"https:\/\/www.customeeple.com\/?post_type=product&#038;p=56158"},"modified":"2021-01-20T13:33:28","modified_gmt":"2021-01-20T12:33:28","slug":"cubirds-spa","status":"publish","type":"product","link":"https:\/\/www.customeeple.com\/es\/producto\/cubirds-spa\/","title":{"rendered":"Cubirds (ESP)"},"content":{"rendered":"<div class=\"p_collection\">\n<div id=\"primary_block\" class=\"clearfix\">\n<div class=\"add-top p_collection\">\n<p>Cada d\u00eda, docenas de p\u00e1jaros se posan en las vallas de nuestros campos. Cuando es hora de irse hay mucho jaleo, y los p\u00e1jaros no son capaces de organizarse en bandadas para volver a casa. \u00a1Ay\u00fadalos a encontrar el camino de vuelta a sus nidos!<\/p>\n<p><em>Cubirds\u00a0<\/em>es un juego de cartas \u00e1gil y r\u00e1pido, en el que tendr\u00e1s que intentar conseguir las mayores bandadas de p\u00e1jaros que puedas. Las cartas se dividen en ocho especies de p\u00e1jaro distintas.<\/p>\n<p>Los jugadores comienzan cada ronda de\u00a0<em>Cubirds\u00a0<\/em>con ocho cartas de p\u00e1jaro. Sobre la mesa habr\u00e1 tambi\u00e9n cuatro filas de p\u00e1jaros (vallas). En tu turno, colocar\u00e1s una serie de p\u00e1jaros iguales en el extremo de una de las vallas. Los p\u00e1jaros del mismo tipo se unir\u00e1n, haciendo que los que hayan sido rodeados vuelen hacia tu mano. Cuando tengas un n\u00famero suficiente de p\u00e1jaros iguales en tu mano, podr\u00e1s bajarlos a tu zona de juego.<\/p>\n<p>El objetivo final es lograr ser el primer jugador en acumular en tu zona de juego siete especies de p\u00e1jaros distintas, o dos especies con tres p\u00e1jaros en cada una. Todos los p\u00e1jaros tienen un n\u00famero de bandada peque\u00f1a y grande, para as\u00ed poder a\u00f1adir m\u00e1s cartas de una vez a tu \u00e1rea de juego. Ten cuidado, ya que si alg\u00fan jugador se queda sin cartas en la mano, \u00a1todos deber\u00e1n descartar sus cartas y robar nuevas, desbaratando as\u00ed los planes que tuvieran preparados!<\/p>\n<\/div>\n<\/div>\n<\/div>\n<div class=\"product_components double-top add-border\">\n<div>\n<p><strong>Cantidad de jugadores<\/strong>: 2 a 5 jugadores<\/p>\n<p><strong>Duraci\u00f3n<\/strong>: 20 minutos<\/p>\n<p><strong>Edad<\/strong>: +8 a\u00f1os<\/p>\n<p><strong>Idioma<\/strong>: Espa\u00f1ol<\/p>\n<\/div>\n<div><\/div>\n<\/div>\n","protected":false},"excerpt":{"rendered":"<p>Boardgame.<\/p>\n","protected":false},"featured_media":56152,"template":"","meta":{"_acf_changed":false},"product_brand":[],"product_cat":[1561,1557,1653,1556,1180],"product_tag":[1264,1280,1282,1798],"class_list":{"0":"post-56158","1":"product","2":"type-product","3":"status-publish","4":"has-post-thumbnail","6":"product_cat-familiar-es","7":"product_cat-card-game-es","8":"product_cat-boardgames","9":"product_cat-board-games-es","10":"product_cat-retail-products-es","11":"product_tag-boardgame-es","12":"product_tag-juego-de-mesa-es","13":"product_tag-malditogames-es","14":"product_tag-stefan-alexander-es","16":"first","17":"onbackorder","18":"sale","19":"taxable","20":"shipping-taxable","21":"purchasable","22":"product-type-simple"},"exclude_global_add_ons":[],"addons":[],"acf":[],"_links":{"self":[{"href":"https:\/\/www.customeeple.com\/es\/wp-json\/wp\/v2\/product\/56158","targetHints":{"allow":["GET"]}}],"collection":[{"href":"https:\/\/www.customeeple.com\/es\/wp-json\/wp\/v2\/product"}],"about":[{"href":"https:\/\/www.customeeple.com\/es\/wp-json\/wp\/v2\/types\/product"}],"wp:featuredmedia":[{"embeddable":true,"href":"https:\/\/www.customeeple.com\/es\/wp-json\/wp\/v2\/media\/56152"}],"wp:attachment":[{"href":"https:\/\/www.customeeple.com\/es\/wp-json\/wp\/v2\/media?parent=56158"}],"wp:term":[{"taxonomy":"product_brand","embeddable":true,"href":"https:\/\/www.customeeple.com\/es\/wp-json\/wp\/v2\/product_brand?post=56158"},{"taxonomy":"product_cat","embeddable":true,"href":"https:\/\/www.customeeple.com\/es\/wp-json\/wp\/v2\/product_cat?post=56158"},{"taxonomy":"product_tag","embeddable":true,"href":"https:\/\/www.customeeple.com\/es\/wp-json\/wp\/v2\/product_tag?post=56158"}],"curies":[{"name":"wp","href":"https:\/\/api.w.org\/{rel}","templated":true}]}}