{"id":56129,"date":"2021-01-19T13:42:24","date_gmt":"2021-01-19T12:42:24","guid":{"rendered":"https:\/\/www.customeeple.com\/?post_type=product&#038;p=56129"},"modified":"2025-01-05T00:00:05","modified_gmt":"2025-01-04T23:00:05","slug":"bandida-spa-copy","status":"publish","type":"product","link":"https:\/\/www.customeeple.com\/es\/producto\/bandida-spa-copy\/","title":{"rendered":"Bandida (SPA)"},"content":{"rendered":"<div class=\"p_collection\">\n<div id=\"primary_block\" class=\"clearfix\">\n<div class=\"add-top p_collection\">\n<p id=\"u1070310-2\">\u00a1Captura a Bandida o ay\u00fadala a escapar!<br \/>\nBandida es un juego cooperativo en el que todos juegan para ganar o perder juntos. Hay 3 modos de juego, y las condiciones para ganar var\u00edan.<\/p>\n<p><strong>Habilidades:<\/strong><br \/>\nCooperaci\u00f3n, Estrategia, Intuici\u00f3n, Observaci\u00f3n<\/p>\n<\/div>\n<\/div>\n<\/div>\n<div class=\"product_components double-top add-border\">\n<div>\n<p><strong>Cantidad de jugadores<\/strong>: 1 a 4\u00a0 jugadores<\/p>\n<p><strong>Duraci\u00f3n<\/strong>: 15 minutos<\/p>\n<p><strong>Edad<\/strong>: +6 a\u00f1os<\/p>\n<p><strong>Idioma<\/strong>: Espa\u00f1ol<\/p>\n<\/div>\n<div><\/div>\n<\/div>\n","protected":false},"excerpt":{"rendered":"<p>Boardgame.<\/p>\n","protected":false},"featured_media":56125,"template":"","meta":{"_acf_changed":false},"product_brand":[],"product_cat":[1561,1564,1557,1653,1556,1180],"product_tag":[1264,1794,1280,1757],"class_list":{"0":"post-56129","1":"product","2":"type-product","3":"status-publish","4":"has-post-thumbnail","6":"product_cat-familiar-es","7":"product_cat-childrens-es","8":"product_cat-card-game-es","9":"product_cat-boardgames","10":"product_cat-board-games-es","11":"product_cat-retail-products-es","12":"product_tag-boardgame-es","13":"product_tag-familiar-es","14":"product_tag-juego-de-mesa-es","15":"product_tag-ludilo-es","17":"first","18":"onbackorder","19":"taxable","20":"shipping-taxable","21":"purchasable","22":"product-type-simple"},"exclude_global_add_ons":[],"addons":[],"acf":[],"_links":{"self":[{"href":"https:\/\/www.customeeple.com\/es\/wp-json\/wp\/v2\/product\/56129","targetHints":{"allow":["GET"]}}],"collection":[{"href":"https:\/\/www.customeeple.com\/es\/wp-json\/wp\/v2\/product"}],"about":[{"href":"https:\/\/www.customeeple.com\/es\/wp-json\/wp\/v2\/types\/product"}],"wp:featuredmedia":[{"embeddable":true,"href":"https:\/\/www.customeeple.com\/es\/wp-json\/wp\/v2\/media\/56125"}],"wp:attachment":[{"href":"https:\/\/www.customeeple.com\/es\/wp-json\/wp\/v2\/media?parent=56129"}],"wp:term":[{"taxonomy":"product_brand","embeddable":true,"href":"https:\/\/www.customeeple.com\/es\/wp-json\/wp\/v2\/product_brand?post=56129"},{"taxonomy":"product_cat","embeddable":true,"href":"https:\/\/www.customeeple.com\/es\/wp-json\/wp\/v2\/product_cat?post=56129"},{"taxonomy":"product_tag","embeddable":true,"href":"https:\/\/www.customeeple.com\/es\/wp-json\/wp\/v2\/product_tag?post=56129"}],"curies":[{"name":"wp","href":"https:\/\/api.w.org\/{rel}","templated":true}]}}