{"id":56121,"date":"2021-01-19T13:36:29","date_gmt":"2021-01-19T12:36:29","guid":{"rendered":"https:\/\/www.customeeple.com\/?post_type=product&#038;p=56121"},"modified":"2021-01-19T13:41:21","modified_gmt":"2021-01-19T12:41:21","slug":"bandido","status":"publish","type":"product","link":"https:\/\/www.customeeple.com\/es\/producto\/bandido\/","title":{"rendered":"Bandido (SPA)"},"content":{"rendered":"<div class=\"p_collection\">\n<div id=\"primary_block\" class=\"clearfix\">\n<div class=\"add-top p_collection\">\n<p id=\"u1070310-2\">El bandido intenta escapar otra vez por un t\u00fanel. Colocad las cartas para bloquear las salidas de su t\u00fanel y evitar su fuga.<\/p>\n<p><strong>Habilidades:<\/strong><br \/>\nCooperaci\u00f3n, Estrategia, Intuici\u00f3n, Observaci\u00f3n<\/p>\n<\/div>\n<\/div>\n<\/div>\n<div class=\"product_components double-top add-border\">\n<div>\n<p><strong>Cantidad de jugadores<\/strong>: 1 a 4\u00a0 jugadores<\/p>\n<p><strong>Duraci\u00f3n<\/strong>: 15 minutos<\/p>\n<p><strong>Edad<\/strong>: +6 a\u00f1os<\/p>\n<p><strong>Idioma<\/strong>: Espa\u00f1ol<\/p>\n<\/div>\n<div><\/div>\n<\/div>\n","protected":false},"excerpt":{"rendered":"<p>Boardgame.<\/p>\n","protected":false},"featured_media":56100,"template":"","meta":{"_acf_changed":false},"product_brand":[],"product_cat":[1561,1564,1557,1653,1556,1180],"product_tag":[1264,1794,1280,1757],"class_list":{"0":"post-56121","1":"product","2":"type-product","3":"status-publish","4":"has-post-thumbnail","6":"product_cat-familiar-es","7":"product_cat-childrens-es","8":"product_cat-card-game-es","9":"product_cat-boardgames","10":"product_cat-board-games-es","11":"product_cat-retail-products-es","12":"product_tag-boardgame-es","13":"product_tag-familiar-es","14":"product_tag-juego-de-mesa-es","15":"product_tag-ludilo-es","17":"first","18":"onbackorder","19":"sale","20":"taxable","21":"shipping-taxable","22":"purchasable","23":"product-type-simple"},"exclude_global_add_ons":[],"addons":[],"acf":[],"_links":{"self":[{"href":"https:\/\/www.customeeple.com\/es\/wp-json\/wp\/v2\/product\/56121","targetHints":{"allow":["GET"]}}],"collection":[{"href":"https:\/\/www.customeeple.com\/es\/wp-json\/wp\/v2\/product"}],"about":[{"href":"https:\/\/www.customeeple.com\/es\/wp-json\/wp\/v2\/types\/product"}],"wp:featuredmedia":[{"embeddable":true,"href":"https:\/\/www.customeeple.com\/es\/wp-json\/wp\/v2\/media\/56100"}],"wp:attachment":[{"href":"https:\/\/www.customeeple.com\/es\/wp-json\/wp\/v2\/media?parent=56121"}],"wp:term":[{"taxonomy":"product_brand","embeddable":true,"href":"https:\/\/www.customeeple.com\/es\/wp-json\/wp\/v2\/product_brand?post=56121"},{"taxonomy":"product_cat","embeddable":true,"href":"https:\/\/www.customeeple.com\/es\/wp-json\/wp\/v2\/product_cat?post=56121"},{"taxonomy":"product_tag","embeddable":true,"href":"https:\/\/www.customeeple.com\/es\/wp-json\/wp\/v2\/product_tag?post=56121"}],"curies":[{"name":"wp","href":"https:\/\/api.w.org\/{rel}","templated":true}]}}