{"id":56119,"date":"2021-01-19T13:30:50","date_gmt":"2021-01-19T12:30:50","guid":{"rendered":"https:\/\/www.customeeple.com\/?post_type=product&#038;p=56119"},"modified":"2021-01-19T13:34:29","modified_gmt":"2021-01-19T12:34:29","slug":"speed-cups2-spa-copy","status":"publish","type":"product","link":"https:\/\/www.customeeple.com\/es\/producto\/speed-cups2-spa-copy\/","title":{"rendered":"Speed Cups 2 (SPA)"},"content":{"rendered":"<div class=\"p_collection\">\n<div id=\"primary_block\" class=\"clearfix\">\n<div class=\"add-top p_collection\">\n<p id=\"u1070310-2\">\u00a1La expansi\u00f3n del top ventas Speed Cups!<\/p>\n<p id=\"u1070310-5\">Ahora mucho m\u00e1s extremo: las cartas muestran objetos que no est\u00e1n en l\u00ednea&#8230; \u00bfLa pelota est\u00e1 delante de la foca?, \u00bflos monos est\u00e1n sobre los elefantes? \u00a1Col\u00f3calos lo m\u00e1s r\u00e1pido posible y corre a por la carta!<\/p>\n<p id=\"u1070310-8\">Puede jugarse como juego s\u00f3lo para dos jugadores (no incluye timbre), o puede jugarse junto a las otras versiones de Speed Cups.<\/p>\n<\/div>\n<\/div>\n<\/div>\n<div class=\"product_components double-top add-border\">\n<div>\n<p><strong>Cantidad de jugadores<\/strong>: 2\u00a0 jugadores<\/p>\n<p><strong>Duraci\u00f3n<\/strong>: 15 minutos<\/p>\n<p><strong>Edad<\/strong>: +6 a\u00f1os<\/p>\n<p><strong>Idioma<\/strong>: Espa\u00f1ol<\/p>\n<\/div>\n<div><\/div>\n<\/div>\n","protected":false},"excerpt":{"rendered":"<p>Boardgame.<\/p>\n","protected":false},"featured_media":56108,"template":"","meta":{"_acf_changed":false},"product_brand":[],"product_cat":[1561,1564,1557,1653,1556,1180],"product_tag":[1264,1794,1280,1793],"class_list":{"0":"post-56119","1":"product","2":"type-product","3":"status-publish","4":"has-post-thumbnail","6":"product_cat-familiar-es","7":"product_cat-childrens-es","8":"product_cat-card-game-es","9":"product_cat-boardgames","10":"product_cat-board-games-es","11":"product_cat-retail-products-es","12":"product_tag-boardgame-es","13":"product_tag-familiar-es","14":"product_tag-juego-de-mesa-es","15":"product_tag-mercurio-es","17":"first","18":"instock","19":"sale","20":"taxable","21":"shipping-taxable","22":"purchasable","23":"product-type-simple"},"exclude_global_add_ons":[],"addons":[],"acf":[],"_links":{"self":[{"href":"https:\/\/www.customeeple.com\/es\/wp-json\/wp\/v2\/product\/56119","targetHints":{"allow":["GET"]}}],"collection":[{"href":"https:\/\/www.customeeple.com\/es\/wp-json\/wp\/v2\/product"}],"about":[{"href":"https:\/\/www.customeeple.com\/es\/wp-json\/wp\/v2\/types\/product"}],"wp:featuredmedia":[{"embeddable":true,"href":"https:\/\/www.customeeple.com\/es\/wp-json\/wp\/v2\/media\/56108"}],"wp:attachment":[{"href":"https:\/\/www.customeeple.com\/es\/wp-json\/wp\/v2\/media?parent=56119"}],"wp:term":[{"taxonomy":"product_brand","embeddable":true,"href":"https:\/\/www.customeeple.com\/es\/wp-json\/wp\/v2\/product_brand?post=56119"},{"taxonomy":"product_cat","embeddable":true,"href":"https:\/\/www.customeeple.com\/es\/wp-json\/wp\/v2\/product_cat?post=56119"},{"taxonomy":"product_tag","embeddable":true,"href":"https:\/\/www.customeeple.com\/es\/wp-json\/wp\/v2\/product_tag?post=56119"}],"curies":[{"name":"wp","href":"https:\/\/api.w.org\/{rel}","templated":true}]}}