{"id":56117,"date":"2021-01-19T13:19:16","date_gmt":"2021-01-19T12:19:16","guid":{"rendered":"https:\/\/www.customeeple.com\/?post_type=product&#038;p=56117"},"modified":"2021-01-19T13:32:07","modified_gmt":"2021-01-19T12:32:07","slug":"speed-cups","status":"publish","type":"product","link":"https:\/\/www.customeeple.com\/es\/producto\/speed-cups\/","title":{"rendered":"Speed Cups (ESP)"},"content":{"rendered":"<div class=\"p_collection\">\n<div id=\"primary_block\" class=\"clearfix\">\n<div class=\"add-top p_collection\">\n<p id=\"u964223-2\">\u00a1Pon a prueba tu habilidad y rapidez!<\/p>\n<p id=\"u964223-5\">Cada jugador tiene 5 cubiletes de colores y compite por completar el objetivo lo m\u00e1s r\u00e1pido posible. \u00a1Hace falta tener buen ojo y reflejos!<\/p>\n<p id=\"u964223-8\">Las cartas muestran c\u00f3mo se deben colocar los cubiletes&#8230; \u00bfLos has colocado bien?, \u00a1pues corre a tocar el timbre! El jugador m\u00e1s r\u00e1pido ganar\u00e1 la partida.<\/p>\n<p id=\"u964223-11\">\u00a1Un fant\u00e1stico juego de reflejos para toda la familia!<\/p>\n<\/div>\n<\/div>\n<\/div>\n<div class=\"product_components double-top add-border\">\n<div>\n<p><strong>Cantidad de jugadores<\/strong>: 2 a 4 jugadores<\/p>\n<p><strong>Duraci\u00f3n<\/strong>: 15 minutos<\/p>\n<p><strong>Edad<\/strong>: +6 a\u00f1os<\/p>\n<p><strong>Idioma<\/strong>: Espa\u00f1ol<\/p>\n<\/div>\n<div><\/div>\n<\/div>\n","protected":false},"excerpt":{"rendered":"<p>Boardgame.<\/p>\n","protected":false},"featured_media":56092,"template":"","meta":{"_acf_changed":false},"product_brand":[],"product_cat":[1561,1564,1557,1653,1556,1180],"product_tag":[1264,1794,1280,1793],"class_list":{"0":"post-56117","1":"product","2":"type-product","3":"status-publish","4":"has-post-thumbnail","6":"product_cat-familiar-es","7":"product_cat-childrens-es","8":"product_cat-card-game-es","9":"product_cat-boardgames","10":"product_cat-board-games-es","11":"product_cat-retail-products-es","12":"product_tag-boardgame-es","13":"product_tag-familiar-es","14":"product_tag-juego-de-mesa-es","15":"product_tag-mercurio-es","17":"first","18":"instock","19":"sale","20":"taxable","21":"shipping-taxable","22":"purchasable","23":"product-type-simple"},"exclude_global_add_ons":[],"addons":[],"acf":[],"_links":{"self":[{"href":"https:\/\/www.customeeple.com\/es\/wp-json\/wp\/v2\/product\/56117","targetHints":{"allow":["GET"]}}],"collection":[{"href":"https:\/\/www.customeeple.com\/es\/wp-json\/wp\/v2\/product"}],"about":[{"href":"https:\/\/www.customeeple.com\/es\/wp-json\/wp\/v2\/types\/product"}],"wp:featuredmedia":[{"embeddable":true,"href":"https:\/\/www.customeeple.com\/es\/wp-json\/wp\/v2\/media\/56092"}],"wp:attachment":[{"href":"https:\/\/www.customeeple.com\/es\/wp-json\/wp\/v2\/media?parent=56117"}],"wp:term":[{"taxonomy":"product_brand","embeddable":true,"href":"https:\/\/www.customeeple.com\/es\/wp-json\/wp\/v2\/product_brand?post=56117"},{"taxonomy":"product_cat","embeddable":true,"href":"https:\/\/www.customeeple.com\/es\/wp-json\/wp\/v2\/product_cat?post=56117"},{"taxonomy":"product_tag","embeddable":true,"href":"https:\/\/www.customeeple.com\/es\/wp-json\/wp\/v2\/product_tag?post=56117"}],"curies":[{"name":"wp","href":"https:\/\/api.w.org\/{rel}","templated":true}]}}