{"id":56069,"date":"2021-01-16T12:13:24","date_gmt":"2021-01-16T11:13:24","guid":{"rendered":"https:\/\/www.customeeple.com\/?post_type=product&#038;p=56069"},"modified":"2024-07-13T00:00:22","modified_gmt":"2024-07-12T23:00:22","slug":"lord-of-virulence","status":"publish","type":"product","link":"https:\/\/www.customeeple.com\/es\/producto\/lord-of-virulence\/","title":{"rendered":"Se\u00f1or de la Virulencia"},"content":{"rendered":"<p>Tubos y chimeneas irrumpen en profusi\u00f3n de la armadura del Se\u00f1or de la Virulencia. Los humos nocivos que explulsan son erupciones p\u00fatridas cuyo matiz y hedor gu\u00edan el fuego de<br \/>\nartiller\u00eda desde la retaguardia. Tras de si, va dejando un rastro de baba mucosa enfermiza para que los hambrientos ingenios daem\u00f3nicos lo sigan.<\/p>\n<p>Lidera tu ej\u00e9rcito de la Guardia de la Muerte con el asqueroso y asombroso Se\u00f1or de la Virulencia. Vestido con su mutilada armadura de Exterminador, est\u00e1 adornado con los s\u00edmbolos de las muchas bendiciones del abuelo Nurgle. Armado con un regurgitador de plaga doble y una garra de plaga, est\u00e1 listo para propagar estas enfermedades por toda la galaxia. Con tantas texturas diferentes, el Se\u00f1or de la Virulencia es tanto un excelente proyecto de pintura como una poderosa punta de lanza para tu pr\u00f3xima invasi\u00f3n con la Guardia de la Muerte.<\/p>\n<p>Este kit de pl\u00e1stico de 20 piezas te permite montar un Se\u00f1or de la Virulencia. Se suministra con una peana redonda Citadel de 50mm.<\/p>\n","protected":false},"excerpt":{"rendered":"<p>Games Workshop Miniature.<\/p>\n","protected":false},"featured_media":56051,"template":"","meta":{"_acf_changed":false},"product_brand":[],"product_cat":[1177,1180,1372,1623,1229],"product_tag":[1787,1766,1179,943,787],"class_list":{"0":"post-56069","1":"product","2":"type-product","3":"status-publish","4":"has-post-thumbnail","6":"product_cat-games-workshop-es","7":"product_cat-retail-products-es","8":"product_cat-sci-fi-es","9":"product_cat-wargames-es-2","10":"product_cat-warhammer-40k-es","11":"product_tag-40k-es","12":"product_tag-death-guard-es","13":"product_tag-gamesworkshop-es","14":"product_tag-wargames-es","15":"product_tag-warhammer-40k-es-2","17":"first","18":"onbackorder","19":"sale","20":"taxable","21":"shipping-taxable","22":"purchasable","23":"product-type-simple"},"exclude_global_add_ons":[],"addons":[],"acf":[],"_links":{"self":[{"href":"https:\/\/www.customeeple.com\/es\/wp-json\/wp\/v2\/product\/56069","targetHints":{"allow":["GET"]}}],"collection":[{"href":"https:\/\/www.customeeple.com\/es\/wp-json\/wp\/v2\/product"}],"about":[{"href":"https:\/\/www.customeeple.com\/es\/wp-json\/wp\/v2\/types\/product"}],"wp:featuredmedia":[{"embeddable":true,"href":"https:\/\/www.customeeple.com\/es\/wp-json\/wp\/v2\/media\/56051"}],"wp:attachment":[{"href":"https:\/\/www.customeeple.com\/es\/wp-json\/wp\/v2\/media?parent=56069"}],"wp:term":[{"taxonomy":"product_brand","embeddable":true,"href":"https:\/\/www.customeeple.com\/es\/wp-json\/wp\/v2\/product_brand?post=56069"},{"taxonomy":"product_cat","embeddable":true,"href":"https:\/\/www.customeeple.com\/es\/wp-json\/wp\/v2\/product_cat?post=56069"},{"taxonomy":"product_tag","embeddable":true,"href":"https:\/\/www.customeeple.com\/es\/wp-json\/wp\/v2\/product_tag?post=56069"}],"curies":[{"name":"wp","href":"https:\/\/api.w.org\/{rel}","templated":true}]}}