{"id":56067,"date":"2021-01-16T12:13:18","date_gmt":"2021-01-16T11:13:19","guid":{"rendered":"https:\/\/www.customeeple.com\/?post_type=product&#038;p=56067"},"modified":"2021-01-30T13:01:03","modified_gmt":"2021-01-30T12:01:03","slug":"miasmic-malignifier","status":"publish","type":"product","link":"https:\/\/www.customeeple.com\/es\/producto\/miasmic-malignifier\/","title":{"rendered":"Malignificador Miasm\u00e1tico"},"content":{"rendered":"<p>Plagado de incensarios de plagas y campanas imp\u00edas, los Malignificadores Miasm\u00e1ticos lanzan gruesas nubes de humos ponzo\u00f1osos desde sus chimeneas oxidadas. Sembrados como esporas por aquellos planetas que desean invadir, son par\u00e1sitos que succionan la suciedad del suelo y se aferran a la infraestructura local, contaminando el mundo en todos los niveles.<\/p>\n<p>Esparce su presencia t\u00f3xica por todos los mundos a los que llegue tu ej\u00e9rcito con los Malignificadores Miasm\u00e1ticos. Compuesto por un chimenea principal y un horno de viruelas de menor tama\u00f1o, es una gran manera de llevar las bendiciones (o maldiciones, lo dejamos a tu elecci\u00f3n) de Nurgle a tu mesa de juego. Esta miniatura tambi\u00e9n est\u00e1 dise\u00f1ada para ser colocada en la parte superior de la Fragua Ferrat\u00f3nica del sector Mechanicus, lo que la convierte en un enorme ingenio de corrupci\u00f3n.<\/p>\n<p>Este kit de pl\u00e1stico de 55 piezas te permite montar un Malignificador Miasm\u00e1tico, un elemento de terreno espec\u00edfico de la Guardia de la Muerte para usar en tus partidas de Warhammer 40,000.<\/p>\n","protected":false},"excerpt":{"rendered":"<p>Games Workshop miniature.<\/p>\n","protected":false},"featured_media":56049,"template":"","meta":{"_acf_changed":false},"product_brand":[],"product_cat":[1177,1180,1372,1623,1229],"product_tag":[1787,1766,1179,785,787],"class_list":{"0":"post-56067","1":"product","2":"type-product","3":"status-publish","4":"has-post-thumbnail","6":"product_cat-games-workshop-es","7":"product_cat-retail-products-es","8":"product_cat-sci-fi-es","9":"product_cat-wargames-es-2","10":"product_cat-warhammer-40k-es","11":"product_tag-40k-es","12":"product_tag-death-guard-es","13":"product_tag-gamesworkshop-es","14":"product_tag-wargame-es-2","15":"product_tag-warhammer-40k-es-2","17":"first","18":"onbackorder","19":"sale","20":"taxable","21":"shipping-taxable","22":"purchasable","23":"product-type-simple"},"exclude_global_add_ons":[],"addons":[],"acf":[],"_links":{"self":[{"href":"https:\/\/www.customeeple.com\/es\/wp-json\/wp\/v2\/product\/56067","targetHints":{"allow":["GET"]}}],"collection":[{"href":"https:\/\/www.customeeple.com\/es\/wp-json\/wp\/v2\/product"}],"about":[{"href":"https:\/\/www.customeeple.com\/es\/wp-json\/wp\/v2\/types\/product"}],"wp:featuredmedia":[{"embeddable":true,"href":"https:\/\/www.customeeple.com\/es\/wp-json\/wp\/v2\/media\/56049"}],"wp:attachment":[{"href":"https:\/\/www.customeeple.com\/es\/wp-json\/wp\/v2\/media?parent=56067"}],"wp:term":[{"taxonomy":"product_brand","embeddable":true,"href":"https:\/\/www.customeeple.com\/es\/wp-json\/wp\/v2\/product_brand?post=56067"},{"taxonomy":"product_cat","embeddable":true,"href":"https:\/\/www.customeeple.com\/es\/wp-json\/wp\/v2\/product_cat?post=56067"},{"taxonomy":"product_tag","embeddable":true,"href":"https:\/\/www.customeeple.com\/es\/wp-json\/wp\/v2\/product_tag?post=56067"}],"curies":[{"name":"wp","href":"https:\/\/api.w.org\/{rel}","templated":true}]}}