{"id":56065,"date":"2021-01-16T12:06:08","date_gmt":"2021-01-16T11:06:08","guid":{"rendered":"https:\/\/www.customeeple.com\/?post_type=product&#038;p=56065"},"modified":"2026-03-25T11:54:53","modified_gmt":"2026-03-25T10:54:53","slug":"poxwalkers","status":"publish","type":"product","link":"https:\/\/www.customeeple.com\/es\/producto\/poxwalkers\/","title":{"rendered":"Plagabundos"},"content":{"rendered":"<p>Los Plagabundos, con sus tambaleos sobre el campo de batalla y sus nauseabundas hordas, engullen a sus enemigos con un maremoto truculento de manos que agarren, dientes que destrozan y tent\u00e1culos que se arrastran. Son las v\u00edctimas malditas de las plagas de Nurgle, transformados en armas no muertas por sus crueles amos de la Guardia de la Muerte.<\/p>\n<p>Esta caja contiene 10 Plagabundos. Cada uno es asqueroso a su manera y viene equipado con armas improvisadas para el combate cuerpo a cuerpo o con afilados dientes y u\u00f1as. Los rostros de los espantosos Plagabundos est\u00e1n contorsionados en una mueca sard\u00f3nica, mientras que los miembros est\u00e1n cubiertos de mutaciones, for\u00fanculos y heridas supurantes.<\/p>\n<p>En el interior encontrar\u00e1s 24 piezas de pl\u00e1stico y 10 peanas redondas de 25 mm. Las reglas de las miniaturas est\u00e1n incluidas en la caja.<\/p>\n","protected":false},"excerpt":{"rendered":"<p>Games Workshop Miniature.<\/p>\n","protected":false},"featured_media":56053,"template":"","meta":{"_acf_changed":false},"product_brand":[],"product_cat":[1177,1180,1372,1623,1229],"product_tag":[1787,1766,1179,787],"class_list":{"0":"post-56065","1":"product","2":"type-product","3":"status-publish","4":"has-post-thumbnail","6":"product_cat-games-workshop-es","7":"product_cat-retail-products-es","8":"product_cat-sci-fi-es","9":"product_cat-wargames-es-2","10":"product_cat-warhammer-40k-es","11":"product_tag-40k-es","12":"product_tag-death-guard-es","13":"product_tag-gamesworkshop-es","14":"product_tag-warhammer-40k-es-2","16":"first","17":"onbackorder","18":"sale","19":"taxable","20":"shipping-taxable","21":"purchasable","22":"product-type-simple"},"exclude_global_add_ons":[],"addons":[],"acf":[],"_links":{"self":[{"href":"https:\/\/www.customeeple.com\/es\/wp-json\/wp\/v2\/product\/56065","targetHints":{"allow":["GET"]}}],"collection":[{"href":"https:\/\/www.customeeple.com\/es\/wp-json\/wp\/v2\/product"}],"about":[{"href":"https:\/\/www.customeeple.com\/es\/wp-json\/wp\/v2\/types\/product"}],"wp:featuredmedia":[{"embeddable":true,"href":"https:\/\/www.customeeple.com\/es\/wp-json\/wp\/v2\/media\/56053"}],"wp:attachment":[{"href":"https:\/\/www.customeeple.com\/es\/wp-json\/wp\/v2\/media?parent=56065"}],"wp:term":[{"taxonomy":"product_brand","embeddable":true,"href":"https:\/\/www.customeeple.com\/es\/wp-json\/wp\/v2\/product_brand?post=56065"},{"taxonomy":"product_cat","embeddable":true,"href":"https:\/\/www.customeeple.com\/es\/wp-json\/wp\/v2\/product_cat?post=56065"},{"taxonomy":"product_tag","embeddable":true,"href":"https:\/\/www.customeeple.com\/es\/wp-json\/wp\/v2\/product_tag?post=56065"}],"curies":[{"name":"wp","href":"https:\/\/api.w.org\/{rel}","templated":true}]}}