{"id":55892,"date":"2020-12-16T20:26:16","date_gmt":"2020-12-16T19:26:17","guid":{"rendered":"https:\/\/www.customeeple.com\/?post_type=product&#038;p=55892"},"modified":"2020-12-16T20:47:31","modified_gmt":"2020-12-16T19:47:31","slug":"cronicas-del-crimen-1400","status":"publish","type":"product","link":"https:\/\/www.customeeple.com\/es\/producto\/cronicas-del-crimen-1400\/","title":{"rendered":"Cr\u00f3nicas del Crimen 1400 (ESP)"},"content":{"rendered":"<div class=\"p_collection\">\n<div id=\"primary_block\" class=\"clearfix\">\n<div class=\"add-top p_collection\">\n<p>A\u00f1o 1400. Tu nombre es Abelard Lavel, un caballero asentado en Paris. Desde ni\u00f1o has tenido sue\u00f1os prof\u00e9ticos y extra\u00f1os sobre cr\u00edmenes del pasado y del futuro. Has conseguido usar tu poder para hacer el bien, resolviendo misterios que nadie m\u00e1s podr\u00eda. Ahora gracias a tu creciente reputaci\u00f3n, las gentes de Paris buscan tu ayuda. \u00bfAcudir\u00e1s en su auxilio?<br \/>\nCr\u00f3nicas del Crimen es un juego cooperativo de investigaci\u00f3n criminal. El uso de la tecnolog\u00eda Escanea &amp; Juega mezcla los juegos digitales con los de tablero, permitiendo multitud de historias sobre investigaci\u00f3n criminal usando los mismos componentes. \u00a1Interroga a los sospechosos, recoge pruebas y arresta al culpable antes de que sea demasiado tarde!<\/p>\n<p><b>N\u00ba de jugadores:\u00a0<\/b>1-4<br \/>\n<b>Duraci\u00f3n:\u00a0<\/b>60-90<br \/>\n<b>Edad m\u00ednima:\u00a0<\/b>14+<br \/>\n<b>Idioma:\u00a0<\/b>Castellano<\/p>\n<\/div>\n<\/div>\n<\/div>\n<div class=\"product_components double-top add-border\">\n<div><\/div>\n<\/div>\n","protected":false},"excerpt":{"rendered":"<p>Boardgame.<\/p>\n","protected":false},"featured_media":55888,"template":"","meta":{"_acf_changed":false},"product_brand":[],"product_cat":[1561,1653,1556,1180],"product_tag":[1264,1778,1280,1777],"class_list":{"0":"post-55892","1":"product","2":"type-product","3":"status-publish","4":"has-post-thumbnail","6":"product_cat-familiar-es","7":"product_cat-boardgames","8":"product_cat-board-games-es","9":"product_cat-retail-products-es","10":"product_tag-boardgame-es","11":"product_tag-cronicas-es","12":"product_tag-juego-de-mesa-es","13":"product_tag-last-level-es","15":"first","16":"onbackorder","17":"sale","18":"taxable","19":"shipping-taxable","20":"purchasable","21":"product-type-simple"},"exclude_global_add_ons":[],"addons":[],"acf":[],"_links":{"self":[{"href":"https:\/\/www.customeeple.com\/es\/wp-json\/wp\/v2\/product\/55892","targetHints":{"allow":["GET"]}}],"collection":[{"href":"https:\/\/www.customeeple.com\/es\/wp-json\/wp\/v2\/product"}],"about":[{"href":"https:\/\/www.customeeple.com\/es\/wp-json\/wp\/v2\/types\/product"}],"wp:featuredmedia":[{"embeddable":true,"href":"https:\/\/www.customeeple.com\/es\/wp-json\/wp\/v2\/media\/55888"}],"wp:attachment":[{"href":"https:\/\/www.customeeple.com\/es\/wp-json\/wp\/v2\/media?parent=55892"}],"wp:term":[{"taxonomy":"product_brand","embeddable":true,"href":"https:\/\/www.customeeple.com\/es\/wp-json\/wp\/v2\/product_brand?post=55892"},{"taxonomy":"product_cat","embeddable":true,"href":"https:\/\/www.customeeple.com\/es\/wp-json\/wp\/v2\/product_cat?post=55892"},{"taxonomy":"product_tag","embeddable":true,"href":"https:\/\/www.customeeple.com\/es\/wp-json\/wp\/v2\/product_tag?post=55892"}],"curies":[{"name":"wp","href":"https:\/\/api.w.org\/{rel}","templated":true}]}}