{"id":55838,"date":"2020-12-12T14:19:05","date_gmt":"2020-12-12T13:19:05","guid":{"rendered":"https:\/\/www.customeeple.com\/?post_type=product&#038;p=55838"},"modified":"2020-12-12T14:23:25","modified_gmt":"2020-12-12T13:23:25","slug":"blightlord-terminators","status":"publish","type":"product","link":"https:\/\/www.customeeple.com\/es\/producto\/blightlord-terminators\/","title":{"rendered":"Blightlord Terminators"},"content":{"rendered":"<p>Los Blightlord Terminators son implacables e imparables, guerreros de \u00e9lite de la Death Guard vinculados para siempre a sus armaduras Cataphractii. Avanzan lentamente sin dejar de disparar, abatiendo sin piedad filas y filas de enemigos. Combiarmas, regurgitadores de plaga y lanzaplagas apoyan sus andanadas, reduciendo infanter\u00eda y veh\u00edculos a limo y metal oxidado.<\/p>\n<p>Este kit de pl\u00e1stico multicomponente contiene las piezas necesarias para montar una unidad de 5 Blightlord Terminators. Se pueden montar con una amplia cantidad de equipo, el kit incluye las siguientes opciones de armas:<\/p>\n<p>&#8211; 4 combi-b\u00f3lteres<br \/>\n&#8211; 3 hachas bob\u00f3ticas<br \/>\n&#8211; 3 espadas nocivas<br \/>\n&#8211; 1 ca\u00f1\u00f3n autom\u00e1tico Segador<br \/>\n&#8211; 1 regurgitador de plaga<br \/>\n&#8211; 1 mayal de corrupci\u00f3n<br \/>\n&#8211; 1 combi-arma (con elecci\u00f3n de combi-plasma, combi-lanzallamas y combi-fusi\u00f3n)<\/p>\n<p>Los Blightlord Terminators constan de 64 piezas, e incluyen 5 peanas redondas Citadel de 40 mm.<\/p>\n","protected":false},"excerpt":{"rendered":"<p>Games Workshop boardgame.<\/p>\n","protected":false},"featured_media":55830,"template":"","meta":{"_acf_changed":false},"product_brand":[],"product_cat":[1177,1180,1372,1623,1229],"product_tag":[1422,1264,1766,1179,1767,785],"class_list":{"0":"post-55838","1":"product","2":"type-product","3":"status-publish","4":"has-post-thumbnail","6":"product_cat-games-workshop-es","7":"product_cat-retail-products-es","8":"product_cat-sci-fi-es","9":"product_cat-wargames-es-2","10":"product_cat-warhammer-40k-es","11":"product_tag-40000-es","12":"product_tag-boardgame-es","13":"product_tag-death-guard-es","14":"product_tag-gamesworkshop-es","15":"product_tag-plague-marine-es","16":"product_tag-wargame-es-2","18":"first","19":"onbackorder","20":"sale","21":"taxable","22":"shipping-taxable","23":"purchasable","24":"product-type-simple"},"exclude_global_add_ons":[],"addons":[],"acf":[],"_links":{"self":[{"href":"https:\/\/www.customeeple.com\/es\/wp-json\/wp\/v2\/product\/55838","targetHints":{"allow":["GET"]}}],"collection":[{"href":"https:\/\/www.customeeple.com\/es\/wp-json\/wp\/v2\/product"}],"about":[{"href":"https:\/\/www.customeeple.com\/es\/wp-json\/wp\/v2\/types\/product"}],"wp:featuredmedia":[{"embeddable":true,"href":"https:\/\/www.customeeple.com\/es\/wp-json\/wp\/v2\/media\/55830"}],"wp:attachment":[{"href":"https:\/\/www.customeeple.com\/es\/wp-json\/wp\/v2\/media?parent=55838"}],"wp:term":[{"taxonomy":"product_brand","embeddable":true,"href":"https:\/\/www.customeeple.com\/es\/wp-json\/wp\/v2\/product_brand?post=55838"},{"taxonomy":"product_cat","embeddable":true,"href":"https:\/\/www.customeeple.com\/es\/wp-json\/wp\/v2\/product_cat?post=55838"},{"taxonomy":"product_tag","embeddable":true,"href":"https:\/\/www.customeeple.com\/es\/wp-json\/wp\/v2\/product_tag?post=55838"}],"curies":[{"name":"wp","href":"https:\/\/api.w.org\/{rel}","templated":true}]}}