{"id":55836,"date":"2020-12-12T14:05:14","date_gmt":"2020-12-12T13:05:14","guid":{"rendered":"https:\/\/www.customeeple.com\/?post_type=product&#038;p=55836"},"modified":"2021-05-15T10:18:18","modified_gmt":"2021-05-15T09:18:18","slug":"van-saar-archeoteks-grav-cutters","status":"publish","type":"product","link":"https:\/\/www.customeeple.com\/es\/producto\/van-saar-archeoteks-grav-cutters\/","title":{"rendered":"Archeoteks y Grav-cutters de los Van Saar"},"content":{"rendered":"<p>J\u00f3venes y temerarios, los Neoteks a\u00fan no han sentido todos los efectos del desgaste infligido a los Van Saar por el uso de las tecnolog\u00edas de sus PSC. Prefieren la tecnolog\u00eda peligrosa o no probada, y quiz\u00e1s sean m\u00e1s conocidos por su uso de los grav-cutters. Mucho m\u00e1s respetados son los Archeoteks, que se pueden encontrar en todos los niveles de la sociedad Van Saar, incluso ocupando puestos valiosos en las bandas del clan.<\/p>\n<p>Ampl\u00eda tu banda de Van Saar con estos seis luchadores. Los Archeoteks son campeones Van Saar que tienen acceso a la mejor tecnolog\u00eda que el clan puede proporcionarles: una de estas miniaturas viene equipada con un letal rad beamer, mientras que el otro tiene una spider-rig esot\u00e9rica. Los Neoteks entran en acci\u00f3n a bordo de un grav-cutter. Cada uno lleva una pistola l\u00e1ser y un escudo de energ\u00eda, y el kit viene con cuatro cabezas diferentes.<\/p>\n<p>Con este kit de 138 piezas puedes montar dos Archeoteks y cuatro Neoteks. Incluye cuatro peanas de Necromunda de 32 mm, dos peanas de Necromunda de 25 mm y seis m\u00e1stiles con ranura de 45 mm.<\/p>\n<p>Las reglas para usar estos luchadores en partidas de Necromunda se pueden encontrar en el libro House of Artifice.<\/p>\n","protected":false},"excerpt":{"rendered":"<p>Games Workshop boardgame.<\/p>\n","protected":false},"featured_media":55826,"template":"","meta":{"_acf_changed":false},"product_brand":[],"product_cat":[1177,1583,1180,1372,1623],"product_tag":[1264,1179,1677,1763,785],"class_list":{"0":"post-55836","1":"product","2":"type-product","3":"status-publish","4":"has-post-thumbnail","6":"product_cat-games-workshop-es","7":"product_cat-necromunda-es","8":"product_cat-retail-products-es","9":"product_cat-sci-fi-es","10":"product_cat-wargames-es-2","11":"product_tag-boardgame-es","12":"product_tag-gamesworkshop-es","13":"product_tag-necromunda-es-2","14":"product_tag-van-saar-es","15":"product_tag-wargame-es-2","17":"first","18":"onbackorder","19":"sale","20":"taxable","21":"shipping-taxable","22":"purchasable","23":"product-type-simple"},"exclude_global_add_ons":[],"addons":[],"acf":[],"_links":{"self":[{"href":"https:\/\/www.customeeple.com\/es\/wp-json\/wp\/v2\/product\/55836","targetHints":{"allow":["GET"]}}],"collection":[{"href":"https:\/\/www.customeeple.com\/es\/wp-json\/wp\/v2\/product"}],"about":[{"href":"https:\/\/www.customeeple.com\/es\/wp-json\/wp\/v2\/types\/product"}],"wp:featuredmedia":[{"embeddable":true,"href":"https:\/\/www.customeeple.com\/es\/wp-json\/wp\/v2\/media\/55826"}],"wp:attachment":[{"href":"https:\/\/www.customeeple.com\/es\/wp-json\/wp\/v2\/media?parent=55836"}],"wp:term":[{"taxonomy":"product_brand","embeddable":true,"href":"https:\/\/www.customeeple.com\/es\/wp-json\/wp\/v2\/product_brand?post=55836"},{"taxonomy":"product_cat","embeddable":true,"href":"https:\/\/www.customeeple.com\/es\/wp-json\/wp\/v2\/product_cat?post=55836"},{"taxonomy":"product_tag","embeddable":true,"href":"https:\/\/www.customeeple.com\/es\/wp-json\/wp\/v2\/product_tag?post=55836"}],"curies":[{"name":"wp","href":"https:\/\/api.w.org\/{rel}","templated":true}]}}