{"id":55719,"date":"2020-12-04T20:20:28","date_gmt":"2020-12-04T19:20:28","guid":{"rendered":"https:\/\/www.customeeple.com\/?post_type=product&#038;p=55719"},"modified":"2020-12-04T20:25:09","modified_gmt":"2020-12-04T19:25:09","slug":"iq-focus","status":"publish","type":"product","link":"https:\/\/www.customeeple.com\/es\/producto\/iq-focus\/","title":{"rendered":"IQ Focus (ESP)"},"content":{"rendered":"<div class=\"product attribute overview\">\n<div class=\"value\">\n<div class=\"product-description\">\n<p class=\"a-spacing-mini a-color-secondary a-text-italic\">En IQ-Focus la clave est\u00e1 en resolver la cuadr\u00edcula central de 3\u00d73, pero ahora el desaf\u00edo s\u00f3lo muestra una parte de la soluci\u00f3n.<\/p>\n<p class=\"a-spacing-mini a-color-secondary a-text-italic\">Algunas piezas del rompecabezas tienen s\u00f3lo 1 color, otras tienen 2, 3 o 4 colores diferentes.<\/p>\n<p class=\"a-spacing-mini a-color-secondary a-text-italic\">Esto hace que identificar qu\u00e9 parte de las piezas del rompecabezas es visible en la cuadr\u00edcula central 3\u00d73 sea mucho m\u00e1s dif\u00edcil.<\/p>\n<p class=\"a-spacing-mini a-color-secondary a-text-italic\">\u00bfSer\u00e1s capaz de solucionar los 120 retos?<\/p>\n<p class=\"textAlignCenter\"><strong>Edad:<\/strong> 8+<\/p>\n<p class=\"textAlignCenter\"><strong>Jugadores: 1<\/strong><\/p>\n<p class=\"textAlignCenter\"><b>N\u00famero de retos: 120<\/b><\/p>\n<p><strong>Habilidades:<\/strong><br \/>\nConcentraci\u00f3n, Soluci\u00f3n de problemas, Visi\u00f3n espacial<\/p>\n<\/div>\n<\/div>\n<\/div>\n","protected":false},"excerpt":{"rendered":"<p>Boardgame.<\/p>\n","protected":false},"featured_media":55715,"template":"","meta":{"_acf_changed":false},"product_brand":[],"product_cat":[1561,1653,1180],"product_tag":[1264,1280,1757],"class_list":{"0":"post-55719","1":"product","2":"type-product","3":"status-publish","4":"has-post-thumbnail","6":"product_cat-familiar-es","7":"product_cat-boardgames","8":"product_cat-retail-products-es","9":"product_tag-boardgame-es","10":"product_tag-juego-de-mesa-es","11":"product_tag-ludilo-es","13":"first","14":"onbackorder","15":"sale","16":"taxable","17":"shipping-taxable","18":"purchasable","19":"product-type-simple"},"exclude_global_add_ons":[],"addons":[],"acf":[],"_links":{"self":[{"href":"https:\/\/www.customeeple.com\/es\/wp-json\/wp\/v2\/product\/55719","targetHints":{"allow":["GET"]}}],"collection":[{"href":"https:\/\/www.customeeple.com\/es\/wp-json\/wp\/v2\/product"}],"about":[{"href":"https:\/\/www.customeeple.com\/es\/wp-json\/wp\/v2\/types\/product"}],"wp:featuredmedia":[{"embeddable":true,"href":"https:\/\/www.customeeple.com\/es\/wp-json\/wp\/v2\/media\/55715"}],"wp:attachment":[{"href":"https:\/\/www.customeeple.com\/es\/wp-json\/wp\/v2\/media?parent=55719"}],"wp:term":[{"taxonomy":"product_brand","embeddable":true,"href":"https:\/\/www.customeeple.com\/es\/wp-json\/wp\/v2\/product_brand?post=55719"},{"taxonomy":"product_cat","embeddable":true,"href":"https:\/\/www.customeeple.com\/es\/wp-json\/wp\/v2\/product_cat?post=55719"},{"taxonomy":"product_tag","embeddable":true,"href":"https:\/\/www.customeeple.com\/es\/wp-json\/wp\/v2\/product_tag?post=55719"}],"curies":[{"name":"wp","href":"https:\/\/api.w.org\/{rel}","templated":true}]}}