{"id":55717,"date":"2020-12-04T20:20:26","date_gmt":"2020-12-04T19:20:26","guid":{"rendered":"https:\/\/www.customeeple.com\/?post_type=product&#038;p=55717"},"modified":"2020-12-04T20:24:37","modified_gmt":"2020-12-04T19:24:37","slug":"iq-puzzler-pro-spa","status":"publish","type":"product","link":"https:\/\/www.customeeple.com\/es\/producto\/iq-puzzler-pro-spa\/","title":{"rendered":"IQ Puzzler Pro (ESP)"},"content":{"rendered":"<div class=\"product attribute overview\">\n<div class=\"value\">\n<div class=\"product-description\">\n<p class=\"a-spacing-mini a-color-secondary a-text-italic\">IQ-Puzzler Pro, la versi\u00f3n actualizada del \u201cbest-seller\u201d IQ-Puzzler: 120 desaf\u00edos y tres modos de juego diferentes, incluyendo desaf\u00edos en 2D y 3D.<\/p>\n<p class=\"a-spacing-mini a-color-secondary a-text-italic\">La parte superior del tablero incluye una superficie para los desaf\u00edos en 2D y para los desaf\u00edos piramidales en 3D y la base del tablero se convierte en una plataforma para los nuevos desaf\u00edos diagonales en 2D.<\/p>\n<p class=\"a-spacing-mini a-color-secondary a-text-italic\">Todo en el mismo estuche compacto y port\u00e1til.<\/p>\n<p class=\"textAlignCenter\"><strong>Edad:<\/strong> 6+<\/p>\n<p class=\"textAlignCenter\"><strong>Jugadores: 1<\/strong><\/p>\n<p class=\"textAlignCenter\"><b>N\u00famero de retos: 120<\/b><\/p>\n<p><strong>Habilidades:<\/strong><br \/>\nConcentraci\u00f3n, Soluci\u00f3n de problemas, Visi\u00f3n espacial<\/p>\n<\/div>\n<\/div>\n<\/div>\n","protected":false},"excerpt":{"rendered":"<p>Boardgame.<\/p>\n","protected":false},"featured_media":55695,"template":"","meta":{"_acf_changed":false},"product_brand":[],"product_cat":[1561,1653,1180],"product_tag":[1264,1280,1757],"class_list":{"0":"post-55717","1":"product","2":"type-product","3":"status-publish","4":"has-post-thumbnail","6":"product_cat-familiar-es","7":"product_cat-boardgames","8":"product_cat-retail-products-es","9":"product_tag-boardgame-es","10":"product_tag-juego-de-mesa-es","11":"product_tag-ludilo-es","13":"first","14":"onbackorder","15":"sale","16":"taxable","17":"shipping-taxable","18":"purchasable","19":"product-type-simple"},"exclude_global_add_ons":[],"addons":[],"acf":[],"_links":{"self":[{"href":"https:\/\/www.customeeple.com\/es\/wp-json\/wp\/v2\/product\/55717","targetHints":{"allow":["GET"]}}],"collection":[{"href":"https:\/\/www.customeeple.com\/es\/wp-json\/wp\/v2\/product"}],"about":[{"href":"https:\/\/www.customeeple.com\/es\/wp-json\/wp\/v2\/types\/product"}],"wp:featuredmedia":[{"embeddable":true,"href":"https:\/\/www.customeeple.com\/es\/wp-json\/wp\/v2\/media\/55695"}],"wp:attachment":[{"href":"https:\/\/www.customeeple.com\/es\/wp-json\/wp\/v2\/media?parent=55717"}],"wp:term":[{"taxonomy":"product_brand","embeddable":true,"href":"https:\/\/www.customeeple.com\/es\/wp-json\/wp\/v2\/product_brand?post=55717"},{"taxonomy":"product_cat","embeddable":true,"href":"https:\/\/www.customeeple.com\/es\/wp-json\/wp\/v2\/product_cat?post=55717"},{"taxonomy":"product_tag","embeddable":true,"href":"https:\/\/www.customeeple.com\/es\/wp-json\/wp\/v2\/product_tag?post=55717"}],"curies":[{"name":"wp","href":"https:\/\/api.w.org\/{rel}","templated":true}]}}