{"id":55683,"date":"2020-12-04T20:04:50","date_gmt":"2020-12-04T19:04:51","guid":{"rendered":"https:\/\/www.customeeple.com\/?post_type=product&#038;p=55683"},"modified":"2020-12-04T20:45:04","modified_gmt":"2020-12-04T19:45:04","slug":"los-tres-cerditos","status":"publish","type":"product","link":"https:\/\/www.customeeple.com\/es\/producto\/los-tres-cerditos\/","title":{"rendered":"Los tres Cerditos (ESP)"},"content":{"rendered":"<div class=\"product attribute overview\">\n<div class=\"value\">\n<div class=\"product-description\">\n<p class=\"a-spacing-mini a-color-secondary a-text-italic\">\u00bfPodr\u00edas mover las casas para que los cerditos puedan jugar fuera?<\/p>\n<p class=\"a-spacing-mini a-color-secondary a-text-italic\">Si viene el lobo, \u00bfpodr\u00edas ayudarles a permanecer seguros dentro de sus casas?<\/p>\n<p class=\"a-spacing-mini a-color-secondary a-text-italic\">Los tres Cerditos es un juego de ingenio perfecto para ni\u00f1os peque\u00f1os por sus 3 piezas grandes f\u00e1ciles de manipular.<\/p>\n<p class=\"a-spacing-mini a-color-secondary a-text-italic\">Los ni\u00f1os quedan fascinados al ver como los cerditos entran en las casas y miran por las ventanas.<\/p>\n<p class=\"textAlignCenter\"><strong>Edad:<\/strong> 3-6<\/p>\n<p class=\"textAlignCenter\"><strong>Jugadores: 1<\/strong><\/p>\n<p class=\"textAlignCenter\"><b>N\u00famero de retos: 48<\/b><\/p>\n<p><strong>Habilidades:<\/strong><br \/>\nConcentraci\u00f3n, L\u00f3gica, Planificaci\u00f3n, Soluci\u00f3n de problemas, Visi\u00f3n espacial<\/p>\n<\/div>\n<\/div>\n<\/div>\n","protected":false},"excerpt":{"rendered":"<p>Boardgame.<\/p>\n","protected":false},"featured_media":55689,"template":"","meta":{"_acf_changed":false},"product_brand":[],"product_cat":[1564,1653,1180],"product_tag":[1264,1280,1757],"class_list":{"0":"post-55683","1":"product","2":"type-product","3":"status-publish","4":"has-post-thumbnail","6":"product_cat-childrens-es","7":"product_cat-boardgames","8":"product_cat-retail-products-es","9":"product_tag-boardgame-es","10":"product_tag-juego-de-mesa-es","11":"product_tag-ludilo-es","13":"first","14":"instock","15":"sale","16":"taxable","17":"shipping-taxable","18":"purchasable","19":"product-type-simple"},"exclude_global_add_ons":[],"addons":[],"acf":[],"_links":{"self":[{"href":"https:\/\/www.customeeple.com\/es\/wp-json\/wp\/v2\/product\/55683","targetHints":{"allow":["GET"]}}],"collection":[{"href":"https:\/\/www.customeeple.com\/es\/wp-json\/wp\/v2\/product"}],"about":[{"href":"https:\/\/www.customeeple.com\/es\/wp-json\/wp\/v2\/types\/product"}],"wp:featuredmedia":[{"embeddable":true,"href":"https:\/\/www.customeeple.com\/es\/wp-json\/wp\/v2\/media\/55689"}],"wp:attachment":[{"href":"https:\/\/www.customeeple.com\/es\/wp-json\/wp\/v2\/media?parent=55683"}],"wp:term":[{"taxonomy":"product_brand","embeddable":true,"href":"https:\/\/www.customeeple.com\/es\/wp-json\/wp\/v2\/product_brand?post=55683"},{"taxonomy":"product_cat","embeddable":true,"href":"https:\/\/www.customeeple.com\/es\/wp-json\/wp\/v2\/product_cat?post=55683"},{"taxonomy":"product_tag","embeddable":true,"href":"https:\/\/www.customeeple.com\/es\/wp-json\/wp\/v2\/product_tag?post=55683"}],"curies":[{"name":"wp","href":"https:\/\/api.w.org\/{rel}","templated":true}]}}