{"id":55650,"date":"2020-12-04T19:51:05","date_gmt":"2020-12-04T18:51:05","guid":{"rendered":"https:\/\/www.customeeple.com\/?post_type=product&#038;p=55650"},"modified":"2020-12-04T20:41:24","modified_gmt":"2020-12-04T19:41:24","slug":"mision-espacial","status":"publish","type":"product","link":"https:\/\/www.customeeple.com\/es\/producto\/mision-espacial\/","title":{"rendered":"Misi\u00f3n Espacial (ESP)"},"content":{"rendered":"<div class=\"product attribute overview\">\n<div class=\"value\">\n<div class=\"product-description\">\n<p class=\"a-spacing-mini a-color-secondary a-text-italic\">\u00bfPuedes pilotar tu nave espacial por un campo de asteroides?<\/p>\n<p class=\"a-spacing-mini a-color-secondary a-text-italic\">\u00a1Pon a prueba tu ingenio para cumplir la misi\u00f3n! Misi\u00f3n Espacial es un rompecabezas deslizante gal\u00e1ctico con 60 misiones, desde nivel principiante a nivel experto.<\/p>\n<p class=\"textAlignCenter\"><strong>Edad:<\/strong> 8+<\/p>\n<p class=\"textAlignCenter\"><strong>Jugadores: 1<\/strong><\/p>\n<p class=\"textAlignCenter\"><b>N\u00famero de retos: 60<\/b><\/p>\n<p><strong>Habilidades:<\/strong><br \/>\nPensamiento flexible, Percepci\u00f3n visual, Planificaci\u00f3n, Soluci\u00f3n de problemas, Visi\u00f3n espacial<\/p>\n<\/div>\n<\/div>\n<\/div>\n","protected":false},"excerpt":{"rendered":"<p>Boardgame.<\/p>\n","protected":false},"featured_media":55656,"template":"","meta":{"_acf_changed":false},"product_brand":[],"product_cat":[1561,1653,1180],"product_tag":[1264,1280,1757],"class_list":{"0":"post-55650","1":"product","2":"type-product","3":"status-publish","4":"has-post-thumbnail","6":"product_cat-familiar-es","7":"product_cat-boardgames","8":"product_cat-retail-products-es","9":"product_tag-boardgame-es","10":"product_tag-juego-de-mesa-es","11":"product_tag-ludilo-es","13":"first","14":"onbackorder","15":"sale","16":"taxable","17":"shipping-taxable","18":"purchasable","19":"product-type-simple"},"exclude_global_add_ons":[],"addons":[],"acf":[],"_links":{"self":[{"href":"https:\/\/www.customeeple.com\/es\/wp-json\/wp\/v2\/product\/55650","targetHints":{"allow":["GET"]}}],"collection":[{"href":"https:\/\/www.customeeple.com\/es\/wp-json\/wp\/v2\/product"}],"about":[{"href":"https:\/\/www.customeeple.com\/es\/wp-json\/wp\/v2\/types\/product"}],"wp:featuredmedia":[{"embeddable":true,"href":"https:\/\/www.customeeple.com\/es\/wp-json\/wp\/v2\/media\/55656"}],"wp:attachment":[{"href":"https:\/\/www.customeeple.com\/es\/wp-json\/wp\/v2\/media?parent=55650"}],"wp:term":[{"taxonomy":"product_brand","embeddable":true,"href":"https:\/\/www.customeeple.com\/es\/wp-json\/wp\/v2\/product_brand?post=55650"},{"taxonomy":"product_cat","embeddable":true,"href":"https:\/\/www.customeeple.com\/es\/wp-json\/wp\/v2\/product_cat?post=55650"},{"taxonomy":"product_tag","embeddable":true,"href":"https:\/\/www.customeeple.com\/es\/wp-json\/wp\/v2\/product_tag?post=55650"}],"curies":[{"name":"wp","href":"https:\/\/api.w.org\/{rel}","templated":true}]}}