{"id":55626,"date":"2020-12-04T19:23:05","date_gmt":"2020-12-04T18:23:05","guid":{"rendered":"https:\/\/www.customeeple.com\/?post_type=product&#038;p=55626"},"modified":"2020-12-04T20:27:29","modified_gmt":"2020-12-04T19:27:29","slug":"banderea","status":"publish","type":"product","link":"https:\/\/www.customeeple.com\/es\/producto\/banderea\/","title":{"rendered":"Banderea (ESP)"},"content":{"rendered":"<div class=\"product attribute overview\">\n<div class=\"value\">\n<div class=\"product-description\">\n<p class=\"a-spacing-mini a-color-secondary a-text-italic\">Descubre las banderas del mundo, la capital, poblaci\u00f3n y dimensi\u00f3n de los pa\u00edses, as\u00ed como el continente en el que se encuentran. Todo mientras te diviertes y desaf\u00edas a tus amigos. 6 modos de juego diferentes que requieren velocidad, percepci\u00f3n visual, atenci\u00f3n y memoria. \u00a1Ejercita tu mente con un juego de cartas y dados, banderas y pa\u00edses!<\/p>\n<p class=\"textAlignCenter\"><strong>Edad:<\/strong> 5+<\/p>\n<p class=\"textAlignCenter\"><strong>Jugadores:<\/strong> 2-10<\/p>\n<p class=\"textAlignCenter\"><strong>Tiempo de juego: 10<\/strong>\u00a0minutos<\/p>\n<p><strong>Habilidades:<\/strong><br \/>\nConcentraci\u00f3n, Memoria, Velocidad de procesamiento<\/p>\n<\/div>\n<\/div>\n<\/div>\n","protected":false},"excerpt":{"rendered":"<p>Boardgame.<\/p>\n","protected":false},"featured_media":55577,"template":"","meta":{"_acf_changed":false},"product_brand":[],"product_cat":[1561,1564,1653,1556,1180],"product_tag":[1264,1280,1757],"class_list":{"0":"post-55626","1":"product","2":"type-product","3":"status-publish","4":"has-post-thumbnail","6":"product_cat-familiar-es","7":"product_cat-childrens-es","8":"product_cat-boardgames","9":"product_cat-board-games-es","10":"product_cat-retail-products-es","11":"product_tag-boardgame-es","12":"product_tag-juego-de-mesa-es","13":"product_tag-ludilo-es","15":"first","16":"instock","17":"sale","18":"taxable","19":"shipping-taxable","20":"purchasable","21":"product-type-simple"},"exclude_global_add_ons":[],"addons":[],"acf":[],"_links":{"self":[{"href":"https:\/\/www.customeeple.com\/es\/wp-json\/wp\/v2\/product\/55626","targetHints":{"allow":["GET"]}}],"collection":[{"href":"https:\/\/www.customeeple.com\/es\/wp-json\/wp\/v2\/product"}],"about":[{"href":"https:\/\/www.customeeple.com\/es\/wp-json\/wp\/v2\/types\/product"}],"wp:featuredmedia":[{"embeddable":true,"href":"https:\/\/www.customeeple.com\/es\/wp-json\/wp\/v2\/media\/55577"}],"wp:attachment":[{"href":"https:\/\/www.customeeple.com\/es\/wp-json\/wp\/v2\/media?parent=55626"}],"wp:term":[{"taxonomy":"product_brand","embeddable":true,"href":"https:\/\/www.customeeple.com\/es\/wp-json\/wp\/v2\/product_brand?post=55626"},{"taxonomy":"product_cat","embeddable":true,"href":"https:\/\/www.customeeple.com\/es\/wp-json\/wp\/v2\/product_cat?post=55626"},{"taxonomy":"product_tag","embeddable":true,"href":"https:\/\/www.customeeple.com\/es\/wp-json\/wp\/v2\/product_tag?post=55626"}],"curies":[{"name":"wp","href":"https:\/\/api.w.org\/{rel}","templated":true}]}}