{"id":55618,"date":"2020-12-04T18:42:01","date_gmt":"2020-12-04T17:42:02","guid":{"rendered":"https:\/\/www.customeeple.com\/?post_type=product&#038;p=55618"},"modified":"2020-12-04T20:33:23","modified_gmt":"2020-12-04T19:33:23","slug":"sospechosos-inhabituales","status":"publish","type":"product","link":"https:\/\/www.customeeple.com\/es\/producto\/sospechosos-inhabituales\/","title":{"rendered":"Sospechosos Inhabituales (ESP)"},"content":{"rendered":"<div class=\"product attribute overview\">\n<div class=\"value\">\n<div class=\"product-description\">\n<p class=\"a-spacing-mini a-color-secondary a-text-italic\">Juego cooperativo.<\/p>\n<p class=\"a-spacing-mini a-color-secondary a-text-italic\">Un jugador asume el papel de testigo pero no puede responder preguntas sobre el aspecto f\u00edsico del culpable; las respuestas estar\u00e1n basadas en los h\u00e1bitos, las opiniones y los gustos de los sospechosos. Los dem\u00e1s ser\u00e1n los investigadores.<\/p>\n<p class=\"a-spacing-mini a-color-secondary a-text-italic\">El testigo es el \u00fanico que conoce la identidad del culpable.<\/p>\n<p class=\"textAlignCenter\"><strong>Edad:<\/strong> 10+<\/p>\n<p class=\"textAlignCenter\"><strong>Jugadores:<\/strong> 3-6<\/p>\n<p class=\"textAlignCenter\"><strong>Tiempo de juego: 20<\/strong>\u00a0minutos<\/p>\n<p><strong>Habilidades:<\/strong><br \/>\nAtenci\u00f3n, Memoria<\/p>\n<\/div>\n<\/div>\n<\/div>\n","protected":false},"excerpt":{"rendered":"<p>Boardgame.<\/p>\n","protected":false},"featured_media":55581,"template":"","meta":{"_acf_changed":false},"product_brand":[],"product_cat":[1561,1653,1556,1180],"product_tag":[1264,1280,1757],"class_list":{"0":"post-55618","1":"product","2":"type-product","3":"status-publish","4":"has-post-thumbnail","6":"product_cat-familiar-es","7":"product_cat-boardgames","8":"product_cat-board-games-es","9":"product_cat-retail-products-es","10":"product_tag-boardgame-es","11":"product_tag-juego-de-mesa-es","12":"product_tag-ludilo-es","14":"first","15":"onbackorder","16":"sale","17":"taxable","18":"shipping-taxable","19":"purchasable","20":"product-type-simple"},"exclude_global_add_ons":[],"addons":[],"acf":[],"_links":{"self":[{"href":"https:\/\/www.customeeple.com\/es\/wp-json\/wp\/v2\/product\/55618","targetHints":{"allow":["GET"]}}],"collection":[{"href":"https:\/\/www.customeeple.com\/es\/wp-json\/wp\/v2\/product"}],"about":[{"href":"https:\/\/www.customeeple.com\/es\/wp-json\/wp\/v2\/types\/product"}],"wp:featuredmedia":[{"embeddable":true,"href":"https:\/\/www.customeeple.com\/es\/wp-json\/wp\/v2\/media\/55581"}],"wp:attachment":[{"href":"https:\/\/www.customeeple.com\/es\/wp-json\/wp\/v2\/media?parent=55618"}],"wp:term":[{"taxonomy":"product_brand","embeddable":true,"href":"https:\/\/www.customeeple.com\/es\/wp-json\/wp\/v2\/product_brand?post=55618"},{"taxonomy":"product_cat","embeddable":true,"href":"https:\/\/www.customeeple.com\/es\/wp-json\/wp\/v2\/product_cat?post=55618"},{"taxonomy":"product_tag","embeddable":true,"href":"https:\/\/www.customeeple.com\/es\/wp-json\/wp\/v2\/product_tag?post=55618"}],"curies":[{"name":"wp","href":"https:\/\/api.w.org\/{rel}","templated":true}]}}