{"id":55612,"date":"2020-12-04T18:10:36","date_gmt":"2020-12-04T17:10:36","guid":{"rendered":"https:\/\/www.customeeple.com\/?post_type=product&#038;p=55612"},"modified":"2021-09-21T22:05:12","modified_gmt":"2021-09-21T21:05:12","slug":"slapzi","status":"publish","type":"product","link":"https:\/\/www.customeeple.com\/es\/producto\/slapzi\/","title":{"rendered":"Slapzi (ESP)"},"content":{"rendered":"<div class=\"product attribute overview\">\n<div class=\"value\">\n<div class=\"product-description\">\n<p class=\"a-spacing-mini a-color-secondary a-text-italic\">\u00a1\u00a1En Slapzi, si pesta\u00f1eas\u2026pierdes!!<\/p>\n<p class=\"a-spacing-mini a-color-secondary a-text-italic\">\u00a1El juego de cartas, im\u00e1genes, pistas, velocidad y mucha diversi\u00f3n! Un juego de mesa en el que cada jugador debe ser el m\u00e1s r\u00e1pido en emparejar las cartas de su mano con la carta de pista que se voltea en cada ronda. \u00a1El primer jugador en quedarse sin cartas gana!<\/p>\n<p class=\"textAlignCenter\"><strong>Edad:<\/strong> 6+<\/p>\n<p class=\"textAlignCenter\"><strong>Jugadores:<\/strong> 2-8<\/p>\n<p class=\"textAlignCenter\"><strong>Tiempo de juego: 10<\/strong>\u00a0minutos<\/p>\n<p><strong>Habilidades:<\/strong><br \/>\nPensamiento flexible, Percepci\u00f3n visual, Velocidad de procesamiento<\/p>\n<\/div>\n<\/div>\n<\/div>\n","protected":false},"excerpt":{"rendered":"<p>Boardgame.<\/p>\n","protected":false},"featured_media":55591,"template":"","meta":{"_acf_changed":false},"product_brand":[],"product_cat":[1561,1653,1556,1180],"product_tag":[1264,1280,1757],"class_list":{"0":"post-55612","1":"product","2":"type-product","3":"status-publish","4":"has-post-thumbnail","6":"product_cat-familiar-es","7":"product_cat-boardgames","8":"product_cat-board-games-es","9":"product_cat-retail-products-es","10":"product_tag-boardgame-es","11":"product_tag-juego-de-mesa-es","12":"product_tag-ludilo-es","14":"first","15":"onbackorder","16":"sale","17":"taxable","18":"shipping-taxable","19":"purchasable","20":"product-type-simple"},"exclude_global_add_ons":[],"addons":[],"acf":[],"_links":{"self":[{"href":"https:\/\/www.customeeple.com\/es\/wp-json\/wp\/v2\/product\/55612","targetHints":{"allow":["GET"]}}],"collection":[{"href":"https:\/\/www.customeeple.com\/es\/wp-json\/wp\/v2\/product"}],"about":[{"href":"https:\/\/www.customeeple.com\/es\/wp-json\/wp\/v2\/types\/product"}],"wp:featuredmedia":[{"embeddable":true,"href":"https:\/\/www.customeeple.com\/es\/wp-json\/wp\/v2\/media\/55591"}],"wp:attachment":[{"href":"https:\/\/www.customeeple.com\/es\/wp-json\/wp\/v2\/media?parent=55612"}],"wp:term":[{"taxonomy":"product_brand","embeddable":true,"href":"https:\/\/www.customeeple.com\/es\/wp-json\/wp\/v2\/product_brand?post=55612"},{"taxonomy":"product_cat","embeddable":true,"href":"https:\/\/www.customeeple.com\/es\/wp-json\/wp\/v2\/product_cat?post=55612"},{"taxonomy":"product_tag","embeddable":true,"href":"https:\/\/www.customeeple.com\/es\/wp-json\/wp\/v2\/product_tag?post=55612"}],"curies":[{"name":"wp","href":"https:\/\/api.w.org\/{rel}","templated":true}]}}