{"id":55553,"date":"2020-12-04T13:38:13","date_gmt":"2020-12-04T12:38:13","guid":{"rendered":"https:\/\/www.customeeple.com\/?post_type=product&#038;p=55553"},"modified":"2020-12-04T13:41:41","modified_gmt":"2020-12-04T12:41:41","slug":"merienda-jurasica","status":"publish","type":"product","link":"https:\/\/www.customeeple.com\/es\/producto\/merienda-jurasica\/","title":{"rendered":"Merienda Jur\u00e1sica (ESP)"},"content":{"rendered":"<p>A los j\u00f3venes Diplodocus les encantan las hojas de los pastos vecinos. Para ganar, tu equipo de Diplos (Diplodocus) tiene que comer m\u00e1s hojas que el equipo del oponente\u2026 \u00a1a no ser que uno de vosotros decida llamar a los T. Rex para acabar con los Diplos del contrario!<\/p>\n<p>Merienda Jur\u00e1sica es un juego para toda la familia, en el que los jugadores intentar\u00e1n conseguir puntos de victoria comiendo fichas de hierba con sus Diplos. Pero ten cuidado de que los Tiranosaurios no asusten a tus Diplos, \u00a1porque eso har\u00e1 que vuelvan a tu reserva!<\/p>\n<p>Cada ficha de hierba tiene una habilidad especial que revelar\u00e1s al com\u00e9rtela con un Diplo, como Erupci\u00f3n volc\u00e1nica (que hace que desaparezcan fichas de hierba), Viaje a\u00e9reo (un pterod\u00e1ctilo mueve a tu Diplo a la casilla que quieras), o \u00a1Sorpresa!, con la que aparece un T. Rex en el tablero\u2026<\/p>\n<p>Mueve a tus Diplos por el tablero esquivando a los malvados T. Rex, y consigue tantos puntos como seas capaz para ser el ganador. O mueve a los T. Rex y asusta a los Diplos de tu oponente\u2026 \u00a1lo que sea por tal de comer la mejor Merienda Jur\u00e1sica.<\/p>\n<p><strong>Cantidad de jugadores:<\/strong> 2<\/p>\n<p><strong>Duraci\u00f3n:<\/strong> 15 minutos<\/p>\n<p><strong>Edad:<\/strong> +7 a\u00f1os<\/p>\n","protected":false},"excerpt":{"rendered":"<p>Boardgame.<\/p>\n","protected":false},"featured_media":55547,"template":"","meta":{"_acf_changed":false},"product_brand":[],"product_cat":[1564,1653,1180],"product_tag":[1264,1280],"class_list":{"0":"post-55553","1":"product","2":"type-product","3":"status-publish","4":"has-post-thumbnail","6":"product_cat-childrens-es","7":"product_cat-boardgames","8":"product_cat-retail-products-es","9":"product_tag-boardgame-es","10":"product_tag-juego-de-mesa-es","12":"first","13":"onbackorder","14":"sale","15":"taxable","16":"shipping-taxable","17":"purchasable","18":"product-type-simple"},"exclude_global_add_ons":[],"addons":[],"acf":[],"_links":{"self":[{"href":"https:\/\/www.customeeple.com\/es\/wp-json\/wp\/v2\/product\/55553","targetHints":{"allow":["GET"]}}],"collection":[{"href":"https:\/\/www.customeeple.com\/es\/wp-json\/wp\/v2\/product"}],"about":[{"href":"https:\/\/www.customeeple.com\/es\/wp-json\/wp\/v2\/types\/product"}],"wp:featuredmedia":[{"embeddable":true,"href":"https:\/\/www.customeeple.com\/es\/wp-json\/wp\/v2\/media\/55547"}],"wp:attachment":[{"href":"https:\/\/www.customeeple.com\/es\/wp-json\/wp\/v2\/media?parent=55553"}],"wp:term":[{"taxonomy":"product_brand","embeddable":true,"href":"https:\/\/www.customeeple.com\/es\/wp-json\/wp\/v2\/product_brand?post=55553"},{"taxonomy":"product_cat","embeddable":true,"href":"https:\/\/www.customeeple.com\/es\/wp-json\/wp\/v2\/product_cat?post=55553"},{"taxonomy":"product_tag","embeddable":true,"href":"https:\/\/www.customeeple.com\/es\/wp-json\/wp\/v2\/product_tag?post=55553"}],"curies":[{"name":"wp","href":"https:\/\/api.w.org\/{rel}","templated":true}]}}