{"id":55541,"date":"2020-12-04T12:53:50","date_gmt":"2020-12-04T11:53:50","guid":{"rendered":"https:\/\/www.customeeple.com\/?post_type=product&#038;p=55541"},"modified":"2025-05-30T22:59:50","modified_gmt":"2025-05-30T21:59:50","slug":"rhino-hero","status":"publish","type":"product","link":"https:\/\/www.customeeple.com\/es\/producto\/rhino-hero\/","title":{"rendered":"Rhino Hero (ESP)"},"content":{"rendered":"<p>\u00a1\u00a1\u00a1S\u00ediii!!! Rhino Hero est\u00e1 otra vez en acci\u00f3n! Este superh\u00e9roe bestial escala sin miedo los edificios m\u00e1s altos para divisar a ladrones y bribones. Es fuerte como un le\u00f3n y listo como un zorro, pero tambi\u00e9n es tan pesado como un rinoceronte. Esto hace que se tambaleen hasta los rascacielos m\u00e1s s\u00f3lidos. \u00bfPod\u00e9is ayudar a Rhino Hero a cumplir su tambaleante misi\u00f3n, y construir un rascacielos que sea estable?<\/p>\n<p class=\"product-content\"><strong>Contenido:<\/strong><\/p>\n<div class=\"product-content\">31 tejados (= cartas de acci\u00f3n), 28 paredes, 1 cimiento (= carta de inicio), 1 Rhino Hero, 1 instrucciones del juego.<\/div>\n<p>&nbsp;<\/p>\n<p><strong>Cantidad de jugadores:<\/strong> 2-5<\/p>\n<p><strong>Duraci\u00f3n:<\/strong> 10-20 minutos<\/p>\n<p><strong>Edad:<\/strong> +5 a\u00f1os<\/p>\n","protected":false},"excerpt":{"rendered":"<p>Boardgame.<\/p>\n","protected":false},"featured_media":55543,"template":"","meta":{"_acf_changed":false},"product_brand":[],"product_cat":[1561,1991,1564,1653,1180],"product_tag":[1264,1280],"class_list":{"0":"post-55541","1":"product","2":"type-product","3":"status-publish","4":"has-post-thumbnail","6":"product_cat-familiar-es","7":"product_cat-ha-es","8":"product_cat-childrens-es","9":"product_cat-boardgames","10":"product_cat-retail-products-es","11":"product_tag-boardgame-es","12":"product_tag-juego-de-mesa-es","14":"first","15":"instock","16":"sale","17":"taxable","18":"shipping-taxable","19":"purchasable","20":"product-type-simple"},"exclude_global_add_ons":[],"addons":[],"acf":[],"_links":{"self":[{"href":"https:\/\/www.customeeple.com\/es\/wp-json\/wp\/v2\/product\/55541","targetHints":{"allow":["GET"]}}],"collection":[{"href":"https:\/\/www.customeeple.com\/es\/wp-json\/wp\/v2\/product"}],"about":[{"href":"https:\/\/www.customeeple.com\/es\/wp-json\/wp\/v2\/types\/product"}],"wp:featuredmedia":[{"embeddable":true,"href":"https:\/\/www.customeeple.com\/es\/wp-json\/wp\/v2\/media\/55543"}],"wp:attachment":[{"href":"https:\/\/www.customeeple.com\/es\/wp-json\/wp\/v2\/media?parent=55541"}],"wp:term":[{"taxonomy":"product_brand","embeddable":true,"href":"https:\/\/www.customeeple.com\/es\/wp-json\/wp\/v2\/product_brand?post=55541"},{"taxonomy":"product_cat","embeddable":true,"href":"https:\/\/www.customeeple.com\/es\/wp-json\/wp\/v2\/product_cat?post=55541"},{"taxonomy":"product_tag","embeddable":true,"href":"https:\/\/www.customeeple.com\/es\/wp-json\/wp\/v2\/product_tag?post=55541"}],"curies":[{"name":"wp","href":"https:\/\/api.w.org\/{rel}","templated":true}]}}