{"id":55532,"date":"2020-12-03T17:54:11","date_gmt":"2020-12-03T16:54:11","guid":{"rendered":"https:\/\/www.customeeple.com\/?post_type=product&#038;p=55532"},"modified":"2023-05-08T10:32:07","modified_gmt":"2023-05-08T09:32:07","slug":"coup-reforma","status":"publish","type":"product","link":"https:\/\/www.customeeple.com\/es\/producto\/coup-reforma\/","title":{"rendered":"Coup + Reforma (ESP)"},"content":{"rendered":"<div class=\"product attribute overview\">\n<div class=\"value\">\n<div class=\"product-description\">\n<p>Juego de roles ocultos, repleto de confusiones y misterios. \u00bfQui\u00e9n te gustar\u00eda ser? \u00bfDuque, Asesino, Condesa, Embajador o Capit\u00e1n? Juega bien tus cartas y sorprende a tus rivales. Adem\u00e1s, esta edici\u00f3n incluye \u00abLa Reforma\u00bb.<\/p>\n<p><strong>N\u00ba de Jugadores: 3-8<\/strong><\/p>\n<p><strong>Edad recomendada:\u00a0 10+<\/strong><\/p>\n<p><strong>Tiempo de juego: 15 minutos<\/strong><\/p>\n<\/div>\n<\/div>\n<\/div>\n","protected":false},"excerpt":{"rendered":"<p>Boardgame.<\/p>\n","protected":false},"featured_media":55528,"template":"","meta":{"_acf_changed":false},"product_brand":[],"product_cat":[1561,1557,1653,1180],"product_tag":[1264,1280],"class_list":{"0":"post-55532","1":"product","2":"type-product","3":"status-publish","4":"has-post-thumbnail","6":"product_cat-familiar-es","7":"product_cat-card-game-es","8":"product_cat-boardgames","9":"product_cat-retail-products-es","10":"product_tag-boardgame-es","11":"product_tag-juego-de-mesa-es","13":"first","14":"outofstock","15":"sale","16":"taxable","17":"shipping-taxable","18":"purchasable","19":"product-type-simple"},"exclude_global_add_ons":[],"addons":[],"acf":[],"_links":{"self":[{"href":"https:\/\/www.customeeple.com\/es\/wp-json\/wp\/v2\/product\/55532","targetHints":{"allow":["GET"]}}],"collection":[{"href":"https:\/\/www.customeeple.com\/es\/wp-json\/wp\/v2\/product"}],"about":[{"href":"https:\/\/www.customeeple.com\/es\/wp-json\/wp\/v2\/types\/product"}],"wp:featuredmedia":[{"embeddable":true,"href":"https:\/\/www.customeeple.com\/es\/wp-json\/wp\/v2\/media\/55528"}],"wp:attachment":[{"href":"https:\/\/www.customeeple.com\/es\/wp-json\/wp\/v2\/media?parent=55532"}],"wp:term":[{"taxonomy":"product_brand","embeddable":true,"href":"https:\/\/www.customeeple.com\/es\/wp-json\/wp\/v2\/product_brand?post=55532"},{"taxonomy":"product_cat","embeddable":true,"href":"https:\/\/www.customeeple.com\/es\/wp-json\/wp\/v2\/product_cat?post=55532"},{"taxonomy":"product_tag","embeddable":true,"href":"https:\/\/www.customeeple.com\/es\/wp-json\/wp\/v2\/product_tag?post=55532"}],"curies":[{"name":"wp","href":"https:\/\/api.w.org\/{rel}","templated":true}]}}