{"id":55526,"date":"2020-12-03T17:47:46","date_gmt":"2020-12-03T16:47:46","guid":{"rendered":"https:\/\/www.customeeple.com\/?post_type=product&#038;p=55526"},"modified":"2020-12-03T17:53:46","modified_gmt":"2020-12-03T16:53:46","slug":"el-portero-baldomero","status":"publish","type":"product","link":"https:\/\/www.customeeple.com\/es\/producto\/el-portero-baldomero\/","title":{"rendered":"El portero Baldomero (ESP)"},"content":{"rendered":"<div class=\"product attribute overview\">\n<div class=\"value\">\n<div class=\"product-description\">\n<p>El portero Baldomero es un juego de cartas de roles ocultos, de 3 a 6 jugadores, donde el enga\u00f1o y la deducci\u00f3n decidir\u00e1n qui\u00e9n es el ganador. \u00bfConseguir\u00e1n los vecinos salvaguardar su intimidad o el portero Baldomero obtendr\u00e1 m\u00e1s material para sus cotilleos?<\/p>\n<p><strong>N\u00ba de Jugadores: 3-8<\/strong><\/p>\n<p><strong>Edad recomendada:\u00a0 10+<\/strong><\/p>\n<p><strong>Tiempo de juego: 15 minutos<\/strong><\/p>\n<\/div>\n<\/div>\n<\/div>\n","protected":false},"excerpt":{"rendered":"<p>Boardgame.<\/p>\n","protected":false},"featured_media":55530,"template":"","meta":{"_acf_changed":false},"product_brand":[],"product_cat":[1561,1557,1653,1180],"product_tag":[1264,1280],"class_list":{"0":"post-55526","1":"product","2":"type-product","3":"status-publish","4":"has-post-thumbnail","6":"product_cat-familiar-es","7":"product_cat-card-game-es","8":"product_cat-boardgames","9":"product_cat-retail-products-es","10":"product_tag-boardgame-es","11":"product_tag-juego-de-mesa-es","13":"first","14":"outofstock","15":"sale","16":"taxable","17":"shipping-taxable","18":"purchasable","19":"product-type-simple"},"exclude_global_add_ons":[],"addons":[],"acf":[],"_links":{"self":[{"href":"https:\/\/www.customeeple.com\/es\/wp-json\/wp\/v2\/product\/55526","targetHints":{"allow":["GET"]}}],"collection":[{"href":"https:\/\/www.customeeple.com\/es\/wp-json\/wp\/v2\/product"}],"about":[{"href":"https:\/\/www.customeeple.com\/es\/wp-json\/wp\/v2\/types\/product"}],"wp:featuredmedia":[{"embeddable":true,"href":"https:\/\/www.customeeple.com\/es\/wp-json\/wp\/v2\/media\/55530"}],"wp:attachment":[{"href":"https:\/\/www.customeeple.com\/es\/wp-json\/wp\/v2\/media?parent=55526"}],"wp:term":[{"taxonomy":"product_brand","embeddable":true,"href":"https:\/\/www.customeeple.com\/es\/wp-json\/wp\/v2\/product_brand?post=55526"},{"taxonomy":"product_cat","embeddable":true,"href":"https:\/\/www.customeeple.com\/es\/wp-json\/wp\/v2\/product_cat?post=55526"},{"taxonomy":"product_tag","embeddable":true,"href":"https:\/\/www.customeeple.com\/es\/wp-json\/wp\/v2\/product_tag?post=55526"}],"curies":[{"name":"wp","href":"https:\/\/api.w.org\/{rel}","templated":true}]}}