{"id":55520,"date":"2020-12-03T17:35:22","date_gmt":"2020-12-03T16:35:22","guid":{"rendered":"https:\/\/www.customeeple.com\/?post_type=product&#038;p=55520"},"modified":"2020-12-03T17:40:20","modified_gmt":"2020-12-03T16:40:20","slug":"el-castillo-del-terror-spa-2","status":"publish","type":"product","link":"https:\/\/www.customeeple.com\/es\/producto\/el-castillo-del-terror-spa-2\/","title":{"rendered":"El castillo del terror 2 (ESP)"},"content":{"rendered":"<div class=\"product attribute overview\">\n<div class=\"value\">\n<div class=\"product-description\">\n<p>Al igual que el juego base, este juego incluye cartas grandes con ilustraciones llamativas de nuevos monstruos y objetos.<\/p>\n<p>Adem\u00e1s de aportar un n\u00famero adicional de jugadores, con esta expansi\u00f3n, el maestro Manu S\u00e1nchez nos genera una nueva experiencia de juego incorporando nuevas formas de atrapar a los monstruos y una nuevas cartas de acci\u00f3n como la trampa y la moneda.<\/p>\n<p>Igualmente hay que destacar que a parte de los tres modos de juego aportados por el juego base, ahora a\u00f1adir\u00e1s un modo adicional colaborativo, donde los jugadores deber\u00e1n evitar ser atrapados en las diferentes habitaciones del castillo por los diferentes monstruos.<\/p>\n<p>El Castillo del Terror 2 es m\u00e1s terror\u00edfico y m\u00e1s divertido&#8230;!!!<\/p>\n<p>El Castillo del Terror 2 es una expansi\u00f3n, y necesita el juego b\u00e1sico \u00abEl Castillo del Terror\u00bb para jugar.<\/p>\n<p><strong>N\u00ba de Jugadores: 2-5<\/strong><\/p>\n<p><strong>Edad recomendada:\u00a0 8+<\/strong><\/p>\n<p><strong>Tiempo de juego: 20 minutos<\/strong><\/p>\n<\/div>\n<\/div>\n<\/div>\n","protected":false},"excerpt":{"rendered":"<p>Boardgame.<\/p>\n","protected":false},"featured_media":55522,"template":"","meta":{"_acf_changed":false},"product_brand":[],"product_cat":[1561,1564,1557,1653,1180],"product_tag":[1264,1280],"class_list":{"0":"post-55520","1":"product","2":"type-product","3":"status-publish","4":"has-post-thumbnail","6":"product_cat-familiar-es","7":"product_cat-childrens-es","8":"product_cat-card-game-es","9":"product_cat-boardgames","10":"product_cat-retail-products-es","11":"product_tag-boardgame-es","12":"product_tag-juego-de-mesa-es","14":"first","15":"instock","16":"sale","17":"taxable","18":"shipping-taxable","19":"purchasable","20":"product-type-simple"},"exclude_global_add_ons":[],"addons":[],"acf":[],"_links":{"self":[{"href":"https:\/\/www.customeeple.com\/es\/wp-json\/wp\/v2\/product\/55520","targetHints":{"allow":["GET"]}}],"collection":[{"href":"https:\/\/www.customeeple.com\/es\/wp-json\/wp\/v2\/product"}],"about":[{"href":"https:\/\/www.customeeple.com\/es\/wp-json\/wp\/v2\/types\/product"}],"wp:featuredmedia":[{"embeddable":true,"href":"https:\/\/www.customeeple.com\/es\/wp-json\/wp\/v2\/media\/55522"}],"wp:attachment":[{"href":"https:\/\/www.customeeple.com\/es\/wp-json\/wp\/v2\/media?parent=55520"}],"wp:term":[{"taxonomy":"product_brand","embeddable":true,"href":"https:\/\/www.customeeple.com\/es\/wp-json\/wp\/v2\/product_brand?post=55520"},{"taxonomy":"product_cat","embeddable":true,"href":"https:\/\/www.customeeple.com\/es\/wp-json\/wp\/v2\/product_cat?post=55520"},{"taxonomy":"product_tag","embeddable":true,"href":"https:\/\/www.customeeple.com\/es\/wp-json\/wp\/v2\/product_tag?post=55520"}],"curies":[{"name":"wp","href":"https:\/\/api.w.org\/{rel}","templated":true}]}}