{"id":55518,"date":"2020-12-03T17:18:16","date_gmt":"2020-12-03T16:18:16","guid":{"rendered":"https:\/\/www.customeeple.com\/?post_type=product&#038;p=55518"},"modified":"2020-12-03T17:34:11","modified_gmt":"2020-12-03T16:34:11","slug":"el-castillo-del-terror","status":"publish","type":"product","link":"https:\/\/www.customeeple.com\/es\/producto\/el-castillo-del-terror\/","title":{"rendered":"El castillo del terror (ESP)"},"content":{"rendered":"<div class=\"product attribute overview\">\n<div class=\"value\">\n<div class=\"product-description\">\n<p>El Castillo del Terror es un juego terror\u00edficamente divertido para todas las edades que contiene 62 cartas grandes entre personajes, objetos y monstruos. Ilustraciones de gran calidad.<\/p>\n<p>Adem\u00e1s, su autor, Manu Sanchez, \u00abel profesor de la gamificaci\u00f3n\u00bb, ha incluido tres modalidades de juego totalmente diferentes que no solo ofrece muchas formas de diversi\u00f3n y para todas las edades, sino una herramienta de mejora de habilidades para los m\u00e1s peque\u00f1os de la casa.<br \/>\nLas tres modalidades de juego incluidas son:<\/p>\n<p>\u00b7 Investigador Observador: Mec\u00e1nica de colecci\u00f3n de set, esto es, recopilar objetos que ayuden a atrapar a los monstruos del castillo.<\/p>\n<p>\u00b7 Explorador veloz: Mec\u00e1nica de velocidad visual. El m\u00e1s r\u00e1pido en identificar los objetos con los que cazar los monstruos conseguir\u00e1\u00a0 la victoria.<\/p>\n<p>\u00b7 Cazador memori\u00f3n: Mec\u00e1nica memory. Recuerda donde est\u00e1n las cartas de objeto y consigue la combinaci\u00f3n exacta para cazar aquellos con los que te encuentras por los pasillos del castillo.<\/p>\n<p><strong>N\u00ba de Jugadores: 2-4<\/strong><\/p>\n<p><strong>Edad recomendada:\u00a0 6+<\/strong><\/p>\n<p><strong>Tiempo de juego: 20 minutos<\/strong><\/p>\n<\/div>\n<\/div>\n<\/div>\n","protected":false},"excerpt":{"rendered":"<p>Boardgame.<\/p>\n","protected":false},"featured_media":55510,"template":"","meta":{"_acf_changed":false},"product_brand":[],"product_cat":[1561,1564,1557,1653,1180],"product_tag":[1264,1280],"class_list":{"0":"post-55518","1":"product","2":"type-product","3":"status-publish","4":"has-post-thumbnail","6":"product_cat-familiar-es","7":"product_cat-childrens-es","8":"product_cat-card-game-es","9":"product_cat-boardgames","10":"product_cat-retail-products-es","11":"product_tag-boardgame-es","12":"product_tag-juego-de-mesa-es","14":"first","15":"instock","16":"sale","17":"taxable","18":"shipping-taxable","19":"purchasable","20":"product-type-simple"},"exclude_global_add_ons":[],"addons":[],"acf":[],"_links":{"self":[{"href":"https:\/\/www.customeeple.com\/es\/wp-json\/wp\/v2\/product\/55518","targetHints":{"allow":["GET"]}}],"collection":[{"href":"https:\/\/www.customeeple.com\/es\/wp-json\/wp\/v2\/product"}],"about":[{"href":"https:\/\/www.customeeple.com\/es\/wp-json\/wp\/v2\/types\/product"}],"wp:featuredmedia":[{"embeddable":true,"href":"https:\/\/www.customeeple.com\/es\/wp-json\/wp\/v2\/media\/55510"}],"wp:attachment":[{"href":"https:\/\/www.customeeple.com\/es\/wp-json\/wp\/v2\/media?parent=55518"}],"wp:term":[{"taxonomy":"product_brand","embeddable":true,"href":"https:\/\/www.customeeple.com\/es\/wp-json\/wp\/v2\/product_brand?post=55518"},{"taxonomy":"product_cat","embeddable":true,"href":"https:\/\/www.customeeple.com\/es\/wp-json\/wp\/v2\/product_cat?post=55518"},{"taxonomy":"product_tag","embeddable":true,"href":"https:\/\/www.customeeple.com\/es\/wp-json\/wp\/v2\/product_tag?post=55518"}],"curies":[{"name":"wp","href":"https:\/\/api.w.org\/{rel}","templated":true}]}}