{"id":55516,"date":"2020-12-03T17:18:07","date_gmt":"2020-12-03T16:18:08","guid":{"rendered":"https:\/\/www.customeeple.com\/?post_type=product&#038;p=55516"},"modified":"2024-05-27T10:05:49","modified_gmt":"2024-05-27T09:05:49","slug":"mascotas-spa","status":"publish","type":"product","link":"https:\/\/www.customeeple.com\/es\/producto\/mascotas-spa\/","title":{"rendered":"Mascotas (ESP)"},"content":{"rendered":"<div class=\"product attribute overview\">\n<div class=\"value\">\n<div class=\"product-description\">\n<p>MASCOTAS\u00a0es un divertid\u00edsimo juego para todas las edades que contiene 82 cartas tama\u00f1o poker que incluyen 8 mascotas objetivo, las cartas de cuidados de mascota (casitas, juegos, comida y aseo), cartas de estado (enfadadas, enfermas, sanas y mimitos), y las cartas de acci\u00f3n como el ni\u00f1o travieso, la tienda de mascotas, o el temible cient\u00edfico loco.<br \/>\nAdem\u00e1s se incluyen 4 cartas grandes de mascota que formar\u00e1 el tablero central, as\u00ed\u00a0 como reglas de juego en espa\u00f1ol e ingl\u00e9s.<\/p>\n<p><strong>N\u00ba de Jugadores: 2-8<\/strong><\/p>\n<p><strong>Edad recomendada:\u00a0 4+<\/strong><\/p>\n<p><strong>Tiempo de juego: 20 minutos<\/strong><\/p>\n<p>&nbsp;<\/p>\n<\/div>\n<\/div>\n<\/div>\n","protected":false},"excerpt":{"rendered":"<p>Boardgame.<\/p>\n","protected":false},"featured_media":55494,"template":"","meta":{"_acf_changed":false},"product_brand":[],"product_cat":[1561,1564,1557,1653,1180],"product_tag":[1264,1280],"class_list":{"0":"post-55516","1":"product","2":"type-product","3":"status-publish","4":"has-post-thumbnail","6":"product_cat-familiar-es","7":"product_cat-childrens-es","8":"product_cat-card-game-es","9":"product_cat-boardgames","10":"product_cat-retail-products-es","11":"product_tag-boardgame-es","12":"product_tag-juego-de-mesa-es","14":"first","15":"instock","16":"sale","17":"taxable","18":"shipping-taxable","19":"purchasable","20":"product-type-simple"},"exclude_global_add_ons":[],"addons":[],"acf":[],"_links":{"self":[{"href":"https:\/\/www.customeeple.com\/es\/wp-json\/wp\/v2\/product\/55516","targetHints":{"allow":["GET"]}}],"collection":[{"href":"https:\/\/www.customeeple.com\/es\/wp-json\/wp\/v2\/product"}],"about":[{"href":"https:\/\/www.customeeple.com\/es\/wp-json\/wp\/v2\/types\/product"}],"wp:featuredmedia":[{"embeddable":true,"href":"https:\/\/www.customeeple.com\/es\/wp-json\/wp\/v2\/media\/55494"}],"wp:attachment":[{"href":"https:\/\/www.customeeple.com\/es\/wp-json\/wp\/v2\/media?parent=55516"}],"wp:term":[{"taxonomy":"product_brand","embeddable":true,"href":"https:\/\/www.customeeple.com\/es\/wp-json\/wp\/v2\/product_brand?post=55516"},{"taxonomy":"product_cat","embeddable":true,"href":"https:\/\/www.customeeple.com\/es\/wp-json\/wp\/v2\/product_cat?post=55516"},{"taxonomy":"product_tag","embeddable":true,"href":"https:\/\/www.customeeple.com\/es\/wp-json\/wp\/v2\/product_tag?post=55516"}],"curies":[{"name":"wp","href":"https:\/\/api.w.org\/{rel}","templated":true}]}}