{"id":55490,"date":"2020-12-03T17:10:04","date_gmt":"2020-12-03T16:10:04","guid":{"rendered":"https:\/\/www.customeeple.com\/?post_type=product&#038;p=55490"},"modified":"2020-12-03T17:17:02","modified_gmt":"2020-12-03T16:17:02","slug":"spoilers-the-beginning","status":"publish","type":"product","link":"https:\/\/www.customeeple.com\/es\/producto\/spoilers-the-beginning\/","title":{"rendered":"Spoilers: The Beginning (ESP)"},"content":{"rendered":"<div class=\"product attribute overview\">\n<div class=\"value\">\n<div class=\"product-description\">\n<p>Prep\u00e1rate para una sesi\u00f3n especial con patrullas de zombis, cocodrilos gigantes, robots asesinos y perros karateca.<br \/>\n\u00bfSer\u00e1s capaz de adivinar lo que ocurre en pel\u00edculas incre\u00edbles donde todo es posible y nada es lo que parece?<br \/>\nSum\u00e9rgete en el mejor, y peor, cine de serie B con la versi\u00f3n de bolsillo de Spoilers: The Game.<br \/>\nSpoilers: The Beginning (El comienzo) es un juego independiente con nuevos modos de juego. Se puede jugar por s\u00ed solo o combinar con Spoilers: The Game y aplicar las reglas originales.<\/p>\n<p>IMPORTANTE: NO HACE FALTA HABER VISTO LAS PEL\u00cdCULAS PARA PODER JUGAR<\/p>\n<ul class=\"the-icons grey\">\n<li><i class=\"icon-asterisk\"><\/i>JUEGO INDEPENDIENTE: no necesitas ning\u00fan otro Spoilers para jugar.<\/li>\n<li><i class=\"icon-pencil\"><\/i>\u00a0Un juego de Manu Palau.<\/li>\n<li><i class=\"icon-user\"><\/i>\u00a0Jugadores: 3 a 6<\/li>\n<li><i class=\"icon-ok\"><\/i>\u00a0Edad: 12+<\/li>\n<li><i class=\"icon-time\"><\/i>\u00a0Duraci\u00f3n: 20 minutos<\/li>\n<li><i class=\"icon-star\"><\/i>\u00a0Incluye 54 tarjetas de pel\u00edcula, 6 cartas de punto extra y 1 libreta.<\/li>\n<li><i class=\"icon-flag\"><\/i>\u00a0Reglas en espa\u00f1ol.<\/li>\n<\/ul>\n<\/div>\n<\/div>\n<\/div>\n","protected":false},"excerpt":{"rendered":"<p>Boardgame.<\/p>\n","protected":false},"featured_media":55480,"template":"","meta":{"_acf_changed":false},"product_brand":[],"product_cat":[1561,1557,1653,1180],"product_tag":[1264,1280],"class_list":{"0":"post-55490","1":"product","2":"type-product","3":"status-publish","4":"has-post-thumbnail","6":"product_cat-familiar-es","7":"product_cat-card-game-es","8":"product_cat-boardgames","9":"product_cat-retail-products-es","10":"product_tag-boardgame-es","11":"product_tag-juego-de-mesa-es","13":"first","14":"onbackorder","15":"sale","16":"taxable","17":"shipping-taxable","18":"purchasable","19":"product-type-simple"},"exclude_global_add_ons":[],"addons":[],"acf":[],"_links":{"self":[{"href":"https:\/\/www.customeeple.com\/es\/wp-json\/wp\/v2\/product\/55490","targetHints":{"allow":["GET"]}}],"collection":[{"href":"https:\/\/www.customeeple.com\/es\/wp-json\/wp\/v2\/product"}],"about":[{"href":"https:\/\/www.customeeple.com\/es\/wp-json\/wp\/v2\/types\/product"}],"wp:featuredmedia":[{"embeddable":true,"href":"https:\/\/www.customeeple.com\/es\/wp-json\/wp\/v2\/media\/55480"}],"wp:attachment":[{"href":"https:\/\/www.customeeple.com\/es\/wp-json\/wp\/v2\/media?parent=55490"}],"wp:term":[{"taxonomy":"product_brand","embeddable":true,"href":"https:\/\/www.customeeple.com\/es\/wp-json\/wp\/v2\/product_brand?post=55490"},{"taxonomy":"product_cat","embeddable":true,"href":"https:\/\/www.customeeple.com\/es\/wp-json\/wp\/v2\/product_cat?post=55490"},{"taxonomy":"product_tag","embeddable":true,"href":"https:\/\/www.customeeple.com\/es\/wp-json\/wp\/v2\/product_tag?post=55490"}],"curies":[{"name":"wp","href":"https:\/\/api.w.org\/{rel}","templated":true}]}}