{"id":55488,"date":"2020-12-03T17:01:51","date_gmt":"2020-12-03T16:01:52","guid":{"rendered":"https:\/\/www.customeeple.com\/?post_type=product&#038;p=55488"},"modified":"2020-12-03T17:09:55","modified_gmt":"2020-12-03T16:09:55","slug":"spoilers-travel-edition","status":"publish","type":"product","link":"https:\/\/www.customeeple.com\/es\/producto\/spoilers-travel-edition\/","title":{"rendered":"Spoilers Travel Edition (ESP)"},"content":{"rendered":"<div class=\"product attribute overview\">\n<div class=\"value\">\n<div class=\"product-description\">\n<p>Con la versi\u00f3n de viaje de Spoilers: The Game vas a poder jugar en el coche, en el tren o en el lugar que t\u00fa quieras.<br \/>\nEl reto esta vez es adivinar de qu\u00e9 pel\u00edcula se trata con frases sacadas del tr\u00e1iler. Todas las pel\u00edculas son SUPERFAMOSAS y cada tarjeta incluye 5 frases. Cuanto antes adivin\u00e9is la pel\u00edcula, m\u00e1s puntos conseguir\u00e9is.<br \/>\nEl juego es cooperativo, as\u00ed que pod\u00e9is analizar entre todos cada una de las pistas.<\/p>\n<ul class=\"the-icons grey\">\n<li>JUEGO INDEPENDIENTE: no necesitas ning\u00fan otro Spoilers para jugar.<\/li>\n<li><i class=\"icon-pencil\"><\/i>\u00a0Un juego de Manu Palau.<\/li>\n<li><i class=\"icon-user\"><\/i>\u00a0Jugadores: 1 a 8<\/li>\n<li><i class=\"icon-ok\"><\/i>\u00a0Edad: 10+<\/li>\n<li><i class=\"icon-time\"><\/i>\u00a0Duraci\u00f3n: 15 minutos<\/li>\n<li><i class=\"icon-star\"><\/i>\u00a0Incluye 25 tarjetas de pel\u00edcula.<\/li>\n<li><i class=\"icon-flag\"><\/i>\u00a0Reglas en espa\u00f1ol.<\/li>\n<\/ul>\n<\/div>\n<\/div>\n<\/div>\n","protected":false},"excerpt":{"rendered":"<p>Boardgame.<\/p>\n","protected":false},"featured_media":55476,"template":"","meta":{"_acf_changed":false},"product_brand":[],"product_cat":[1561,1557,1653,1180],"product_tag":[1264,1280],"class_list":{"0":"post-55488","1":"product","2":"type-product","3":"status-publish","4":"has-post-thumbnail","6":"product_cat-familiar-es","7":"product_cat-card-game-es","8":"product_cat-boardgames","9":"product_cat-retail-products-es","10":"product_tag-boardgame-es","11":"product_tag-juego-de-mesa-es","13":"first","14":"onbackorder","15":"sale","16":"taxable","17":"shipping-taxable","18":"purchasable","19":"product-type-simple"},"exclude_global_add_ons":[],"addons":[],"acf":[],"_links":{"self":[{"href":"https:\/\/www.customeeple.com\/es\/wp-json\/wp\/v2\/product\/55488","targetHints":{"allow":["GET"]}}],"collection":[{"href":"https:\/\/www.customeeple.com\/es\/wp-json\/wp\/v2\/product"}],"about":[{"href":"https:\/\/www.customeeple.com\/es\/wp-json\/wp\/v2\/types\/product"}],"wp:featuredmedia":[{"embeddable":true,"href":"https:\/\/www.customeeple.com\/es\/wp-json\/wp\/v2\/media\/55476"}],"wp:attachment":[{"href":"https:\/\/www.customeeple.com\/es\/wp-json\/wp\/v2\/media?parent=55488"}],"wp:term":[{"taxonomy":"product_brand","embeddable":true,"href":"https:\/\/www.customeeple.com\/es\/wp-json\/wp\/v2\/product_brand?post=55488"},{"taxonomy":"product_cat","embeddable":true,"href":"https:\/\/www.customeeple.com\/es\/wp-json\/wp\/v2\/product_cat?post=55488"},{"taxonomy":"product_tag","embeddable":true,"href":"https:\/\/www.customeeple.com\/es\/wp-json\/wp\/v2\/product_tag?post=55488"}],"curies":[{"name":"wp","href":"https:\/\/api.w.org\/{rel}","templated":true}]}}