{"id":55482,"date":"2020-12-03T16:47:49","date_gmt":"2020-12-03T15:47:49","guid":{"rendered":"https:\/\/www.customeeple.com\/?post_type=product&#038;p=55482"},"modified":"2021-09-21T22:05:11","modified_gmt":"2021-09-21T21:05:11","slug":"ikonikus","status":"publish","type":"product","link":"https:\/\/www.customeeple.com\/es\/producto\/ikonikus\/","title":{"rendered":"Ikonikus (ESP)"},"content":{"rendered":"<div class=\"product attribute overview\">\n<div class=\"value\">\n<div class=\"product-description\">\n<p>\u00bfC\u00f3mo te sientes en el sill\u00f3n del dentista?, \u00bfc\u00f3mo te sentir\u00edas si se te cayera el tel\u00e9fono m\u00f3vil al v\u00e1ter?&#8230;<br \/>\n\u00bfSer\u00edas capaz de contestar a esas preguntas utilizando cartas en lugar de palabras?<br \/>\nLas cartas de Ikonikus solo contienen s\u00edmbolos, pero las interpretaciones son infinitas porque todo depende del contexto y de tu propio punto de vista.<\/p>\n<p>Ikonikus es un divertido juego en el que tendr\u00e1s que desarrollar toda tu empat\u00eda y ponerte en el lugar del resto de jugadores para adivinar qu\u00e9 sentir\u00edan ellos en cada situaci\u00f3n.<\/p>\n<\/div>\n<div>\n<ul class=\"the-icons grey\">\n<li>Un juego de Manu Palau.<\/li>\n<li><i class=\"icon-user\"><\/i>\u00a0Jugadores: 2 a 8<\/li>\n<li><i class=\"icon-ok\"><\/i>\u00a0Edad: 7+<\/li>\n<li><i class=\"icon-time\"><\/i>\u00a0Duraci\u00f3n: 15 minutos<\/li>\n<li><i class=\"icon-star\"><\/i>\u00a0Incluye 120 cartas emocionales (Ed. 2017)<\/li>\n<li><i class=\"icon-flag\"><\/i>\u00a0Reglas en espa\u00f1ol, ingl\u00e9s, franc\u00e9s, alem\u00e1n y portugu\u00e9s.<i class=\"icon-pencil\"><\/i><\/li>\n<\/ul>\n<\/div>\n<\/div>\n<\/div>\n","protected":false},"excerpt":{"rendered":"<p>Boardgame.<\/p>\n","protected":false},"featured_media":55472,"template":"","meta":{"_acf_changed":false},"product_brand":[],"product_cat":[1561,1557,1653,1180],"product_tag":[1264,1280],"class_list":{"0":"post-55482","1":"product","2":"type-product","3":"status-publish","4":"has-post-thumbnail","6":"product_cat-familiar-es","7":"product_cat-card-game-es","8":"product_cat-boardgames","9":"product_cat-retail-products-es","10":"product_tag-boardgame-es","11":"product_tag-juego-de-mesa-es","13":"first","14":"instock","15":"sale","16":"taxable","17":"shipping-taxable","18":"purchasable","19":"product-type-simple"},"exclude_global_add_ons":[],"addons":[],"acf":[],"_links":{"self":[{"href":"https:\/\/www.customeeple.com\/es\/wp-json\/wp\/v2\/product\/55482","targetHints":{"allow":["GET"]}}],"collection":[{"href":"https:\/\/www.customeeple.com\/es\/wp-json\/wp\/v2\/product"}],"about":[{"href":"https:\/\/www.customeeple.com\/es\/wp-json\/wp\/v2\/types\/product"}],"wp:featuredmedia":[{"embeddable":true,"href":"https:\/\/www.customeeple.com\/es\/wp-json\/wp\/v2\/media\/55472"}],"wp:attachment":[{"href":"https:\/\/www.customeeple.com\/es\/wp-json\/wp\/v2\/media?parent=55482"}],"wp:term":[{"taxonomy":"product_brand","embeddable":true,"href":"https:\/\/www.customeeple.com\/es\/wp-json\/wp\/v2\/product_brand?post=55482"},{"taxonomy":"product_cat","embeddable":true,"href":"https:\/\/www.customeeple.com\/es\/wp-json\/wp\/v2\/product_cat?post=55482"},{"taxonomy":"product_tag","embeddable":true,"href":"https:\/\/www.customeeple.com\/es\/wp-json\/wp\/v2\/product_tag?post=55482"}],"curies":[{"name":"wp","href":"https:\/\/api.w.org\/{rel}","templated":true}]}}