{"id":55373,"date":"2020-11-28T12:42:41","date_gmt":"2020-11-28T11:42:41","guid":{"rendered":"https:\/\/www.customeeple.com\/?post_type=product&#038;p=55373"},"modified":"2020-12-05T13:25:33","modified_gmt":"2020-12-05T12:25:33","slug":"blood-angels-death-company-intercessors-pre-order","status":"publish","type":"product","link":"https:\/\/www.customeeple.com\/es\/producto\/blood-angels-death-company-intercessors-pre-order\/","title":{"rendered":"Intercesores de la Compa\u00f1\u00eda de la Muerte de los \u00c1ngeles Sangrientos"},"content":{"rendered":"<p>Todos los \u00c1ngeles Sangrientos sintieron que sus esperanzas se desvanecieron cuando el primero de los Primaris Marines Espaciales tra\u00eddo al Cap\u00edtulo por Roboute Guilliman cay\u00f3 ante la Furia Negra. Con gran solemnidad estos hermanos fueron incorporados a la Compa\u00f1\u00eda de la Muerte. Sin embargo, una vez desatados en el campo de batalla, su fuerza, combinada con la furia de la Furia Negra, es un espect\u00e1culo aterrador para la vista.<\/p>\n<p>Este kit de pl\u00e1stico de varias partes contiene los componentes necesarios para montar un set de cinco Intercesores de la Compa\u00f1\u00eda de la Muerte de los \u00c1ngeles Sangrientos. Cada uno est\u00e1 armado con rifles b\u00f3lter que se pueden montar en una de las tres variantes: el rifle b\u00f3lter est\u00e1ndar con cargador de hoz, el rifle b\u00f3lter autom\u00e1tico con sobrecargador y cargador de caja, o el rifle b\u00f3lter Silencio con mira de mayor alcance y cargador recto. El kit tambi\u00e9n incluye una matriz de mejoras de Primaris de los \u00c1ngeles Sangrientos, que puede usarse para a\u00f1adir la her\u00e1ldica \u00fanica y la iconograf\u00eda de los \u00c1ngeles Sangrientos a tus miniaturas.<\/p>\n<p>Este kit se suministra con 5 peanas redondas Citadel de 32 mm y una hoja de calcoman\u00edas de infanter\u00eda Primaris de los \u00c1ngeles Sangrientos.<\/p>\n","protected":false},"excerpt":{"rendered":"<p>Games Workshop Miniature.<\/p>\n","protected":false},"featured_media":55339,"template":"","meta":{"_acf_changed":false},"product_brand":[],"product_cat":[1177,1180,1372,1623,1229],"product_tag":[1179,1736,787],"class_list":{"0":"post-55373","1":"product","2":"type-product","3":"status-publish","4":"has-post-thumbnail","6":"product_cat-games-workshop-es","7":"product_cat-retail-products-es","8":"product_cat-sci-fi-es","9":"product_cat-wargames-es-2","10":"product_cat-warhammer-40k-es","11":"product_tag-gamesworkshop-es","12":"product_tag-space-wolves-es","13":"product_tag-warhammer-40k-es-2","15":"first","16":"onbackorder","17":"sale","18":"taxable","19":"shipping-taxable","20":"purchasable","21":"product-type-simple"},"exclude_global_add_ons":[],"addons":[],"acf":[],"_links":{"self":[{"href":"https:\/\/www.customeeple.com\/es\/wp-json\/wp\/v2\/product\/55373","targetHints":{"allow":["GET"]}}],"collection":[{"href":"https:\/\/www.customeeple.com\/es\/wp-json\/wp\/v2\/product"}],"about":[{"href":"https:\/\/www.customeeple.com\/es\/wp-json\/wp\/v2\/types\/product"}],"wp:featuredmedia":[{"embeddable":true,"href":"https:\/\/www.customeeple.com\/es\/wp-json\/wp\/v2\/media\/55339"}],"wp:attachment":[{"href":"https:\/\/www.customeeple.com\/es\/wp-json\/wp\/v2\/media?parent=55373"}],"wp:term":[{"taxonomy":"product_brand","embeddable":true,"href":"https:\/\/www.customeeple.com\/es\/wp-json\/wp\/v2\/product_brand?post=55373"},{"taxonomy":"product_cat","embeddable":true,"href":"https:\/\/www.customeeple.com\/es\/wp-json\/wp\/v2\/product_cat?post=55373"},{"taxonomy":"product_tag","embeddable":true,"href":"https:\/\/www.customeeple.com\/es\/wp-json\/wp\/v2\/product_tag?post=55373"}],"curies":[{"name":"wp","href":"https:\/\/api.w.org\/{rel}","templated":true}]}}