{"id":55371,"date":"2020-11-28T12:42:31","date_gmt":"2020-11-28T11:42:31","guid":{"rendered":"https:\/\/www.customeeple.com\/?post_type=product&#038;p=55371"},"modified":"2024-07-14T00:00:11","modified_gmt":"2024-07-13T23:00:11","slug":"assault-intercessors","status":"publish","type":"product","link":"https:\/\/www.customeeple.com\/es\/producto\/assault-intercessors\/","title":{"rendered":"Space Marines Intercesores de Asalto"},"content":{"rendered":"<p>Los Intercesores de Asalto se cuentan entre las unidades de apoyo cercano m\u00e1s extendidas en el arsenal de un Cap\u00edtulo. Disparando sus pesadas pistolas b\u00f3lter mientras se acercan al enemigo, cargan en la refriega, donde acaban r\u00e1pidamente con sus enemigos a base de golpes brutales de sus espadas sierra.<\/p>\n<p>Los Intercesores de asalto son la unidad de tropas perfecta para los jugadores que prefieren estrategias m\u00e1s agresivas (\u00a1o simplemente les gusta cargar contra todos los enemigos a la vista!), donde pueden usar su brutal equipo de guerra de corto alcance con resultados letales.<\/p>\n<p>Este kit multicomponente de pl\u00e1stico contiene las piezas necesarias para montar un set de 10 Intercesores de asalto. Las miniaturas se pueden montar como una escuadra de 10 hombres, un escuadr\u00f3n de 9 Intercesores de asalto con un Sargento o 2 escuadras separadas de 5 hombres, cada una con su propio Sargento. Cada uno de ellos est\u00e1 armado con una espada sierra Astartes y una pistola b\u00f3lter pesada.<\/p>\n<p>Hay piezas adicionales en el kit que te permiten actualizar tus miniaturas de Sargento con cabezas \u00fanicas, un casco bloqueado magn\u00e9ticamente a su cintur\u00f3n y placas basculantes \u00fanicas para ayudarlos a destacar. Tus Sargentos tambi\u00e9n pueden estar equipados con una selecci\u00f3n de equipo especializado, que incluye una espada de poder, un martillo de poder o un martillo de trueno en lugar de su espada sierra Astartes, y un lanzallamas de mano o una pistola de plasma en lugar de su pistola b\u00f3lter pesada.<\/p>\n<p>Este kit se suministra con 10 peanas redondas Citadel de 32 mm y una hoja de calcoman\u00edas de Ultramarines.<\/p>\n","protected":false},"excerpt":{"rendered":"<p>Games Workshop Miniature.<\/p>\n","protected":false},"featured_media":55355,"template":"","meta":{"_acf_changed":false},"product_brand":[],"product_cat":[1177,1180,1372,1623,1229],"product_tag":[1179,1740,787],"class_list":{"0":"post-55371","1":"product","2":"type-product","3":"status-publish","4":"has-post-thumbnail","6":"product_cat-games-workshop-es","7":"product_cat-retail-products-es","8":"product_cat-sci-fi-es","9":"product_cat-wargames-es-2","10":"product_cat-warhammer-40k-es","11":"product_tag-gamesworkshop-es","12":"product_tag-space-marines-es","13":"product_tag-warhammer-40k-es-2","15":"first","16":"onbackorder","17":"sale","18":"taxable","19":"shipping-taxable","20":"purchasable","21":"product-type-simple"},"exclude_global_add_ons":[],"addons":[],"acf":[],"_links":{"self":[{"href":"https:\/\/www.customeeple.com\/es\/wp-json\/wp\/v2\/product\/55371","targetHints":{"allow":["GET"]}}],"collection":[{"href":"https:\/\/www.customeeple.com\/es\/wp-json\/wp\/v2\/product"}],"about":[{"href":"https:\/\/www.customeeple.com\/es\/wp-json\/wp\/v2\/types\/product"}],"wp:featuredmedia":[{"embeddable":true,"href":"https:\/\/www.customeeple.com\/es\/wp-json\/wp\/v2\/media\/55355"}],"wp:attachment":[{"href":"https:\/\/www.customeeple.com\/es\/wp-json\/wp\/v2\/media?parent=55371"}],"wp:term":[{"taxonomy":"product_brand","embeddable":true,"href":"https:\/\/www.customeeple.com\/es\/wp-json\/wp\/v2\/product_brand?post=55371"},{"taxonomy":"product_cat","embeddable":true,"href":"https:\/\/www.customeeple.com\/es\/wp-json\/wp\/v2\/product_cat?post=55371"},{"taxonomy":"product_tag","embeddable":true,"href":"https:\/\/www.customeeple.com\/es\/wp-json\/wp\/v2\/product_tag?post=55371"}],"curies":[{"name":"wp","href":"https:\/\/api.w.org\/{rel}","templated":true}]}}