{"id":55300,"date":"2020-11-25T17:16:18","date_gmt":"2020-11-25T16:16:18","guid":{"rendered":"https:\/\/www.customeeple.com\/?post_type=product&#038;p=55300"},"modified":"2020-11-25T17:22:14","modified_gmt":"2020-11-25T16:22:14","slug":"la-polilla-tramposa-esp","status":"publish","type":"product","link":"https:\/\/www.customeeple.com\/es\/producto\/la-polilla-tramposa-esp\/","title":{"rendered":"La Polilla Tramposa (ESP)"},"content":{"rendered":"<div class=\"product attribute overview\">\n<div class=\"value\">\n<p>La gran novedad del 2012, ganador del prestigioso <strong>Deutscher Spiele preis Best Children\u2019s Game.<\/strong>\u00a0En este original juego, las trampas no solo no est\u00e1n prohibidas, sino que probablemente estar\u00e1s obligado a hacerlas para ganar.<\/p>\n<p>Cada jugador recibe una mano de ocho cartas y gana el primero que consigue deshacerse de ellas. Por desgracia, algunas de ellas no pueden descartarse de forma normal y los jugadores deben buscar sistemas \u201calternativos\u201d para librarse de ellas.<\/p>\n<p>Componentes: 20 cartas de acci\u00f3n, 43 de n\u00fameros, 8 de polillas tramposa, 1 chinche guardi\u00e1n, reglamento<\/p>\n<p>Este juego dispone de 72 cartas y les corresponden fundas de 57x90mm<\/p>\n<\/div>\n<\/div>\n<p><strong>Cantidad de jugadores:<\/strong> 3-5<\/p>\n<p><strong>Duraci\u00f3n:<\/strong> 25 minutos<\/p>\n<p><strong>Edad:<\/strong> +7 a\u00f1os<\/p>\n","protected":false},"excerpt":{"rendered":"<p>Boardgame.<\/p>\n","protected":false},"featured_media":55291,"template":"","meta":{"_acf_changed":false},"product_brand":[],"product_cat":[1561,1564,1557,1653,1556,1180],"product_tag":[1264,1280],"class_list":{"0":"post-55300","1":"product","2":"type-product","3":"status-publish","4":"has-post-thumbnail","6":"product_cat-familiar-es","7":"product_cat-childrens-es","8":"product_cat-card-game-es","9":"product_cat-boardgames","10":"product_cat-board-games-es","11":"product_cat-retail-products-es","12":"product_tag-boardgame-es","13":"product_tag-juego-de-mesa-es","15":"first","16":"instock","17":"sale","18":"taxable","19":"shipping-taxable","20":"purchasable","21":"product-type-simple"},"exclude_global_add_ons":[],"addons":[],"acf":[],"_links":{"self":[{"href":"https:\/\/www.customeeple.com\/es\/wp-json\/wp\/v2\/product\/55300","targetHints":{"allow":["GET"]}}],"collection":[{"href":"https:\/\/www.customeeple.com\/es\/wp-json\/wp\/v2\/product"}],"about":[{"href":"https:\/\/www.customeeple.com\/es\/wp-json\/wp\/v2\/types\/product"}],"wp:featuredmedia":[{"embeddable":true,"href":"https:\/\/www.customeeple.com\/es\/wp-json\/wp\/v2\/media\/55291"}],"wp:attachment":[{"href":"https:\/\/www.customeeple.com\/es\/wp-json\/wp\/v2\/media?parent=55300"}],"wp:term":[{"taxonomy":"product_brand","embeddable":true,"href":"https:\/\/www.customeeple.com\/es\/wp-json\/wp\/v2\/product_brand?post=55300"},{"taxonomy":"product_cat","embeddable":true,"href":"https:\/\/www.customeeple.com\/es\/wp-json\/wp\/v2\/product_cat?post=55300"},{"taxonomy":"product_tag","embeddable":true,"href":"https:\/\/www.customeeple.com\/es\/wp-json\/wp\/v2\/product_tag?post=55300"}],"curies":[{"name":"wp","href":"https:\/\/api.w.org\/{rel}","templated":true}]}}