{"id":55279,"date":"2020-11-25T16:44:28","date_gmt":"2020-11-25T15:44:28","guid":{"rendered":"https:\/\/www.customeeple.com\/?post_type=product&#038;p=55279"},"modified":"2024-05-27T10:05:50","modified_gmt":"2024-05-27T09:05:50","slug":"la-torre-encantada-spa","status":"publish","type":"product","link":"https:\/\/www.customeeple.com\/es\/producto\/la-torre-encantada-spa\/","title":{"rendered":"La Torre Encantada (ESP)"},"content":{"rendered":"<p>La princesa ha sido capturada de nuevo por un hechicero malvado.<\/p>\n<p>Uno de los jugadores toma el papel del hechicero y esconde una llave bajo uno de los 16 espacios del tablero. Los dem\u00e1s jugadores colectivamente juegan a Robin, que trata de encontrarla llave antes de que vuelva el hechicero.<\/p>\n<p>Para complicar m\u00e1s las cosas, hay seis cerraduras en las que insertar la llave y solo una de ellas liberar\u00e1 a la princesa, as\u00ed que no ser\u00e1 nada f\u00e1cil conseguir adelantarse al hechicero\u2026<\/p>\n<p><strong>Cantidad de jugadores<\/strong>: 2-4<\/p>\n<p><strong>Duraci\u00f3n<\/strong>: 15 minutos<\/p>\n<p><strong>Edad<\/strong>: +5 a\u00f1os<\/p>\n","protected":false},"excerpt":{"rendered":"<p>Boardgame.<\/p>\n","protected":false},"featured_media":55281,"template":"","meta":{"_acf_changed":false},"product_brand":[],"product_cat":[1561,1653,1556,1180],"product_tag":[1264,1284,1280],"class_list":{"0":"post-55279","1":"product","2":"type-product","3":"status-publish","4":"has-post-thumbnail","6":"product_cat-familiar-es","7":"product_cat-boardgames","8":"product_cat-board-games-es","9":"product_cat-retail-products-es","10":"product_tag-boardgame-es","11":"product_tag-devir-es","12":"product_tag-juego-de-mesa-es","14":"first","15":"instock","16":"sale","17":"taxable","18":"shipping-taxable","19":"purchasable","20":"product-type-simple"},"exclude_global_add_ons":[],"addons":[],"acf":[],"_links":{"self":[{"href":"https:\/\/www.customeeple.com\/es\/wp-json\/wp\/v2\/product\/55279","targetHints":{"allow":["GET"]}}],"collection":[{"href":"https:\/\/www.customeeple.com\/es\/wp-json\/wp\/v2\/product"}],"about":[{"href":"https:\/\/www.customeeple.com\/es\/wp-json\/wp\/v2\/types\/product"}],"wp:featuredmedia":[{"embeddable":true,"href":"https:\/\/www.customeeple.com\/es\/wp-json\/wp\/v2\/media\/55281"}],"wp:attachment":[{"href":"https:\/\/www.customeeple.com\/es\/wp-json\/wp\/v2\/media?parent=55279"}],"wp:term":[{"taxonomy":"product_brand","embeddable":true,"href":"https:\/\/www.customeeple.com\/es\/wp-json\/wp\/v2\/product_brand?post=55279"},{"taxonomy":"product_cat","embeddable":true,"href":"https:\/\/www.customeeple.com\/es\/wp-json\/wp\/v2\/product_cat?post=55279"},{"taxonomy":"product_tag","embeddable":true,"href":"https:\/\/www.customeeple.com\/es\/wp-json\/wp\/v2\/product_tag?post=55279"}],"curies":[{"name":"wp","href":"https:\/\/api.w.org\/{rel}","templated":true}]}}