{"id":55238,"date":"2020-11-20T19:25:19","date_gmt":"2020-11-20T18:25:19","guid":{"rendered":"https:\/\/www.customeeple.com\/?post_type=product&#038;p=55238"},"modified":"2020-11-28T12:25:06","modified_gmt":"2020-11-28T11:25:06","slug":"prime-time-multiplayer-expansion","status":"publish","type":"product","link":"https:\/\/www.customeeple.com\/es\/producto\/prime-time-multiplayer-expansion\/","title":{"rendered":"Aristeia! Prime Time expansi\u00f3n multijugador"},"content":{"rendered":"<div class=\"p_collection\">\n<div id=\"primary_block\" class=\"clearfix\">\n<div class=\"add-top p_collection\">\n<p><strong>\u00a1Aristeia! Prime Time<\/strong>\u00a0es una expansi\u00f3n multijugador para este juego de acci\u00f3n t\u00e1ctica (estilo MOBA) que permite tomar el control de un equipo de cuatro personajes y luchar por los premios y la gloria bajo la atenta mirada de mil millones de espectadores. Coordina los movimientos \u00fanicos de tus personajes con un efecto espectacular en una variedad de escenarios estimulantes.<\/p>\n<p>Aristeia! Prime Time no es un juego completo. Para poder jugar se necesita una\u00a0<a title=\"Aristeia! Core Box\" href=\"https:\/\/store.corvusbelli.com\/boardgames\/aristeia\/core\/aristeia-core\"><strong>caja b\u00e1sica<\/strong><\/a>\u00a0de Aristeia!<\/p>\n<\/div>\n<\/div>\n<\/div>\n","protected":false},"excerpt":{"rendered":"<p>Boardgame.<\/p>\n","protected":false},"featured_media":55211,"template":"","meta":{"_acf_changed":false},"product_brand":[],"product_cat":[1323,1653,1180,1372],"product_tag":[1264,1280],"class_list":{"0":"post-55238","1":"product","2":"type-product","3":"status-publish","4":"has-post-thumbnail","6":"product_cat-aristeia-es","7":"product_cat-boardgames","8":"product_cat-retail-products-es","9":"product_cat-sci-fi-es","10":"product_tag-boardgame-es","11":"product_tag-juego-de-mesa-es","13":"first","14":"onbackorder","15":"sale","16":"taxable","17":"shipping-taxable","18":"purchasable","19":"product-type-simple"},"exclude_global_add_ons":[],"addons":[],"acf":[],"_links":{"self":[{"href":"https:\/\/www.customeeple.com\/es\/wp-json\/wp\/v2\/product\/55238","targetHints":{"allow":["GET"]}}],"collection":[{"href":"https:\/\/www.customeeple.com\/es\/wp-json\/wp\/v2\/product"}],"about":[{"href":"https:\/\/www.customeeple.com\/es\/wp-json\/wp\/v2\/types\/product"}],"wp:featuredmedia":[{"embeddable":true,"href":"https:\/\/www.customeeple.com\/es\/wp-json\/wp\/v2\/media\/55211"}],"wp:attachment":[{"href":"https:\/\/www.customeeple.com\/es\/wp-json\/wp\/v2\/media?parent=55238"}],"wp:term":[{"taxonomy":"product_brand","embeddable":true,"href":"https:\/\/www.customeeple.com\/es\/wp-json\/wp\/v2\/product_brand?post=55238"},{"taxonomy":"product_cat","embeddable":true,"href":"https:\/\/www.customeeple.com\/es\/wp-json\/wp\/v2\/product_cat?post=55238"},{"taxonomy":"product_tag","embeddable":true,"href":"https:\/\/www.customeeple.com\/es\/wp-json\/wp\/v2\/product_tag?post=55238"}],"curies":[{"name":"wp","href":"https:\/\/api.w.org\/{rel}","templated":true}]}}