{"id":55217,"date":"2020-11-20T17:31:29","date_gmt":"2020-11-20T16:31:29","guid":{"rendered":"https:\/\/www.customeeple.com\/?post_type=product&#038;p=55217"},"modified":"2020-11-28T12:25:12","modified_gmt":"2020-11-28T11:25:12","slug":"all-in-one-aristeia-core-prime-time-bundle-esp","status":"publish","type":"product","link":"https:\/\/www.customeeple.com\/es\/producto\/all-in-one-aristeia-core-prime-time-bundle-esp\/","title":{"rendered":"All In-One Aristeia! Core + Prime Time Bundle (ESP)"},"content":{"rendered":"<div class=\"p_collection\">\n<div id=\"primary_block\" class=\"clearfix\">\n<div class=\"add-top p_collection\">\n<div>\n<p>La caja \u00abAll-In-One\u00bb incluye las cajas de Aristeia! Core Box y Prime Time, la expansi\u00f3n que a\u00f1ade todas las reglas y materiales necesarios para permitir que hasta 4 jugadores se unan a la diversi\u00f3n, con nuevos escenarios y elementos de juego compatibles con Aristeia, como cartas de objetivos, proyectiles para correr y m\u00e1s<\/p>\n<p>Caja con<\/p>\n<ul>\n<li>1x Aristeia! Core Box<\/li>\n<li>1x Aristeia! Prime Time<\/li>\n<\/ul>\n<\/div>\n<\/div>\n<\/div>\n<\/div>\n","protected":false},"excerpt":{"rendered":"<p>Boardgame.<\/p>\n","protected":false},"featured_media":55201,"template":"","meta":{"_acf_changed":false},"product_brand":[],"product_cat":[1323,1653,1180,1372],"product_tag":[1264,1280],"class_list":{"0":"post-55217","1":"product","2":"type-product","3":"status-publish","4":"has-post-thumbnail","6":"product_cat-aristeia-es","7":"product_cat-boardgames","8":"product_cat-retail-products-es","9":"product_cat-sci-fi-es","10":"product_tag-boardgame-es","11":"product_tag-juego-de-mesa-es","13":"first","14":"outofstock","15":"sale","16":"taxable","17":"shipping-taxable","18":"purchasable","19":"product-type-simple"},"exclude_global_add_ons":[],"addons":[],"acf":[],"_links":{"self":[{"href":"https:\/\/www.customeeple.com\/es\/wp-json\/wp\/v2\/product\/55217","targetHints":{"allow":["GET"]}}],"collection":[{"href":"https:\/\/www.customeeple.com\/es\/wp-json\/wp\/v2\/product"}],"about":[{"href":"https:\/\/www.customeeple.com\/es\/wp-json\/wp\/v2\/types\/product"}],"wp:featuredmedia":[{"embeddable":true,"href":"https:\/\/www.customeeple.com\/es\/wp-json\/wp\/v2\/media\/55201"}],"wp:attachment":[{"href":"https:\/\/www.customeeple.com\/es\/wp-json\/wp\/v2\/media?parent=55217"}],"wp:term":[{"taxonomy":"product_brand","embeddable":true,"href":"https:\/\/www.customeeple.com\/es\/wp-json\/wp\/v2\/product_brand?post=55217"},{"taxonomy":"product_cat","embeddable":true,"href":"https:\/\/www.customeeple.com\/es\/wp-json\/wp\/v2\/product_cat?post=55217"},{"taxonomy":"product_tag","embeddable":true,"href":"https:\/\/www.customeeple.com\/es\/wp-json\/wp\/v2\/product_tag?post=55217"}],"curies":[{"name":"wp","href":"https:\/\/api.w.org\/{rel}","templated":true}]}}