{"id":55177,"date":"2020-11-18T19:42:59","date_gmt":"2020-11-18T18:42:59","guid":{"rendered":"https:\/\/www.customeeple.com\/?post_type=product&#038;p=55177"},"modified":"2025-01-10T00:00:15","modified_gmt":"2025-01-09T23:00:15","slug":"azul-mosaico-de-cristal","status":"publish","type":"product","link":"https:\/\/www.customeeple.com\/es\/producto\/azul-mosaico-de-cristal\/","title":{"rendered":"Azul Mosaico de cristal (ESP)"},"content":{"rendered":"<div class=\"p_collection\">\n<div id=\"primary_block\" class=\"clearfix\">\n<div class=\"add-top p_collection\">\n<div class=\"p_collection\">\n<p><em>Azul Mosaico de cristal<\/em>\u00a0mejora la experiencia de juego al proporcionar un aspecto m\u00e1s ordenado a los tableros de los jugadores. En esta caja tambi\u00e9n se incluyen nuevos tableros de doble cara que ofrecen emocionantes desaf\u00edos incluso para los fan\u00e1ticos m\u00e1s apasionados de\u00a0<em>Azul<\/em>.<\/p>\n<ul>\n<li>\u00a1Mejora la apariencia del juego con los nuevos organizadores acr\u00edlicos!<\/li>\n<li>\u00a1Nuevos y desafiantes tableros de doble cara!<\/li>\n<\/ul>\n<\/div>\n<div class=\"product_components double-top add-border\">\n<div class=\"color_grey_medium capitalize bold\">CONTENIDO<\/div>\n<hr \/>\n<div>4 organizadores acr\u00edlicos, 4 tableros nuevos y 1 reglamento.<\/div>\n<\/div>\n<div class=\"product_components add-top\">\n<div class=\"color_grey_medium capitalize bold\">NOTAS<\/div>\n<hr \/>\n<div>Necesitas una copia del juego b\u00e1sico Azul para jugar.<\/div>\n<\/div>\n<\/div>\n<\/div>\n<\/div>\n<div class=\"product_components double-top add-border\">\n<div>\n<p>&nbsp;<\/p>\n<\/div>\n<div><\/div>\n<\/div>\n","protected":false},"excerpt":{"rendered":"<p>Boardgame.<\/p>\n","protected":false},"featured_media":55179,"template":"","meta":{"_acf_changed":false},"product_brand":[],"product_cat":[1561,1653,1556,1180],"product_tag":[1264,1280],"class_list":{"0":"post-55177","1":"product","2":"type-product","3":"status-publish","4":"has-post-thumbnail","6":"product_cat-familiar-es","7":"product_cat-boardgames","8":"product_cat-board-games-es","9":"product_cat-retail-products-es","10":"product_tag-boardgame-es","11":"product_tag-juego-de-mesa-es","13":"first","14":"onbackorder","15":"taxable","16":"shipping-taxable","17":"purchasable","18":"product-type-simple"},"exclude_global_add_ons":[],"addons":[],"acf":[],"_links":{"self":[{"href":"https:\/\/www.customeeple.com\/es\/wp-json\/wp\/v2\/product\/55177","targetHints":{"allow":["GET"]}}],"collection":[{"href":"https:\/\/www.customeeple.com\/es\/wp-json\/wp\/v2\/product"}],"about":[{"href":"https:\/\/www.customeeple.com\/es\/wp-json\/wp\/v2\/types\/product"}],"wp:featuredmedia":[{"embeddable":true,"href":"https:\/\/www.customeeple.com\/es\/wp-json\/wp\/v2\/media\/55179"}],"wp:attachment":[{"href":"https:\/\/www.customeeple.com\/es\/wp-json\/wp\/v2\/media?parent=55177"}],"wp:term":[{"taxonomy":"product_brand","embeddable":true,"href":"https:\/\/www.customeeple.com\/es\/wp-json\/wp\/v2\/product_brand?post=55177"},{"taxonomy":"product_cat","embeddable":true,"href":"https:\/\/www.customeeple.com\/es\/wp-json\/wp\/v2\/product_cat?post=55177"},{"taxonomy":"product_tag","embeddable":true,"href":"https:\/\/www.customeeple.com\/es\/wp-json\/wp\/v2\/product_tag?post=55177"}],"curies":[{"name":"wp","href":"https:\/\/api.w.org\/{rel}","templated":true}]}}