{"id":55175,"date":"2020-11-18T19:37:48","date_gmt":"2020-11-18T18:37:48","guid":{"rendered":"https:\/\/www.customeeple.com\/?post_type=product&#038;p=55175"},"modified":"2020-11-18T19:41:41","modified_gmt":"2020-11-18T18:41:41","slug":"dune","status":"publish","type":"product","link":"https:\/\/www.customeeple.com\/es\/producto\/dune\/","title":{"rendered":"DUNE (ESP)"},"content":{"rendered":"<div class=\"p_collection\">\n<div id=\"primary_block\" class=\"clearfix\">\n<div class=\"add-top p_collection\">\n<div class=\"p_collection\">\n<div class=\"p_collection\">\n<p>La Especia debe fluir,\u00a0<em>Dune<\/em>, un juego de conquista, diplomacia y traici\u00f3n.<\/p>\n<p>Imagina que controlas las fuerzas de una noble familia, cofrad\u00eda u orden religiosa en un planeta lejano y des\u00e9rtico llamado Arrakis o Dune por los fremen, un planeta que es la \u00fanica fuente de la sustancia m\u00e1s valiosa del universo conocido; melange, la especia misteriosa y poderosa producto de unos gigantescos y peligrosos gusanos que habitan las arenas del planeta.<\/p>\n<p>Imagina que puedes reescribir el gui\u00f3n de uno de los libros de ciencia ficci\u00f3n de todos los tiempos.<\/p>\n<p>Bienvenidos a\u00a0<em>Dune<\/em>, bienvenidos al juego de mesa que recrea el increible mundo ideado por Frank Herbert&#8217;s.<\/p>\n<\/div>\n<\/div>\n<\/div>\n<\/div>\n<\/div>\n<div class=\"product_components double-top add-border\">\n<div>\n<p><strong>Duraci\u00f3n<\/strong>: 120+<\/p>\n<p><strong>Edad<\/strong>: +14 a\u00f1os<\/p>\n<p><strong>Jugadores<\/strong>: 2-6<\/p>\n<\/div>\n<div><\/div>\n<\/div>\n","protected":false},"excerpt":{"rendered":"<p>Boardgame.<\/p>\n","protected":false},"featured_media":55144,"template":"","meta":{"_acf_changed":false},"product_brand":[],"product_cat":[1653,1556,1180],"product_tag":[1264,1280],"class_list":{"0":"post-55175","1":"product","2":"type-product","3":"status-publish","4":"has-post-thumbnail","6":"product_cat-boardgames","7":"product_cat-board-games-es","8":"product_cat-retail-products-es","9":"product_tag-boardgame-es","10":"product_tag-juego-de-mesa-es","12":"first","13":"onbackorder","14":"taxable","15":"shipping-taxable","16":"purchasable","17":"product-type-simple"},"exclude_global_add_ons":[],"addons":[],"acf":[],"_links":{"self":[{"href":"https:\/\/www.customeeple.com\/es\/wp-json\/wp\/v2\/product\/55175","targetHints":{"allow":["GET"]}}],"collection":[{"href":"https:\/\/www.customeeple.com\/es\/wp-json\/wp\/v2\/product"}],"about":[{"href":"https:\/\/www.customeeple.com\/es\/wp-json\/wp\/v2\/types\/product"}],"wp:featuredmedia":[{"embeddable":true,"href":"https:\/\/www.customeeple.com\/es\/wp-json\/wp\/v2\/media\/55144"}],"wp:attachment":[{"href":"https:\/\/www.customeeple.com\/es\/wp-json\/wp\/v2\/media?parent=55175"}],"wp:term":[{"taxonomy":"product_brand","embeddable":true,"href":"https:\/\/www.customeeple.com\/es\/wp-json\/wp\/v2\/product_brand?post=55175"},{"taxonomy":"product_cat","embeddable":true,"href":"https:\/\/www.customeeple.com\/es\/wp-json\/wp\/v2\/product_cat?post=55175"},{"taxonomy":"product_tag","embeddable":true,"href":"https:\/\/www.customeeple.com\/es\/wp-json\/wp\/v2\/product_tag?post=55175"}],"curies":[{"name":"wp","href":"https:\/\/api.w.org\/{rel}","templated":true}]}}