{"id":55162,"date":"2020-11-18T18:52:51","date_gmt":"2020-11-18T17:52:51","guid":{"rendered":"https:\/\/www.customeeple.com\/?post_type=product&#038;p=55162"},"modified":"2020-11-18T18:55:11","modified_gmt":"2020-11-18T17:55:11","slug":"unlock-heroic-adventures","status":"publish","type":"product","link":"https:\/\/www.customeeple.com\/es\/producto\/unlock-heroic-adventures\/","title":{"rendered":"Unlock! Heroic Adventures (ESP)"},"content":{"rendered":"<div class=\"p_collection\">\n<div id=\"primary_block\" class=\"clearfix\">\n<div class=\"add-top p_collection\">\n<div class=\"p_collection\">\n<div class=\"p_collection\">\n<p>Un juego de cartas cooperativo inspirado en un Escape Room.<br \/>\nLos Escape Room son salas de las que tienes que escapar en menos de 60 minutos. Unlock! Te permite vivir esta experiencia en tu casa, alrededor de una mesa.<br \/>\n\u00a1Tres aventuras que te enganchar\u00e1n!<\/p>\n<ul>\n<li>Insert Coin: Hay que superar todos los niveles de esta aventura virtual. \u00a1Escapad o ser\u00e1 el fin de la partida!<\/li>\n<li>Sherlock Holmes &#8211; La roja Hebra Criminal: El mejor de los detectives tiene un caso muy peculiar ante \u00e9l. \u00bfPod\u00e9is ayudarle a llevar a buen t\u00e9rmino esta investigaci\u00f3n?<\/li>\n<li>Tras los pasos del Conejo Blanco: Descubrid la tierra de las maravillas y todos sus extra\u00f1os habitantes. \u00a1De prisa, a Alicia se le agota el tiempo!<\/li>\n<\/ul>\n<p>\u00a1Busca en los escenarios! \u00a1Combina objetos! \u00a1Resuelve puzles!<\/p>\n<\/div>\n<div class=\"product_components double-top add-border\">\n<div class=\"color_grey_medium capitalize bold\">CONTENIDO<\/div>\n<hr \/>\n<div>1 reglamento, 1 Tutorial (10 cartas), 3 aventuras (180 cartas), 1 cuaderno y 1 hoja de papel.<\/div>\n<\/div>\n<div class=\"product_components add-top\">\n<div class=\"color_grey_medium capitalize bold\">NOTAS<\/div>\n<hr \/>\n<div>UNLOCK! requiere una aplicaci\u00f3n gratuita para poder jugar. Una vez descargada, no se requiere conexi\u00f3n a internet.<\/div>\n<\/div>\n<\/div>\n<\/div>\n<\/div>\n<\/div>\n<div class=\"product_components double-top add-border\">\n<div>\n<p>&nbsp;<\/p>\n<p><strong>Duraci\u00f3n<\/strong>: 1 hora<\/p>\n<p><strong>Edad<\/strong>: +10 a\u00f1os<\/p>\n<p><strong>Idioma<\/strong>: Espa\u00f1ol<\/p>\n<\/div>\n<div><\/div>\n<\/div>\n","protected":false},"excerpt":{"rendered":"<p>Boardgame.<\/p>\n","protected":false},"featured_media":55136,"template":"","meta":{"_acf_changed":false},"product_brand":[],"product_cat":[2343,1561,1653,1180],"product_tag":[1264,1280,1749],"class_list":{"0":"post-55162","1":"product","2":"type-product","3":"status-publish","4":"has-post-thumbnail","6":"product_cat-asmodee-es","7":"product_cat-familiar-es","8":"product_cat-boardgames","9":"product_cat-retail-products-es","10":"product_tag-boardgame-es","11":"product_tag-juego-de-mesa-es","12":"product_tag-unlock-es","14":"first","15":"onbackorder","16":"sale","17":"taxable","18":"shipping-taxable","19":"purchasable","20":"product-type-simple"},"exclude_global_add_ons":[],"addons":[],"acf":[],"_links":{"self":[{"href":"https:\/\/www.customeeple.com\/es\/wp-json\/wp\/v2\/product\/55162","targetHints":{"allow":["GET"]}}],"collection":[{"href":"https:\/\/www.customeeple.com\/es\/wp-json\/wp\/v2\/product"}],"about":[{"href":"https:\/\/www.customeeple.com\/es\/wp-json\/wp\/v2\/types\/product"}],"wp:featuredmedia":[{"embeddable":true,"href":"https:\/\/www.customeeple.com\/es\/wp-json\/wp\/v2\/media\/55136"}],"wp:attachment":[{"href":"https:\/\/www.customeeple.com\/es\/wp-json\/wp\/v2\/media?parent=55162"}],"wp:term":[{"taxonomy":"product_brand","embeddable":true,"href":"https:\/\/www.customeeple.com\/es\/wp-json\/wp\/v2\/product_brand?post=55162"},{"taxonomy":"product_cat","embeddable":true,"href":"https:\/\/www.customeeple.com\/es\/wp-json\/wp\/v2\/product_cat?post=55162"},{"taxonomy":"product_tag","embeddable":true,"href":"https:\/\/www.customeeple.com\/es\/wp-json\/wp\/v2\/product_tag?post=55162"}],"curies":[{"name":"wp","href":"https:\/\/api.w.org\/{rel}","templated":true}]}}