{"id":55100,"date":"2020-11-14T15:20:45","date_gmt":"2020-11-14T14:20:45","guid":{"rendered":"https:\/\/www.customeeple.com\/?post_type=product&#038;p=55100"},"modified":"2020-11-14T15:23:04","modified_gmt":"2020-11-14T14:23:04","slug":"blood-bowl-ogre","status":"publish","type":"product","link":"https:\/\/www.customeeple.com\/es\/producto\/blood-bowl-ogre\/","title":{"rendered":"Blood Bowl &#8211; Ogre"},"content":{"rendered":"<p>Capaz de quebrar y romperlo todo para abrirse paso a trav\u00e9s de los oponentes m\u00e1s duros, los Ogres aportan a los equipos Human ese toque de inveros\u00edmil brutalidad que falta a veces en sus alineaciones. No es que sus compa\u00f1eros Human sean unos enclenques, nada de eso, sino que a veces hay que romper una muralla de linemen y un Ogre puede hacer el trabajo con mayor rapidez, y con resultados m\u00e1s desagradables. \u00a1Todo se reduce a una cuesti\u00f3n de eficacia!<\/p>\n<p>Este kit de pl\u00e1stico multicomponente contiene las piezas necesarias para montar un Blood Bowl Ogre. Incluye una peana redonda de Blood Bowl de 32 mm con un agujero para introducir el bal\u00f3n cuando tu miniatura tenga la posesi\u00f3n.<\/p>\n","protected":false},"excerpt":{"rendered":"<p>Games Workshop Blood Bowl Team.<\/p>\n","protected":false},"featured_media":55102,"template":"","meta":{"_acf_changed":false},"product_brand":[],"product_cat":[1258,1400,1177,1653,1555,1180,1554],"product_tag":[1250,1179],"class_list":{"0":"post-55100","1":"product","2":"type-product","3":"status-publish","4":"has-post-thumbnail","6":"product_cat-blood-bowl-es","7":"product_cat-fantasia","8":"product_cat-games-workshop-es","9":"product_cat-boardgames","10":"product_cat-miniature-games-es","11":"product_cat-retail-products-es","12":"product_cat-wargames-es","13":"product_tag-blood-bowl-es","14":"product_tag-gamesworkshop-es","16":"first","17":"onbackorder","18":"sale","19":"taxable","20":"shipping-taxable","21":"purchasable","22":"product-type-simple"},"exclude_global_add_ons":[],"addons":[],"acf":[],"_links":{"self":[{"href":"https:\/\/www.customeeple.com\/es\/wp-json\/wp\/v2\/product\/55100","targetHints":{"allow":["GET"]}}],"collection":[{"href":"https:\/\/www.customeeple.com\/es\/wp-json\/wp\/v2\/product"}],"about":[{"href":"https:\/\/www.customeeple.com\/es\/wp-json\/wp\/v2\/types\/product"}],"wp:featuredmedia":[{"embeddable":true,"href":"https:\/\/www.customeeple.com\/es\/wp-json\/wp\/v2\/media\/55102"}],"wp:attachment":[{"href":"https:\/\/www.customeeple.com\/es\/wp-json\/wp\/v2\/media?parent=55100"}],"wp:term":[{"taxonomy":"product_brand","embeddable":true,"href":"https:\/\/www.customeeple.com\/es\/wp-json\/wp\/v2\/product_brand?post=55100"},{"taxonomy":"product_cat","embeddable":true,"href":"https:\/\/www.customeeple.com\/es\/wp-json\/wp\/v2\/product_cat?post=55100"},{"taxonomy":"product_tag","embeddable":true,"href":"https:\/\/www.customeeple.com\/es\/wp-json\/wp\/v2\/product_tag?post=55100"}],"curies":[{"name":"wp","href":"https:\/\/api.w.org\/{rel}","templated":true}]}}