{"id":55098,"date":"2020-11-14T15:15:53","date_gmt":"2020-11-14T14:15:53","guid":{"rendered":"https:\/\/www.customeeple.com\/?post_type=product&#038;p=55098"},"modified":"2020-11-28T12:26:10","modified_gmt":"2020-11-28T11:26:10","slug":"blood-bowl-treeman","status":"publish","type":"product","link":"https:\/\/www.customeeple.com\/es\/producto\/blood-bowl-treeman\/","title":{"rendered":"Blood Bowl &#8211; Treeman"},"content":{"rendered":"<p>Los Treeman se han convertido en algo obligado en el Blood Bowl moderno, jugando para una buena variedad de equipos. Son los jugadores defensivos definitivos a la hora de sostener la l\u00ednea de defensa, a\u00f1adiendo su potencia f\u00edsica a los equipos m\u00e1s \u00abblanditos\u00bb como los Halflings y los Wood Elves.\u00a0<\/p>\n<p>Con este fant\u00e1stico kit podr\u00e1s montar uno de los dos tipos diferentes de Treeman. La versi\u00f3n Altern Forest combina muy bien con tus Halflings (e incluye a la popular ardilla Akhorne), mientras que el Loren Forest Treeman lleva una ornamentada m\u00e1scara que le otorga un aspecto perfecto para un equipo de Wood Elves. Su escasa velocidad se compensa con una gran fuerza y resistencia, ambas caracter\u00edsticas de lo m\u00e1s necesarias en esos equipos&#8230;<\/p>\n<p>Esta miniatura de pl\u00e1stico consta de 13 componentes, incluyendo una peana redonda de 40 mm. Los Treeman pueden jugar en los equipos de Wood Elves, Halflings y Old World Alliance. En el reglamento oficial de la Segunda Temporada encontrarar\u00e1s todas las reglas necesarias para usarlos en tus partidos de Blood Bowl.<\/p>\n","protected":false},"excerpt":{"rendered":"<p>Games Workshop Blood Bowl Team.<\/p>\n","protected":false},"featured_media":55066,"template":"","meta":{"_acf_changed":false},"product_brand":[],"product_cat":[1258,1400,1177,1653,1555,1180,1554],"product_tag":[1250,1179],"class_list":{"0":"post-55098","1":"product","2":"type-product","3":"status-publish","4":"has-post-thumbnail","6":"product_cat-blood-bowl-es","7":"product_cat-fantasia","8":"product_cat-games-workshop-es","9":"product_cat-boardgames","10":"product_cat-miniature-games-es","11":"product_cat-retail-products-es","12":"product_cat-wargames-es","13":"product_tag-blood-bowl-es","14":"product_tag-gamesworkshop-es","16":"first","17":"onbackorder","18":"sale","19":"taxable","20":"shipping-taxable","21":"purchasable","22":"product-type-simple"},"exclude_global_add_ons":[],"addons":[],"acf":[],"_links":{"self":[{"href":"https:\/\/www.customeeple.com\/es\/wp-json\/wp\/v2\/product\/55098","targetHints":{"allow":["GET"]}}],"collection":[{"href":"https:\/\/www.customeeple.com\/es\/wp-json\/wp\/v2\/product"}],"about":[{"href":"https:\/\/www.customeeple.com\/es\/wp-json\/wp\/v2\/types\/product"}],"wp:featuredmedia":[{"embeddable":true,"href":"https:\/\/www.customeeple.com\/es\/wp-json\/wp\/v2\/media\/55066"}],"wp:attachment":[{"href":"https:\/\/www.customeeple.com\/es\/wp-json\/wp\/v2\/media?parent=55098"}],"wp:term":[{"taxonomy":"product_brand","embeddable":true,"href":"https:\/\/www.customeeple.com\/es\/wp-json\/wp\/v2\/product_brand?post=55098"},{"taxonomy":"product_cat","embeddable":true,"href":"https:\/\/www.customeeple.com\/es\/wp-json\/wp\/v2\/product_cat?post=55098"},{"taxonomy":"product_tag","embeddable":true,"href":"https:\/\/www.customeeple.com\/es\/wp-json\/wp\/v2\/product_tag?post=55098"}],"curies":[{"name":"wp","href":"https:\/\/api.w.org\/{rel}","templated":true}]}}