{"id":55095,"date":"2020-11-14T14:55:54","date_gmt":"2020-11-14T13:55:54","guid":{"rendered":"https:\/\/www.customeeple.com\/?post_type=product&#038;p=55095"},"modified":"2024-07-14T00:00:07","modified_gmt":"2024-07-13T23:00:07","slug":"the-skavenblight-scramblers-skaven-blood-bowl-team","status":"publish","type":"product","link":"https:\/\/www.customeeple.com\/es\/producto\/the-skavenblight-scramblers-skaven-blood-bowl-team\/","title":{"rendered":"The Skavenblight Scramblers &#8211; Skaven Blood Bowl Team"},"content":{"rendered":"<p>El \u00fanico equipo que ha sido capaz de ganar el trofeo Blood Bowl dos a\u00f1os consecutivos (Blood Bowl XVII y XVIII). Los Skavenblight Scramblers son legendarios. Han tenido una racha de mala suerte desde entonces pero, desde el reciente nombramiento de su nuevo entrenador jefe Sandch Blackpelt, paracen haber recuperado su mejor forma. Al ser Skaven es normal que les apasione la violencia absoluta y descerebrada, y su reciente incremento de confianza y agresividad les ha llevado a ser elegidos Equipo del A\u00f1o 2493 por la revista Spike! Tal vez tengan otro trofeo de campeones justo al alcance de sus garras&#8230;<\/p>\n<p>Este kit de pl\u00e1stico multicomponente contiene las piezas necesarias para montar a los Skavenblight Scramblers, un equipo para usar en partidas de Blood Bowl. Recibir\u00e1s 2 Blitzers, 2 Throwers, 2 Gutter Runners y 6 Linemen, as\u00ed como una hoja de equipo. Se suministra con hoja de calcoman\u00edas, marcadores de turno, balones adicionales y 12 peanas redondas Citadel de 32mm con agujeros para poder colocar el bal\u00f3n.<\/p>\n","protected":false},"excerpt":{"rendered":"<p>Games Workshop Blood Bowl Team.<\/p>\n","protected":false},"featured_media":55087,"template":"","meta":{"_acf_changed":false},"product_brand":[],"product_cat":[1258,1400,1177,1653,1555,1180,1554],"product_tag":[1250,1179],"class_list":{"0":"post-55095","1":"product","2":"type-product","3":"status-publish","4":"has-post-thumbnail","6":"product_cat-blood-bowl-es","7":"product_cat-fantasia","8":"product_cat-games-workshop-es","9":"product_cat-boardgames","10":"product_cat-miniature-games-es","11":"product_cat-retail-products-es","12":"product_cat-wargames-es","13":"product_tag-blood-bowl-es","14":"product_tag-gamesworkshop-es","16":"first","17":"onbackorder","18":"sale","19":"taxable","20":"shipping-taxable","21":"purchasable","22":"product-type-simple"},"exclude_global_add_ons":[],"addons":[],"acf":[],"_links":{"self":[{"href":"https:\/\/www.customeeple.com\/es\/wp-json\/wp\/v2\/product\/55095","targetHints":{"allow":["GET"]}}],"collection":[{"href":"https:\/\/www.customeeple.com\/es\/wp-json\/wp\/v2\/product"}],"about":[{"href":"https:\/\/www.customeeple.com\/es\/wp-json\/wp\/v2\/types\/product"}],"wp:featuredmedia":[{"embeddable":true,"href":"https:\/\/www.customeeple.com\/es\/wp-json\/wp\/v2\/media\/55087"}],"wp:attachment":[{"href":"https:\/\/www.customeeple.com\/es\/wp-json\/wp\/v2\/media?parent=55095"}],"wp:term":[{"taxonomy":"product_brand","embeddable":true,"href":"https:\/\/www.customeeple.com\/es\/wp-json\/wp\/v2\/product_brand?post=55095"},{"taxonomy":"product_cat","embeddable":true,"href":"https:\/\/www.customeeple.com\/es\/wp-json\/wp\/v2\/product_cat?post=55095"},{"taxonomy":"product_tag","embeddable":true,"href":"https:\/\/www.customeeple.com\/es\/wp-json\/wp\/v2\/product_tag?post=55095"}],"curies":[{"name":"wp","href":"https:\/\/api.w.org\/{rel}","templated":true}]}}