{"id":55076,"date":"2020-11-14T14:24:53","date_gmt":"2020-11-14T13:24:53","guid":{"rendered":"https:\/\/www.customeeple.com\/?post_type=product&#038;p=55076"},"modified":"2020-11-28T12:26:23","modified_gmt":"2020-11-28T11:26:23","slug":"blood-bowl-the-official-rules","status":"publish","type":"product","link":"https:\/\/www.customeeple.com\/es\/producto\/blood-bowl-the-official-rules\/","title":{"rendered":"Blood Bowl \u2013 The Official Rules (ENG)"},"content":{"rendered":"<p>PRODUCTO EN INGL\u00c9S.<\/p>\n<p>\u00a1Hola de nuevo, fan\u00e1ticos del deporte! Blood Bowl, el legendario juego de f\u00fatbol fant\u00e1stico, regresa para una nueva temporada de caos deportivo ultra violento. Las jugadas son m\u00e1s grandes, los golpes m\u00e1s duros, y todos los partidos estar\u00e1n llenos de momentos que recordar.<\/p>\n<p>No habr\u00e1 dos partidos iguales. Desde el momento en que tu equipo pisa el gridiron, tus agallas, ingenio y capacidad para la violencia grave se est\u00e1n poniendo a prueba. La acci\u00f3n es r\u00e1pida y furiosa, pero si mantienes la cabeza en el partido, puede que superes a tu oponente y consigas anotar la mayor cantidad de puntos, o al menos te asegures de que no pueda volver a levantarse para detenerte. La fama, la riqueza y la gloria te esperan si ganas&#8230;<\/p>\n<p>Todo entrenador, ya sea un novato a\u00fan bastante verde o un viejo profesional, necesita una copia de esta actualizaci\u00f3n esencial.<\/p>\n<p>Este libro de 136 p\u00e1ginas incluye todo lo que un entrenador en ciernes necesita saber sobre Blood Bowl.<\/p>\n<p><strong>&#8211; La historia de Blood Bowl:<\/strong>\u00a0desde los antiguos or\u00edgenes del juego, rodeados de mitos y leyendas, hasta la evoluci\u00f3n del deporte moderno. La historia de Blood Bowl es tan salvaje como los fan\u00e1ticos que lo adoran.<\/p>\n<p><strong>&#8211; Reglas y normativas:\u00a0<\/strong>depuradas y actualizadas para la Edici\u00f3n Segunda Temporada. Se explora todo con detalle, desde los fundamentos, pasando por la contrataci\u00f3n de un equipo, hasta las acciones que pueden realizar tus jugadores y la secuencia posterior al partido.<\/p>\n<p><strong>&#8211; Ligas y partidos de exhibici\u00f3n:\u00a0<\/strong>Se puede jugar a Blood Bowl en partidos \u00fanicos, o en ligas de larga duraci\u00f3n con un mont\u00f3n de entrenadores compitiendo por el gran premio. Aprende todo sobre ambos.<\/p>\n<p><strong>&#8211; Equipos de Blood Bowl:<\/strong>\u00a0Reglas actualizadas que incluyen nuevas reglas especiales regionales y de equipo, un sistema de clasificaci\u00f3n por niveles y las listas de los 21 equipos actuales.<\/p>\n<p><strong>&#8211; Jugadores Estrella:\u00a0<\/strong>Cada Jugador Estrella tiene ahora su propia Regla especial. Descubre los perfiles actuales de 23 de ellos aqu\u00ed.<\/p>\n","protected":false},"excerpt":{"rendered":"<p>PRODUCTO EN INGL\u00c9S. \u00a1Hola de nuevo, fan\u00e1ticos del deporte! Blood Bowl, el legendario juego de f\u00fatbol fant\u00e1stico, regresa para una nueva temporada de caos deportivo ultra violento. Las jugadas son m\u00e1s grandes, los golpes m\u00e1s duros, y todos los partidos estar\u00e1n llenos de momentos que recordar. No habr\u00e1 dos partidos iguales. Desde el momento en [&hellip;]<\/p>\n","protected":false},"featured_media":55082,"template":"","meta":{"_acf_changed":false},"product_brand":[],"product_cat":[1258,1400,1177,1653,1180],"product_tag":[1261,1179],"class_list":{"0":"post-55076","1":"product","2":"type-product","3":"status-publish","4":"has-post-thumbnail","6":"product_cat-blood-bowl-es","7":"product_cat-fantasia","8":"product_cat-games-workshop-es","9":"product_cat-boardgames","10":"product_cat-retail-products-es","11":"product_tag-book-es","12":"product_tag-gamesworkshop-es","14":"first","15":"onbackorder","16":"sale","17":"taxable","18":"shipping-taxable","19":"purchasable","20":"product-type-simple"},"exclude_global_add_ons":[],"addons":[],"acf":[],"_links":{"self":[{"href":"https:\/\/www.customeeple.com\/es\/wp-json\/wp\/v2\/product\/55076","targetHints":{"allow":["GET"]}}],"collection":[{"href":"https:\/\/www.customeeple.com\/es\/wp-json\/wp\/v2\/product"}],"about":[{"href":"https:\/\/www.customeeple.com\/es\/wp-json\/wp\/v2\/types\/product"}],"wp:featuredmedia":[{"embeddable":true,"href":"https:\/\/www.customeeple.com\/es\/wp-json\/wp\/v2\/media\/55082"}],"wp:attachment":[{"href":"https:\/\/www.customeeple.com\/es\/wp-json\/wp\/v2\/media?parent=55076"}],"wp:term":[{"taxonomy":"product_brand","embeddable":true,"href":"https:\/\/www.customeeple.com\/es\/wp-json\/wp\/v2\/product_brand?post=55076"},{"taxonomy":"product_cat","embeddable":true,"href":"https:\/\/www.customeeple.com\/es\/wp-json\/wp\/v2\/product_cat?post=55076"},{"taxonomy":"product_tag","embeddable":true,"href":"https:\/\/www.customeeple.com\/es\/wp-json\/wp\/v2\/product_tag?post=55076"}],"curies":[{"name":"wp","href":"https:\/\/api.w.org\/{rel}","templated":true}]}}