{"id":55037,"date":"2020-11-12T19:24:34","date_gmt":"2020-11-12T18:24:35","guid":{"rendered":"https:\/\/www.customeeple.com\/?post_type=product&#038;p=55037"},"modified":"2026-03-08T12:00:44","modified_gmt":"2026-03-08T11:00:44","slug":"brass-birmingham","status":"publish","type":"product","link":"https:\/\/www.customeeple.com\/es\/producto\/brass-birmingham\/","title":{"rendered":"Brass Birmingham (ESP)"},"content":{"rendered":"<div class=\"product attribute overview\">\n<div class=\"value\">\n<section id=\"wrapper\">\n<div class=\"container\">\n<div id=\"content-wrapper\">\n<section id=\"main\">\n<div class=\"row pad10\">\n<div class=\"tabs\">\n<div id=\"tab-content\" class=\"tab-content\">\n<div id=\"description\" class=\"tab-pane fade in active\" role=\"tabpanel\">\n<div class=\"product-description\">\n<p>Brass: Birmingham recrea la historia de los emprendedores que compitieron en Birmingham y sus alrededores durante la Revoluci\u00f3n Industrial de Inglaterra, entre los a\u00f1os 1770 y 1870. En esta reimplementaci\u00f3n de la obra maestra original, Brass: Lancashire, expandir\u00e1s tu imperio construyendo canales y l\u00edneas de ferrocarril, y construir\u00e1s y desarrollar\u00e1s varios tipos de industrias, como f\u00e1bricas algodoneras, minas de carb\u00f3n, talleres, cervecer\u00edas, fundiciones de hierro y alfarer\u00edas.<\/p>\n<p>A lo largo de dos eras, la Era de los Canales y la del Ferrocarril, los jugadores construir\u00e1n industrias por todo el mapa; conectar\u00e1n las localizaciones mediante canales y v\u00edas ferroviarias; fabricar\u00e1n carb\u00f3n, acero y cerveza; desarrollar\u00e1n sus industrias para tener acceso a otras de nivel superior; vender\u00e1n algod\u00f3n, productos manufacturados y cer\u00e1micas a los comerciantes; y aumentar\u00e1n sus ingresos con la esperanza de convertirse en poderosos magnates de la industria y as\u00ed lograr alzarse econ\u00f3micamente sobre sus oponentes. El jugador que m\u00e1s puntos de victoria haya conseguido obtener al final de la segunda era ser\u00e1 el vencedor.<\/p>\n<p><b>N\u00ba de jugadores:\u00a0<\/b>2-4<br \/>\n<b>Duraci\u00f3n: 6o-120 minutos<\/b><br \/>\n<b>Edad m\u00ednima: 14<\/b>+<\/p>\n<\/div>\n<\/div>\n<\/div>\n<\/div>\n<\/div>\n<\/section>\n<\/div>\n<\/div>\n<\/section>\n<\/div>\n<\/div>\n","protected":false},"excerpt":{"rendered":"<p>Boardgame.<\/p>\n","protected":false},"featured_media":55039,"template":"","meta":{"_acf_changed":false},"product_brand":[],"product_cat":[1653,1556,1180],"product_tag":[1264,1280,1282],"class_list":{"0":"post-55037","1":"product","2":"type-product","3":"status-publish","4":"has-post-thumbnail","6":"product_cat-boardgames","7":"product_cat-board-games-es","8":"product_cat-retail-products-es","9":"product_tag-boardgame-es","10":"product_tag-juego-de-mesa-es","11":"product_tag-malditogames-es","13":"first","14":"onbackorder","15":"sale","16":"taxable","17":"shipping-taxable","18":"purchasable","19":"product-type-simple"},"exclude_global_add_ons":[],"addons":[],"acf":[],"_links":{"self":[{"href":"https:\/\/www.customeeple.com\/es\/wp-json\/wp\/v2\/product\/55037","targetHints":{"allow":["GET"]}}],"collection":[{"href":"https:\/\/www.customeeple.com\/es\/wp-json\/wp\/v2\/product"}],"about":[{"href":"https:\/\/www.customeeple.com\/es\/wp-json\/wp\/v2\/types\/product"}],"wp:featuredmedia":[{"embeddable":true,"href":"https:\/\/www.customeeple.com\/es\/wp-json\/wp\/v2\/media\/55039"}],"wp:attachment":[{"href":"https:\/\/www.customeeple.com\/es\/wp-json\/wp\/v2\/media?parent=55037"}],"wp:term":[{"taxonomy":"product_brand","embeddable":true,"href":"https:\/\/www.customeeple.com\/es\/wp-json\/wp\/v2\/product_brand?post=55037"},{"taxonomy":"product_cat","embeddable":true,"href":"https:\/\/www.customeeple.com\/es\/wp-json\/wp\/v2\/product_cat?post=55037"},{"taxonomy":"product_tag","embeddable":true,"href":"https:\/\/www.customeeple.com\/es\/wp-json\/wp\/v2\/product_tag?post=55037"}],"curies":[{"name":"wp","href":"https:\/\/api.w.org\/{rel}","templated":true}]}}