{"id":55033,"date":"2020-11-12T18:52:58","date_gmt":"2020-11-12T17:52:58","guid":{"rendered":"https:\/\/www.customeeple.com\/?post_type=product&#038;p=55033"},"modified":"2020-11-12T19:05:58","modified_gmt":"2020-11-12T18:05:58","slug":"alhambra","status":"publish","type":"product","link":"https:\/\/www.customeeple.com\/es\/producto\/alhambra\/","title":{"rendered":"Alhambra (ESP)"},"content":{"rendered":"<div class=\"product attribute overview\">\n<div class=\"value\">\n<section id=\"wrapper\">\n<div class=\"container\">\n<div id=\"content-wrapper\">\n<section id=\"main\">\n<div class=\"row pad10\">\n<div class=\"tabs\">\n<div id=\"tab-content\" class=\"tab-content\">\n<div id=\"description\" class=\"tab-pane fade in active\" role=\"tabpanel\">\n<div class=\"product-description\">\n<p>Construye tu Alhambra con el emblem\u00e1tico juego de mesa de colocaci\u00f3n de losetas que ha sido la puerta de entrada de miles de personas a los juegos estrat\u00e9gicos. Esta nueva edici\u00f3n luce un flamante nuevo arte actualizado y una torre dispensadora de losetas. \u00a1La edici\u00f3n definitiva para un cl\u00e1sico ineludible en tu ludoteca!<\/p>\n<p><b>N\u00ba de jugadores:\u00a0<\/b>2-6<br \/>\n<b>Duraci\u00f3n:\u00a0<\/b>45<br \/>\n<b>Edad m\u00ednima:\u00a0<\/b>8+<\/p>\n<\/div>\n<\/div>\n<\/div>\n<\/div>\n<\/div>\n<\/section>\n<\/div>\n<\/div>\n<\/section>\n<\/div>\n<\/div>\n","protected":false},"excerpt":{"rendered":"<p>Boardgame.<\/p>\n","protected":false},"featured_media":55021,"template":"","meta":{"_acf_changed":false},"product_brand":[],"product_cat":[1561,1653,1180],"product_tag":[1264,1284,1280,1747],"class_list":{"0":"post-55033","1":"product","2":"type-product","3":"status-publish","4":"has-post-thumbnail","6":"product_cat-familiar-es","7":"product_cat-boardgames","8":"product_cat-retail-products-es","9":"product_tag-boardgame-es","10":"product_tag-devir-es","11":"product_tag-juego-de-mesa-es","12":"product_tag-juego-del-ano-es","14":"first","15":"onbackorder","16":"sale","17":"taxable","18":"shipping-taxable","19":"purchasable","20":"product-type-simple"},"exclude_global_add_ons":[],"addons":[],"acf":[],"_links":{"self":[{"href":"https:\/\/www.customeeple.com\/es\/wp-json\/wp\/v2\/product\/55033","targetHints":{"allow":["GET"]}}],"collection":[{"href":"https:\/\/www.customeeple.com\/es\/wp-json\/wp\/v2\/product"}],"about":[{"href":"https:\/\/www.customeeple.com\/es\/wp-json\/wp\/v2\/types\/product"}],"wp:featuredmedia":[{"embeddable":true,"href":"https:\/\/www.customeeple.com\/es\/wp-json\/wp\/v2\/media\/55021"}],"wp:attachment":[{"href":"https:\/\/www.customeeple.com\/es\/wp-json\/wp\/v2\/media?parent=55033"}],"wp:term":[{"taxonomy":"product_brand","embeddable":true,"href":"https:\/\/www.customeeple.com\/es\/wp-json\/wp\/v2\/product_brand?post=55033"},{"taxonomy":"product_cat","embeddable":true,"href":"https:\/\/www.customeeple.com\/es\/wp-json\/wp\/v2\/product_cat?post=55033"},{"taxonomy":"product_tag","embeddable":true,"href":"https:\/\/www.customeeple.com\/es\/wp-json\/wp\/v2\/product_tag?post=55033"}],"curies":[{"name":"wp","href":"https:\/\/api.w.org\/{rel}","templated":true}]}}