{"id":55031,"date":"2020-11-12T18:25:47","date_gmt":"2020-11-12T17:25:47","guid":{"rendered":"https:\/\/www.customeeple.com\/?post_type=product&#038;p=55031"},"modified":"2020-11-12T18:45:50","modified_gmt":"2020-11-12T17:45:50","slug":"trapwords","status":"publish","type":"product","link":"https:\/\/www.customeeple.com\/es\/producto\/trapwords\/","title":{"rendered":"Trapwords (ESP)"},"content":{"rendered":"<div class=\"product attribute overview\">\n<div class=\"value\">\n<section id=\"wrapper\">\n<div class=\"container\">\n<div id=\"content-wrapper\">\n<section id=\"main\">\n<div class=\"row pad10\">\n<div class=\"tabs\">\n<div id=\"tab-content\" class=\"tab-content\">\n<div id=\"description\" class=\"tab-pane fade in active\" role=\"tabpanel\">\n<div class=\"product-description\">\n<p>Trapwords es un juego de cartas f\u00e1cil y r\u00e1pido de explicar, para los amantes de las palabras y las aventuras. Con dos versiones, una con tem\u00e1tica de fantast\u00eda heroica y otra para todos los p\u00fablicos, es ideal para grupos grandes y con mucha interacci\u00f3n entre jugadores.<\/p>\n<p><b>N\u00ba de jugadores:\u00a0<\/b>4-8<br \/>\n<b>Duraci\u00f3n:\u00a0<\/b>30-60<br \/>\n<b>Edad m\u00ednima:\u00a0<\/b>8+<\/p>\n<\/div>\n<\/div>\n<\/div>\n<\/div>\n<\/div>\n<\/section>\n<\/div>\n<\/div>\n<\/section>\n<\/div>\n<\/div>\n","protected":false},"excerpt":{"rendered":"<p>Boardgame.<\/p>\n","protected":false},"featured_media":55023,"template":"","meta":{"_acf_changed":false},"product_brand":[],"product_cat":[1561,1653,1180],"product_tag":[1264,1284,1280],"class_list":{"0":"post-55031","1":"product","2":"type-product","3":"status-publish","4":"has-post-thumbnail","6":"product_cat-familiar-es","7":"product_cat-boardgames","8":"product_cat-retail-products-es","9":"product_tag-boardgame-es","10":"product_tag-devir-es","11":"product_tag-juego-de-mesa-es","13":"first","14":"onbackorder","15":"sale","16":"taxable","17":"shipping-taxable","18":"purchasable","19":"product-type-simple"},"exclude_global_add_ons":[],"addons":[],"acf":[],"_links":{"self":[{"href":"https:\/\/www.customeeple.com\/es\/wp-json\/wp\/v2\/product\/55031","targetHints":{"allow":["GET"]}}],"collection":[{"href":"https:\/\/www.customeeple.com\/es\/wp-json\/wp\/v2\/product"}],"about":[{"href":"https:\/\/www.customeeple.com\/es\/wp-json\/wp\/v2\/types\/product"}],"wp:featuredmedia":[{"embeddable":true,"href":"https:\/\/www.customeeple.com\/es\/wp-json\/wp\/v2\/media\/55023"}],"wp:attachment":[{"href":"https:\/\/www.customeeple.com\/es\/wp-json\/wp\/v2\/media?parent=55031"}],"wp:term":[{"taxonomy":"product_brand","embeddable":true,"href":"https:\/\/www.customeeple.com\/es\/wp-json\/wp\/v2\/product_brand?post=55031"},{"taxonomy":"product_cat","embeddable":true,"href":"https:\/\/www.customeeple.com\/es\/wp-json\/wp\/v2\/product_cat?post=55031"},{"taxonomy":"product_tag","embeddable":true,"href":"https:\/\/www.customeeple.com\/es\/wp-json\/wp\/v2\/product_tag?post=55031"}],"curies":[{"name":"wp","href":"https:\/\/api.w.org\/{rel}","templated":true}]}}